{"id":557460,"date":"2025-02-05T16:59:27","date_gmt":"2025-02-05T15:59:27","guid":{"rendered":"https:\/\/madelinefashion.pl\/?post_type=product&#038;p=557460"},"modified":"2026-04-20T18:53:02","modified_gmt":"2026-04-20T16:53:02","slug":"suknia-maxi-slubna-piano","status":"publish","type":"product","link":"https:\/\/madelinefashion.pl\/en\/product\/suknia-maxi-slubna-piano\/","title":{"rendered":"Piano Maxi Wedding Dress"},"content":{"rendered":"<h3 style=\"text-align: center;\">Piano Maxi Wedding Dress<\/h3>\n<p style=\"text-align: center;\"><strong>Wedding dress with a train<\/strong> This is a proposal for the bride who dreams of a unique style combining romance, lightness, and timeless elegance. This style delights with its subtle, feminine form and carefully crafted details, which give the entire look a luxurious character. The top of the dress is made of delicate lace and sheer mesh, beautifully accentuating the silhouette, highlighting the cleavage, and adding sensuality to the look. Thin straps lend the dress a lightness, while refined embellishments make the model look incredibly elegant and striking. The bottom of the dress is made of soft, airy tulle, which subtly drapes with movement and gives the entire look a romantic look. Decorative lace appliqu\u00e9s placed on the skirt beautifully complement the whole, creating a harmonious and very feminine effect. An additional advantage is <strong data-start=\"951\" data-end=\"959\">train<\/strong>, which emphasizes the wedding character of the outfit and makes the dress look phenomenal both during the ceremony and in photos. It&#039;s the perfect <strong data-start=\"1107\" data-end=\"1143\">lace wedding dress with a train<\/strong> for women who want to look elegant, delicate and unique on this most important day.<\/p>\n<p style=\"text-align: center;\"><strong>Tulle wedding dress<\/strong> It&#039;s perfect for a church wedding, civil wedding, glamorous, romantic, classic, and modern wedding. This design combines subtlety and elegance, making it a perfect fit for women seeking a unique yet light and graceful outfit. If you dream of a style that captivates with detail, accentuates the waist, and adds a touch of lightness to the silhouette, this one is for you. <strong data-start=\"1667\" data-end=\"1704\">elegant wedding dress with lace<\/strong> will be an excellent choice.<\/p>\n<p style=\"text-align: center;\">This model is recommended for brides looking for a dress that stands out not only for its beautiful appearance, but also for its comfort. <strong data-start=\"1986\" data-end=\"2029\">Wedding Dress<\/strong> which attracts attention with its class, romantic finish and timeless style. <strong>Madelinefashion\u00a0<\/strong> is an excellent choice for a wedding, prom, New Year&#039;s Eve and other elegant special events. If you can&#039;t decide which one <strong>size<\/strong> is the best for you, <strong>contact us<\/strong> through <a href=\"https:\/\/www.facebook.com\/madelinefashionbutik\" target=\"_blank\" rel=\"noopener\">Facebook<\/a> or <a href=\"https:\/\/madelinefashion.pl\/en\/kontakt\/\">phone<\/a>. If the size is not available on the website, please contact us.<\/p>\n<p>&nbsp;<\/p>\n<h3 style=\"text-align: center;\">DRESS DIMENSIONS:<\/h3>\n<p><img fetchpriority=\"high\" decoding=\"async\" class=\"size-medium wp-image-16801 aligncenter\" src=\"https:\/\/madelinefashion.pl\/wp-content\/uploads\/2021\/08\/wymiary-suknia-300x194.png\" alt=\"\" width=\"300\" height=\"194\" title=\"\"><\/p>\n<table width=\"556\">\n<tbody>\n<tr>\n<td><strong>SIZE<\/strong><\/td>\n<td><strong>Bust<\/strong><\/td>\n<td><strong>Waist<\/strong><\/td>\n<td><strong>Hips<\/strong><\/td>\n<\/tr>\n<tr>\n<td><strong>34<\/strong><\/td>\n<td>84-86<\/td>\n<td>64<\/td>\n<td>\u00a0any<\/td>\n<\/tr>\n<tr>\n<td><strong>36<\/strong><\/td>\n<td>88-90<\/td>\n<td>68<\/td>\n<td>\u00a0any<\/td>\n<\/tr>\n<tr>\n<td><strong>38<\/strong><\/td>\n<td>\u00a092-94<\/td>\n<td>72<\/td>\n<td>\u00a0any<\/td>\n<\/tr>\n<tr>\n<td><strong>40<\/strong><\/td>\n<td>96-98<\/td>\n<td>76<\/td>\n<td>\u00a0any<\/td>\n<\/tr>\n<\/tbody>\n<\/table>\n<p style=\"text-align: center;\"><span style=\"font-size: 10pt;\"><span style=\"font-size: 10pt;\">The dress is also available in <\/span><strong style=\"font-size: 10pt;\">other color variants<\/strong><span style=\"font-size: 10pt;\"> - we encourage you to familiarize yourself with our other products.\u00a0<\/span>total length approx. 157 cm\u00a0\u00a0<\/span><\/p>\n<p style=\"text-align: center;\"><span style=\"font-size: 10pt;\">Dimensions may slightly differ from the given +\/- 2cm.\u00a0<\/span><\/p>\n<p style=\"text-align: center;\"><span style=\"font-size: 10pt;\"><strong>\u00a0<\/strong>\u00a0<\/span><\/p>\n<table width=\"618\">\n<tbody>\n<tr>\n<td width=\"302\">Model name<\/td>\n<td width=\"302\">Piano Maxi Wedding Dress<\/td>\n<\/tr>\n<tr>\n<td width=\"302\">Color<\/td>\n<td width=\"302\">White<\/td>\n<\/tr>\n<tr>\n<td width=\"302\">Mark<\/td>\n<td width=\"302\">Madelinefashion<\/td>\n<\/tr>\n<tr>\n<td width=\"302\">Sizes<\/td>\n<td width=\"302\">34 36 38<\/td>\n<\/tr>\n<tr>\n<td width=\"302\">Fashion<\/td>\n<td width=\"302\">Matched<\/td>\n<\/tr>\n<tr>\n<td width=\"302\">Material<\/td>\n<td width=\"302\">Viscose, Polyester<\/td>\n<\/tr>\n<tr>\n<td width=\"302\">Length<\/td>\n<td width=\"302\">To the ground<\/td>\n<\/tr>\n<\/tbody>\n<\/table>\n<p style=\"text-align: center;\" align=\"center\">Welcome to our<strong> wedding dress salon<\/strong>, which is located at ul. <strong>Moniuszki 2 in the heart of Konstantyn\u00f3w \u0141\u00f3dzki<\/strong>. In our professional salon, you&#039;ll find a wide selection of wedding dresses that will fulfill your deepest dreams of a perfect day. A team of experienced consultants will help you choose the perfect gown, tailored to your expectations and figure. We cordially invite you to visit us and see how special your day can be!<\/p>\n<p style=\"text-align: center;\">Each dress can be adjusted to suit your height and heel height, if necessary. If it&#039;s too long, you can have it shortened or have a seamstress make minor alterations. This way, you can easily tailor your chosen dress to your measurements and feel perfectly at ease in it.<\/p>\n<p style=\"text-align: center;\" align=\"center\">In order to match\u00a0<strong>perfect dresses<\/strong>\u00a0we invite you to contact us by phone or contact us <a href=\"https:\/\/www.facebook.com\/madelinefashionbutik\" target=\"_blank\" rel=\"noopener\">facebook<\/a> .<br \/>\nOur team will help\u00a0<strong>Choose the right one<\/strong>\u00a0.\u00a0<strong>We can measure each dress precisely at the buyer&#039;s request.\u00a0<\/strong><\/p>\n<div class=\"additional-details\" style=\"text-align: center;\">\n<p style=\"text-align: center;\"><span style=\"font-size: 10pt;\">\u00a0<\/span><\/p>\n<\/div>","protected":false},"excerpt":{"rendered":"<p>Suknia Maxi \u015alubna Piano Suknia \u015blubna z trenem to propozycja dla Panny M\u0142odej, kt\u00f3ra marzy o wyj\u0105tkowej stylizacji \u0142\u0105cz\u0105cej romantyzm, lekko\u015b\u0107 i ponadczasow\u0105 elegancj\u0119. Ten model zachwyca subteln\u0105, kobiec\u0105 form\u0105 oraz starannie dopracowanymi detalami, kt\u00f3re nadaj\u0105 ca\u0142o\u015bci luksusowego charakteru. G\u00f3ra sukni zosta\u0142a wykonana z delikatnej koronki i transparentnej siateczki, dzi\u0119ki czemu pi\u0119knie podkre\u015bla sylwetk\u0119, eksponuje<\/p>\n<div class=\"klb-readmore post-buttons\"><a class=\"button black outline size-sm\" href=\"https:\/\/madelinefashion.pl\/en\/product\/suknia-maxi-slubna-piano\/\">Read More <i class=\"klbth-icon-right-arrow\"><\/i><\/a><\/div>","protected":false},"featured_media":599268,"template":"","meta":[],"product_brand":[],"product_cat":[124,395,563,561,566,631],"product_tag":[257,219,163],"class_list":{"0":"post-557460","1":"product","2":"type-product","3":"status-publish","4":"has-post-thumbnail","6":"product_cat-sukienki-okolicznosciowe","7":"product_cat-nowosci","8":"product_cat-sukienki-gorsetowe","9":"product_cat-sukienki-tiulowe","10":"product_cat-suknie-slubne","11":"product_cat-suknie-slubne-tiulowe","12":"product_tag-madelinefashion","13":"product_tag-sukienka-biala","14":"product_tag-sukienki-dlugie","16":"first","17":"instock","18":"purchasable","19":"product-type-variable"},"_links":{"self":[{"href":"https:\/\/madelinefashion.pl\/en\/wp-json\/wp\/v2\/product\/557460","targetHints":{"allow":["GET"]}}],"collection":[{"href":"https:\/\/madelinefashion.pl\/en\/wp-json\/wp\/v2\/product"}],"about":[{"href":"https:\/\/madelinefashion.pl\/en\/wp-json\/wp\/v2\/types\/product"}],"wp:featuredmedia":[{"embeddable":true,"href":"https:\/\/madelinefashion.pl\/en\/wp-json\/wp\/v2\/media\/599268"}],"wp:attachment":[{"href":"https:\/\/madelinefashion.pl\/en\/wp-json\/wp\/v2\/media?parent=557460"}],"wp:term":[{"taxonomy":"product_brand","embeddable":true,"href":"https:\/\/madelinefashion.pl\/en\/wp-json\/wp\/v2\/product_brand?post=557460"},{"taxonomy":"product_cat","embeddable":true,"href":"https:\/\/madelinefashion.pl\/en\/wp-json\/wp\/v2\/product_cat?post=557460"},{"taxonomy":"product_tag","embeddable":true,"href":"https:\/\/madelinefashion.pl\/en\/wp-json\/wp\/v2\/product_tag?post=557460"}],"curies":[{"name":"wp","href":"https:\/\/api.w.org\/{rel}","templated":true}]}}