{"id":558123,"date":"2025-02-12T14:52:36","date_gmt":"2025-02-12T13:52:36","guid":{"rendered":"https:\/\/madelinefashion.pl\/?post_type=product&#038;p=558123"},"modified":"2026-04-24T13:27:17","modified_gmt":"2026-04-24T11:27:17","slug":"marynarka-fuksja-krotka-amanda","status":"publish","type":"product","link":"https:\/\/madelinefashion.pl\/en\/product\/marynarka-fuksja-krotka-amanda\/","title":{"rendered":"Fuchsia Short Jacket Amanda"},"content":{"rendered":"<h3 style=\"text-align: center;\">Fuchsia Short Jacket Amanda<\/h3>\n<p style=\"text-align: center;\"><strong>Fuchsia jacket <\/strong>is a classic model recommended as a complement to the styling. Thicker material, very elegant. With lining. The jacket has sewn-in shoulder pads. <strong>A classic jacket is a garment that each of us should have in our wardrobe. <\/strong>Perfect for elegant styling and will be perfect for a regular T-shirt and jeans. High-quality material. <strong>Classic jacket<\/strong>\u00a0in a face and fashionable shade <strong>fuchsia color <\/strong>must find a place in your wardrobe - especially if you are looking to diversify minimalist sets.<br \/>\n<strong>Original cut<\/strong> jackets will work in both elegant and sporty styling. <strong>High quality material<\/strong>The material from which the jacket is made guarantees the durability of the product and makes it suitable for many seasons. Connect it with <strong>elegant trousers<\/strong> cigarillos or a pencil skirt. You can choose for her <strong>trousers in the same shade, creating a stylish suit<\/strong>. The jacket has decorative dummy pockets. An extremely stylish proposition for everyday use as well as for more elegant stylizations. The perfect model for many occasions and <strong>for work<\/strong>.\u00a0 <strong>Jacket<\/strong> with a looser cut with a slightly crinkled sleeve at the end, available in several colors. A timeless model, it will serve you for many years and you will use it in various ways and occasions.<\/p>\n<p style=\"text-align: center;\"><strong>38 \/ M<\/strong><\/p>\n<p style=\"text-align: center;\">Total length \u2013 52<br \/>\nWidth from armpit to armpit - 45 cm x2<br \/>\nSleeve length from the shoulder - 45 cm<br \/>\nSleeve length from the armpit - 28 cm<\/p>\n<p style=\"text-align: center;\"><strong>40 \/ L<\/strong><\/p>\n<p style=\"text-align: center;\">Total length \u2013 54 cm<br \/>\nWidth from armpit to armpit - 48 cm x2<br \/>\nSleeve length from the shoulder - 45 cm<br \/>\nSleeve length from the armpit - 28 cm<\/p>\n<p style=\"text-align: center;\"><strong>42 \/ XL<\/strong><\/p>\n<p style=\"text-align: center;\">Total length \u2013 56 cm<br \/>\nWidth from armpit to armpit - 50 cm x2<br \/>\nSleeve length from shoulder - 46 cm<br \/>\nSleeve length from the armpit - 28 cm<\/p>\n<p style=\"text-align: center;\"><strong>44 \/ XXL<\/strong><\/p>\n<p style=\"text-align: center;\">Total length \u2013 58 cm<br \/>\nWidth from armpit to armpit - 53 cm x2<br \/>\nSleeve length from shoulder - 46 cm<br \/>\nSleeve length from the armpit - 28 cm<\/p>\n<p style=\"text-align: center;\"><strong>46 \/ XXXL<\/strong><\/p>\n<p style=\"text-align: center;\">Total length \u2013 60 cm<br \/>\nWidth from armpit to armpit - 56 cm x2<br \/>\nSleeve length from shoulder - 47 cm<br \/>\nSleeve length from the armpit - 30 cm<\/p>\n<p style=\"text-align: center;\"><strong>48 \/ XXXXL<\/strong><\/p>\n<p style=\"text-align: center;\">Total length \u2013 62cm<br \/>\nThe width from armpit to armpit - 60 cm x2<br \/>\nSleeve length from shoulder - 47 cm<br \/>\nSleeve length from the armpit - 30 cm<\/p>\n<p style=\"text-align: center;\"><strong>50\/XXXXXL<\/strong><\/p>\n<p style=\"text-align: center;\">Total length - 64 cm<br \/>\nWidth from armpit to armpit - 64 cm x2<br \/>\nSleeve length from shoulder - 47 cm<br \/>\nSleeve length from the armpit - 30 cm<\/p>\n<p style=\"text-align: center;\">Dimensions may vary from the given +\/- 2cm. All dimensions given are measured flat. Dimension <strong>x2<\/strong><\/p>\n<p>&nbsp;<\/p>\n<h3 style=\"text-align: center;\">Characteristics:<strong><br \/>\n<\/strong><\/h3>\n<ul>\n<li style=\"text-align: center;\">with a longer cut<\/li>\n<li style=\"text-align: center;\">without fastener<\/li>\n<li style=\"text-align: center;\">long sleeve<\/li>\n<li style=\"text-align: center;\">with lining<\/li>\n<li style=\"text-align: center;\">Polish product<\/li>\n<\/ul>\n<p style=\"text-align: center;\"><strong>\u00a0<\/strong><\/p>\n<table>\n<tbody>\n<tr>\n<td width=\"302\">Model name<\/td>\n<td width=\"302\">Madeline Fashion Jacket<\/td>\n<\/tr>\n<tr>\n<td width=\"302\">Color<\/td>\n<td width=\"302\">Fuchsia<\/td>\n<\/tr>\n<tr>\n<td width=\"302\">Sizes<\/td>\n<td width=\"302\">36 38 40 42 44 46 48 50<\/td>\n<\/tr>\n<tr>\n<td width=\"302\">Fashion<\/td>\n<td width=\"302\">Elegant<\/td>\n<\/tr>\n<tr>\n<td width=\"302\">Material<\/td>\n<td width=\"302\">95% Viscose 5 % Elastane<\/td>\n<\/tr>\n<\/tbody>\n<\/table>\n<p style=\"text-align: center;\">","protected":false},"excerpt":{"rendered":"<p>Marynarka Fuksja Kr\u00f3tka Amanda Marynarka fuksjowa to klasyczny model\u00a0 polecany jako dope\u0142nienie stylizacji. Materia\u0142 grubszy, bardzo elegancki. Z podszewk\u0105. Marynarka posiada wszyte poduszki na ramionach. Klasyczna marynarka to element garderoby, kt\u00f3ra powinna mie\u0107 ka\u017cda z Nas w swojej szafie. Idealna do eleganckich stylizacji oraz \u015bwietnie si\u0119 sprawdzi do zwyk\u0142ego T-shirtu i jeans\u00f3w. Wysoka jako\u015b\u0107 materia\u0142u.<\/p>\n<div class=\"klb-readmore post-buttons\"><a class=\"button black outline size-sm\" href=\"https:\/\/madelinefashion.pl\/en\/product\/marynarka-fuksja-krotka-amanda\/\">Read More <i class=\"klbth-icon-right-arrow\"><\/i><\/a><\/div>","protected":false},"featured_media":595496,"template":"","meta":[],"product_brand":[],"product_cat":[95,395],"product_tag":[],"class_list":{"0":"post-558123","1":"product","2":"type-product","3":"status-publish","4":"has-post-thumbnail","6":"product_cat-marynarki-i-zakiety","7":"product_cat-nowosci","8":"pa_rozmiar-xl-42","9":"pa_rozmiar-xxl-44","10":"pa_rozmiar-xxxl-46","11":"pa_rozmiar-xxxxl-48","12":"pa_rozmiar-s-36","13":"pa_rozmiar-m-38","14":"pa_rozmiar-l-40","16":"first","17":"instock","18":"purchasable","19":"product-type-variable"},"_links":{"self":[{"href":"https:\/\/madelinefashion.pl\/en\/wp-json\/wp\/v2\/product\/558123","targetHints":{"allow":["GET"]}}],"collection":[{"href":"https:\/\/madelinefashion.pl\/en\/wp-json\/wp\/v2\/product"}],"about":[{"href":"https:\/\/madelinefashion.pl\/en\/wp-json\/wp\/v2\/types\/product"}],"wp:featuredmedia":[{"embeddable":true,"href":"https:\/\/madelinefashion.pl\/en\/wp-json\/wp\/v2\/media\/595496"}],"wp:attachment":[{"href":"https:\/\/madelinefashion.pl\/en\/wp-json\/wp\/v2\/media?parent=558123"}],"wp:term":[{"taxonomy":"product_brand","embeddable":true,"href":"https:\/\/madelinefashion.pl\/en\/wp-json\/wp\/v2\/product_brand?post=558123"},{"taxonomy":"product_cat","embeddable":true,"href":"https:\/\/madelinefashion.pl\/en\/wp-json\/wp\/v2\/product_cat?post=558123"},{"taxonomy":"product_tag","embeddable":true,"href":"https:\/\/madelinefashion.pl\/en\/wp-json\/wp\/v2\/product_tag?post=558123"}],"curies":[{"name":"wp","href":"https:\/\/api.w.org\/{rel}","templated":true}]}}