{"id":558279,"date":"2025-02-13T14:40:51","date_gmt":"2025-02-13T13:40:51","guid":{"rendered":"https:\/\/madelinefashion.pl\/?post_type=product&#038;p=558279"},"modified":"2026-02-25T15:29:45","modified_gmt":"2026-02-25T14:29:45","slug":"spodnie-eleganckie-z-krysztalkami","status":"publish","type":"product","link":"https:\/\/madelinefashion.pl\/en\/product\/spodnie-eleganckie-z-krysztalkami\/","title":{"rendered":"Elegant Trousers with Crystals"},"content":{"rendered":"<h3 style=\"text-align: center;\">Elegant Trousers with Crystals<\/h3>\n<p style=\"text-align: center;\">These trousers are perfect for everyday wear, both for work and for meeting friends. They look great with heels or sneakers. <strong>Pants with a higher waist<\/strong> They beautifully shape the waist, giving an amazing effect! <strong>\u00a0High quality, <\/strong>elastic jeans fit perfectly to the figure. It is the base for ours\u00a0<a href=\"https:\/\/madelinefashion.pl\/en\/bluzki-2\/\">blouses<\/a>\u00a0and\u00a0<a href=\"https:\/\/madelinefashion.pl\/en\/bluzki-2\/koszule\/\">shirts<\/a>\u00a0and\u00a0<a href=\"https:\/\/madelinefashion.pl\/en\/body\/\">body<\/a>.We recommend\u00a0\u00a0<b>exactly\u00a0<\/b><strong>to measure<\/strong>\u00a0according to the Dimension Chart below. Complete your wardrobe with this model of trousers from\u00a0<strong><a href=\"https:\/\/madelinefashion.pl\/en\/\">Madelinefashion<\/a>\u00a0.\u00a0<\/strong>In the information after the purchase, you can also provide your dimensions - we will choose the perfect one for you. Pants available in\u00a0<strong>two color variants<\/strong>. The dimensions below are given flat!<\/p>\n<h3 style=\"text-align: center;\">Pants dimensions:<\/h3>\n<p>&nbsp;<\/p>\n<p style=\"text-align: center;\"><strong>SIZE S 36\u00a0<\/strong><\/p>\n<ul style=\"text-align: center;\">\n<li>Overall length: 103 cm<\/li>\n<li>Inside leg length: 69 cm<\/li>\n<li>Waist width: 32-38 cm<\/li>\n<li>Waist: 34 cm<\/li>\n<\/ul>\n<p style=\"text-align: center;\"><strong>SIZE M 38\u00a0<\/strong><\/p>\n<ul style=\"text-align: center;\">\n<li>Total length: 104cm<\/li>\n<li>Inside leg length: 70 cm<\/li>\n<li>Waist width: 34-40 cm<\/li>\n<li>Waist: 35 cm<\/li>\n<\/ul>\n<p style=\"text-align: center;\"><strong>SIZE L 40\u00a0<\/strong><\/p>\n<ul style=\"text-align: center;\">\n<li>Overall length: 105 cm<\/li>\n<li>Inside leg length: 71 cm<\/li>\n<li>Waist width: 36-42 cm<\/li>\n<li>Waist: 36 cm<\/li>\n<\/ul>\n<p style=\"text-align: center;\"><strong>SIZE XL 42\u00a0<\/strong><\/p>\n<ul style=\"text-align: center;\">\n<li>Total length: 106cm<\/li>\n<li>Inside leg length: 72 cm<\/li>\n<li>Waist width: 38-44 cm<\/li>\n<li>Waist: 37 cm<\/li>\n<\/ul>\n<p style=\"text-align: center;\">Dimensions may vary from the given +\/- 2cm. All dimensions given are measured flat.\u00a0<strong>X2 dimension<\/strong><\/p>\n<p>&nbsp;<\/p>\n<p style=\"text-align: center;\">\u00a0The model has\u00a0<strong>165<\/strong>\u00a0cm tall, wears a size every day\u00a0<strong>S.<\/strong><\/p>\n<p style=\"text-align: center;\">","protected":false},"excerpt":{"rendered":"<p>Spodnie Eleganckie Z Kryszta\u0142kami Spodnie idealnie sprawdz\u0105 si\u0119 na co dzie\u0144, do pracy, ale te\u017c na spotkanie ze znajomymi. Idealnie prezentuj\u0105 si\u0119 ze szpilkami czy trampkami. Spodnie z wy\u017cszym stanem pi\u0119knie modeluj\u0105 tali\u0119 daj\u0105c niesamowity efekt! \u00a0Wysokiej jako\u015bci, elastyczny jeans \u015bwietnie dopasowuje si\u0119 do sylwetki. Jest to baza do naszych\u00a0bluzek\u00a0i\u00a0koszul\u00a0oraz\u00a0body.\u00a0 Zalecamy\u00a0\u00a0dok\u0142adnie\u00a0zmierzy\u0107\u00a0zgodnie z Tabela wymiar\u00f3w poni\u017cej.\u00a0Uzupe\u0142nij<\/p>\n<div class=\"klb-readmore post-buttons\"><a class=\"button black outline size-sm\" href=\"https:\/\/madelinefashion.pl\/en\/product\/spodnie-eleganckie-z-krysztalkami\/\">Read More <i class=\"klbth-icon-right-arrow\"><\/i><\/a><\/div>","protected":false},"featured_media":595500,"template":"","meta":[],"product_brand":[],"product_cat":[83],"product_tag":[475],"class_list":{"0":"post-558279","1":"product","2":"type-product","3":"status-publish","4":"has-post-thumbnail","6":"product_cat-spodnie","7":"product_tag-spodnie-dlugie","8":"pa_rozmiar-m","9":"pa_rozmiar-l","10":"pa_rozmiar-xl","11":"pa_rozmiar-s-2","13":"first","14":"instock","15":"product-type-variable"},"_links":{"self":[{"href":"https:\/\/madelinefashion.pl\/en\/wp-json\/wp\/v2\/product\/558279","targetHints":{"allow":["GET"]}}],"collection":[{"href":"https:\/\/madelinefashion.pl\/en\/wp-json\/wp\/v2\/product"}],"about":[{"href":"https:\/\/madelinefashion.pl\/en\/wp-json\/wp\/v2\/types\/product"}],"wp:featuredmedia":[{"embeddable":true,"href":"https:\/\/madelinefashion.pl\/en\/wp-json\/wp\/v2\/media\/595500"}],"wp:attachment":[{"href":"https:\/\/madelinefashion.pl\/en\/wp-json\/wp\/v2\/media?parent=558279"}],"wp:term":[{"taxonomy":"product_brand","embeddable":true,"href":"https:\/\/madelinefashion.pl\/en\/wp-json\/wp\/v2\/product_brand?post=558279"},{"taxonomy":"product_cat","embeddable":true,"href":"https:\/\/madelinefashion.pl\/en\/wp-json\/wp\/v2\/product_cat?post=558279"},{"taxonomy":"product_tag","embeddable":true,"href":"https:\/\/madelinefashion.pl\/en\/wp-json\/wp\/v2\/product_tag?post=558279"}],"curies":[{"name":"wp","href":"https:\/\/api.w.org\/{rel}","templated":true}]}}