{"id":558796,"date":"2025-02-19T13:30:49","date_gmt":"2025-02-19T12:30:49","guid":{"rendered":"https:\/\/madelinefashion.pl\/?post_type=product&#038;p=558796"},"modified":"2026-03-01T12:57:49","modified_gmt":"2026-03-01T11:57:49","slug":"szal-szyfonowy-wrzosowy","status":"publish","type":"product","link":"https:\/\/madelinefashion.pl\/en\/product\/szal-szyfonowy-wrzosowy\/","title":{"rendered":"Heather Chiffon Shawl"},"content":{"rendered":"<h3 style=\"text-align: center;\">Heather Chiffon Shawl<\/h3>\n<div class=\"_1voj4 _z9prt _1xzdi _ai5yc _5d6n2 _15lj1\" style=\"text-align: center;\">\n<div class=\"_2d49e_5pK0q\">\n<p>A model that suits elegant styling \u2013 perfect for big occasions: weddings, anniversaries, holidays, New Year&#039;s Eve, carnival, etc.<\/p>\n<p>Made of chiffon material.<\/p>\n<\/div>\n<\/div>\n<div class=\"_1voj4 _z9prt _1xzdi _ai5yc _5d6n2 _15lj1\" style=\"text-align: center;\">\n<div class=\"_4lbi0 _6kfrx _ur8qq _u5o1q _1xm8p _1agsg\">\n<div class=\"_18vat _10a7o _1yhvf _7ccvy\"><\/div>\n<\/div>\n<\/div>\n<h3 style=\"text-align: center;\">Dimensions :<\/h3>\n<p style=\"text-align: center;\"><b>Length: 200cm<\/b><\/p>\n<p style=\"text-align: center;\"><strong>Width:<\/strong> 70 cm<\/p>\n<p>&nbsp;<\/p>\n<table class=\"aligncenter\" width=\"611\">\n<tbody>\n<tr>\n<td width=\"302\">Model<\/td>\n<td width=\"302\">Szal\u00a0 Szyfonowy<\/td>\n<\/tr>\n<tr>\n<td width=\"302\">Color<\/td>\n<td width=\"302\">Heather<\/td>\n<\/tr>\n<tr>\n<td width=\"302\">Collection<\/td>\n<td width=\"302\">Spring \/ Fall \/ Winter<\/td>\n<\/tr>\n<tr>\n<td width=\"302\">Sizes<\/td>\n<td width=\"302\">Universal<\/td>\n<\/tr>\n<tr>\n<td width=\"302\">Production<\/td>\n<td width=\"302\">Poland<\/td>\n<\/tr>\n<\/tbody>\n<\/table>","protected":false},"excerpt":{"rendered":"<p>Szal Szyfonowy Wrzosowy Model pasuj\u0105cy do eleganckiej stylizacji &#8211; idealny na wielkie wyj\u015bcia: wesela, jubileusze, \u015bwi\u0119ta, sylwestra, karnawa\u0142 itp. Wykonany z szyfonowego matria\u0142u. Wymiary : D\u0142ugo\u015b\u0107:\u00a0 200cm Szeroko\u015b\u0107: 70 cm &nbsp; Model Szal\u00a0 Szyfonowy Kolor Wrzosowy Kolekcja Wiosna \/ jesie\u0144 \/ zima Rozmiary Uniwersalny Produkcja Polska<\/p>","protected":false},"featured_media":558794,"template":"","meta":[],"product_brand":[],"product_cat":[114,86],"product_tag":[],"class_list":{"0":"post-558796","1":"product","2":"type-product","3":"status-publish","4":"has-post-thumbnail","6":"product_cat-chustki-szaliki","7":"product_cat-czapki-dodatki","9":"first","10":"instock","11":"sale","12":"purchasable","13":"product-type-simple"},"_links":{"self":[{"href":"https:\/\/madelinefashion.pl\/en\/wp-json\/wp\/v2\/product\/558796","targetHints":{"allow":["GET"]}}],"collection":[{"href":"https:\/\/madelinefashion.pl\/en\/wp-json\/wp\/v2\/product"}],"about":[{"href":"https:\/\/madelinefashion.pl\/en\/wp-json\/wp\/v2\/types\/product"}],"wp:featuredmedia":[{"embeddable":true,"href":"https:\/\/madelinefashion.pl\/en\/wp-json\/wp\/v2\/media\/558794"}],"wp:attachment":[{"href":"https:\/\/madelinefashion.pl\/en\/wp-json\/wp\/v2\/media?parent=558796"}],"wp:term":[{"taxonomy":"product_brand","embeddable":true,"href":"https:\/\/madelinefashion.pl\/en\/wp-json\/wp\/v2\/product_brand?post=558796"},{"taxonomy":"product_cat","embeddable":true,"href":"https:\/\/madelinefashion.pl\/en\/wp-json\/wp\/v2\/product_cat?post=558796"},{"taxonomy":"product_tag","embeddable":true,"href":"https:\/\/madelinefashion.pl\/en\/wp-json\/wp\/v2\/product_tag?post=558796"}],"curies":[{"name":"wp","href":"https:\/\/api.w.org\/{rel}","templated":true}]}}