{"id":558919,"date":"2025-02-21T17:13:40","date_gmt":"2025-02-21T16:13:40","guid":{"rendered":"https:\/\/madelinefashion.pl\/?post_type=product&#038;p=558919"},"modified":"2026-04-27T11:35:08","modified_gmt":"2026-04-27T09:35:08","slug":"sukienka-arczi-wieczorowa-z-rekawkiem-biala","status":"publish","type":"product","link":"https:\/\/madelinefashion.pl\/en\/product\/sukienka-arczi-wieczorowa-z-rekawkiem-biala\/","title":{"rendered":"Archi Evening Dress with Sleeves White"},"content":{"rendered":"<h3 style=\"text-align: center;\">Archi Evening Dress with Sleeves White<\/h3>\n<p style=\"text-align: center;\">\u00a0A beautiful long evening gown made of airy material with a lace bodice and 3\/4-length chiffon sleeves. This plus-size wedding dress is adorned with exquisite embroidery and shimmering crystal embellishments. It beautifully accentuates feminine curves, with the skirt made entirely of flowing material. The dress features a V-neckline and tapers at the waist. <strong>great emphasizes the waist<\/strong>.The dress has cups sewn into the front, so you don&#039;t need to wear a bra.\u00a0 <strong>Archie&#039;s dress <\/strong>\u00a0Available in sizes 40, 42, 44, 46, 48, and 50. The White Maxi Dress is a perfect choice for a wedding reception or a wedding. <strong>from Madelinefashion.pl<\/strong> is an excellent choice for a wedding, prom, New Year&#039;s Eve and other elegant special events. Available in our e-shop in several color variants, so do not hesitate and choose the one that is perfect for you. If you can&#039;t decide which color, <strong>size<\/strong> is the best for you, <strong>contact us<\/strong> through <a href=\"https:\/\/www.facebook.com\/madelinefashionbutik\" target=\"_blank\" rel=\"noopener\">Facebook<\/a> or <a href=\"https:\/\/madelinefashion.pl\/en\/kontakt\/\">phone<\/a>. If the size is not available on the website, please contact us.<\/p>\n<h3 style=\"text-align: center;\">DRESS DIMENSIONS:<\/h3>\n<table width=\"556\">\n<tbody>\n<tr>\n<td><strong>SIZE<\/strong><\/td>\n<td><strong>Bust<\/strong><\/td>\n<td><strong>Waist<\/strong><\/td>\n<td><strong>Hips<\/strong><\/td>\n<\/tr>\n<tr>\n<td><strong>42<\/strong><\/td>\n<td>100-102<\/td>\n<td>88<\/td>\n<td>\u00a0any<\/td>\n<\/tr>\n<tr>\n<td><strong>44<\/strong><\/td>\n<td>104-106<\/td>\n<td>92<\/td>\n<td>\u00a0any<\/td>\n<\/tr>\n<tr>\n<td><strong>46<\/strong><\/td>\n<td>108-110<\/td>\n<td>96<\/td>\n<td>\u00a0any<\/td>\n<\/tr>\n<tr>\n<td><strong>48<\/strong><\/td>\n<td>110-114<\/td>\n<td>100<\/td>\n<td>\u00a0any<\/td>\n<\/tr>\n<tr>\n<td><strong>50<\/strong><\/td>\n<td>114-118<\/td>\n<td>108<\/td>\n<td>\u00a0any<\/td>\n<\/tr>\n<tr>\n<td><strong>52<\/strong><\/td>\n<td>118-120<\/td>\n<td>112<\/td>\n<td>\u00a0any<\/td>\n<\/tr>\n<\/tbody>\n<\/table>\n<p style=\"text-align: center;\"><span style=\"font-size: 10pt;\"><br \/>\ntotal length approx. 158 cm<\/span>(the dress can be shortened on your own)\u00a0<span style=\"font-size: 10pt;\">\u00a0<\/span><\/p>\n<p style=\"text-align: center;\"><span style=\"font-size: 10pt;\">The dress is also available in other colors - see our other products.\u00a0<\/span><\/p>\n<p style=\"text-align: center;\"><span style=\"font-size: 10pt;\">Dimensions may slightly differ from the given +\/- 2cm.<\/span><\/p>\n<p>&nbsp;<\/p>\n<ul>\n<li style=\"text-align: center;\">Plus size evening dress.<\/li>\n<li style=\"text-align: center;\">Material: Chiffon.<\/li>\n<li style=\"text-align: center;\">Well-fitting, corset top, covered with a very impressive guipure lace decorated with pearls<\/li>\n<li style=\"text-align: center;\">Mesh insert partially covering the bust.<\/li>\n<li style=\"text-align: center;\">Flared bottom, made of chiffon.<\/li>\n<li style=\"text-align: center;\">Satin lining.<\/li>\n<li style=\"text-align: center;\">The dress is cut at the waist, without gathers, which beautifully slims the waist area.<\/li>\n<li style=\"text-align: center;\">3\/4 sleeves \u2013 flowing \u2013 chiffon.<\/li>\n<li style=\"text-align: center;\">The dress fastens at the back with 5 buttons and a fabric-covered zipper.<\/li>\n<\/ul>\n<p style=\"text-align: center;\"><span style=\"font-size: 10pt;\">\u00a0<\/span><\/p>\n<p style=\"text-align: center;\"><span style=\"font-size: 10pt;\"><strong>\u00a0<\/strong>\u00a0<\/span><\/p>\n<table width=\"616\">\n<tbody>\n<tr>\n<td width=\"302\">Model name<\/td>\n<td width=\"302\">Archi Evening Dress with Sleeves<\/td>\n<\/tr>\n<tr>\n<td width=\"302\">Color<\/td>\n<td width=\"302\">White<\/td>\n<\/tr>\n<tr>\n<td width=\"302\">Mark<\/td>\n<td width=\"302\">Madelinefashion<\/td>\n<\/tr>\n<tr>\n<td width=\"302\">Sizes<\/td>\n<td width=\"302\">\u00a040 42 44 46 48 50 52<\/td>\n<\/tr>\n<tr>\n<td width=\"302\">Fashion<\/td>\n<td width=\"302\">Matched<\/td>\n<\/tr>\n<tr>\n<td width=\"302\">Material<\/td>\n<td width=\"302\">Viscose, Polyester, Cotton<\/td>\n<\/tr>\n<tr>\n<td width=\"302\">Length<\/td>\n<td width=\"302\">To the ground<\/td>\n<\/tr>\n<\/tbody>\n<\/table>\n<p style=\"text-align: center;\" align=\"center\">We invite you to our wedding dress salon, located at 2 Moniuszki Street in the heart of Konstantyn\u00f3w \u0141\u00f3dzki. In our professional salon, you&#039;ll find a wide selection of wedding dresses that will fulfill your deepest dreams of a perfect day. A team of experienced consultants will help you choose the perfect gown, tailored to your expectations and figure. We cordially invite you to visit \u2013 see how special your day can be!<\/p>\n<p>Each dress can be adjusted to suit your height and heel height, if necessary. If it&#039;s too long, you can have it shortened or have a seamstress make minor alterations. This way, you can easily tailor your chosen dress to your measurements and feel perfectly at ease in it.<\/p>\n<p style=\"text-align: center;\" align=\"center\">In order to match\u00a0<strong>perfect dresses<\/strong>\u00a0we invite you to contact us by phone or contact us <a href=\"https:\/\/www.facebook.com\/madelinefashionbutik\" target=\"_blank\" rel=\"noopener\">facebook<\/a> .<br \/>\nOur team will help\u00a0<strong>Choose the right one<\/strong>\u00a0.\u00a0<strong>We can measure each dress precisely at the buyer&#039;s request.\u00a0<\/strong><\/p>\n<div class=\"additional-details\">\n<p style=\"text-align: center;\"><span style=\"font-size: 10pt;\">\u00a0<\/span><\/p>\n<\/div>","protected":false},"excerpt":{"rendered":"<p>Archie Evening Dress with Sleeves in White. A beautiful long evening gown made of airy material with a lace bodice and 3\/4 chiffon sleeves. This plus-size wedding dress is adorned with gorgeous embroidery and shimmering crystal embellishments. It beautifully accentuates feminine curves, with the hemline made entirely of flowing material. The dress features a V-neckline and is tapered at the waist.<\/p>\n<div class=\"klb-readmore post-buttons\"><a class=\"button black outline size-sm\" href=\"https:\/\/madelinefashion.pl\/en\/product\/sukienka-arczi-wieczorowa-z-rekawkiem-biala\/\">Read More <i class=\"klbth-icon-right-arrow\"><\/i><\/a><\/div>","protected":false},"featured_media":558927,"template":"","meta":[],"product_brand":[],"product_cat":[124,564,568,566,629,632],"product_tag":[257,385,219,163],"class_list":{"0":"post-558919","1":"product","2":"type-product","3":"status-publish","4":"has-post-thumbnail","6":"product_cat-sukienki-okolicznosciowe","7":"product_cat-sukienki-plus-size","8":"product_cat-sukienki-rozkloszowane-szyfonowe","9":"product_cat-suknie-slubne","10":"product_cat-suknie-slubne-plus-size","11":"product_cat-suknie-slubne-rozkloszowane","12":"product_tag-madelinefashion","13":"product_tag-plus-size","14":"product_tag-sukienka-biala","15":"product_tag-sukienki-dlugie","17":"first","18":"instock","19":"purchasable","20":"product-type-variable"},"_links":{"self":[{"href":"https:\/\/madelinefashion.pl\/en\/wp-json\/wp\/v2\/product\/558919","targetHints":{"allow":["GET"]}}],"collection":[{"href":"https:\/\/madelinefashion.pl\/en\/wp-json\/wp\/v2\/product"}],"about":[{"href":"https:\/\/madelinefashion.pl\/en\/wp-json\/wp\/v2\/types\/product"}],"wp:featuredmedia":[{"embeddable":true,"href":"https:\/\/madelinefashion.pl\/en\/wp-json\/wp\/v2\/media\/558927"}],"wp:attachment":[{"href":"https:\/\/madelinefashion.pl\/en\/wp-json\/wp\/v2\/media?parent=558919"}],"wp:term":[{"taxonomy":"product_brand","embeddable":true,"href":"https:\/\/madelinefashion.pl\/en\/wp-json\/wp\/v2\/product_brand?post=558919"},{"taxonomy":"product_cat","embeddable":true,"href":"https:\/\/madelinefashion.pl\/en\/wp-json\/wp\/v2\/product_cat?post=558919"},{"taxonomy":"product_tag","embeddable":true,"href":"https:\/\/madelinefashion.pl\/en\/wp-json\/wp\/v2\/product_tag?post=558919"}],"curies":[{"name":"wp","href":"https:\/\/api.w.org\/{rel}","templated":true}]}}