{"id":561057,"date":"2025-03-20T13:13:11","date_gmt":"2025-03-20T12:13:11","guid":{"rendered":"https:\/\/madelinefashion.pl\/?post_type=product&#038;p=561057"},"modified":"2026-02-09T16:51:41","modified_gmt":"2026-02-09T15:51:41","slug":"ramoneska-z-zlotym-zamkiem-czarna-venus","status":"publish","type":"product","link":"https:\/\/madelinefashion.pl\/en\/product\/ramoneska-z-zlotym-zamkiem-czarna-venus\/","title":{"rendered":"Black Venus Biker Jacket with Gold Zipper"},"content":{"rendered":"<h3 style=\"text-align: center;\">Black Venus Biker Jacket with Gold Zipper<\/h3>\n<p style=\"text-align: center;\"><strong>Amazing biker jacket <\/strong>made of soft eco-leather in gold color with<strong> gold buttons. It fits the figure beautifully and accentuates the waist. Leather jacket <\/strong>is one of our proposals for the coming colder days. <strong>Bestseller<\/strong> model. The most classic and timeless model of the jacket. It can be used in any styling, both for classic jeans, a white t-shirt for everyday outings, as well as for women&#039;s dresses, adding a rocky look. <strong>character<\/strong>. It is a definite one <strong>must have<\/strong> A must-have in every wardrobe! The long sleeves are adorned with zippers and buckles. The underside of the jacket features additional lining to protect you on colder days. This classic leather biker jacket stands out not only for its perfect cut but also for subtle details that give it a unique, rock-chic character. The gold zipper on the front and sleeves gives it an elegant yet edgy look. It&#039;s a combination of strength and chic, perfect for both everyday wear and special occasions. The jacket is available in sizes<strong> SML XL.\u00a0\u00a0<\/strong>If you have any questions, we are here to help.<\/p>\n<h3 style=\"text-align: center;\">Dimensions:<\/h3>\n<p align=\"center\"><strong>S.<\/strong><\/p>\n<p align=\"center\">Total length \u2013 47 cm<br \/>\nShoulder width \u2013 35 cm x2<br \/>\nWidth from armpit to armpit \u2013 42 cm x2<br \/>\nWaist width \u2013 39 cm x2<br \/>\nSleeve length from shoulder \u2013 60 cm<br \/>\nSleeve length from armpit \u2013 46 cm<br \/>\nBicep width \u2013 14 cm x2<\/p>\n<p align=\"center\"><strong>M.<\/strong><\/p>\n<p align=\"center\">Total length \u2013 48 cm<br \/>\nShoulder width \u2013 37 cm x2<br \/>\nWidth from armpit to armpit \u2013 44 cm x2<br \/>\nWaist width \u2013 41 cm x2<br \/>\nSleeve length from shoulder \u2013 61 cm<br \/>\nSleeve length from the armpit - 47 cm<br \/>\nBicep width \u2013 15 cm x2<\/p>\n<p align=\"center\"><strong>L.<\/strong><\/p>\n<p align=\"center\">Total length \u2013 49 cm<br \/>\nShoulder width \u2013 39 cm x2<br \/>\nWidth from armpit to armpit \u2013 46 cm x2<br \/>\nWaist width \u2013 43 cm x2<br \/>\nSleeve length from shoulder \u2013 62 cm<br \/>\nSleeve length from armpit \u2013 48 cm<br \/>\nBicep width \u2013 16 cm x2<\/p>\n<p style=\"text-align: center;\">Dimensions may slightly differ from the given +\/- 2cm. All dimensions are provided <strong>measured flat<\/strong>.\u00a0<strong>X2 dimension<\/strong><\/p>\n<p>&nbsp;<\/p>\n<table width=\"605\">\n<tbody>\n<tr>\n<td width=\"302\">Model name<\/td>\n<td width=\"302\">Black Venus Biker Jacket with Gold Zipper<\/td>\n<\/tr>\n<tr>\n<td width=\"302\">Color<\/td>\n<td width=\"302\">Black<\/td>\n<\/tr>\n<tr>\n<td width=\"302\">Sizes<\/td>\n<td width=\"302\">SML<\/td>\n<\/tr>\n<tr>\n<td width=\"302\">Fashion<\/td>\n<td width=\"302\">Fitted \/ slim<\/td>\n<\/tr>\n<tr>\n<td width=\"302\">Hood<\/td>\n<td width=\"302\">Not<\/td>\n<\/tr>\n<tr>\n<td width=\"302\">Quality<\/td>\n<td width=\"302\">Premium<\/td>\n<\/tr>\n<tr>\n<td width=\"302\">Fastening<\/td>\n<td width=\"302\">Lock<\/td>\n<\/tr>\n<\/tbody>\n<\/table>\n<p>&nbsp;<\/p>\n<p style=\"text-align: center;\">The model has\u00a0<strong>169<\/strong>\u00a0cm tall, wears a size every day\u00a0<strong>S.<\/strong><\/p>\n<p style=\"text-align: center;\">Bust width 91 cm<\/p>\n<p style=\"text-align: center;\">Waist width 71 cm<\/p>\n<p style=\"text-align: center;\">Hip width 96 cm<\/p>\n<p style=\"text-align: center;\">","protected":false},"excerpt":{"rendered":"<p>Ramoneska Z Z\u0142otym Zamkiem Czarna Venus Rewelacyjna ramoneska wykonana z mi\u0119kkiej eko sk\u00f3ry w kolorze z\u0142otym ze z\u0142otymi guzikami. Fantastycznie dopasowuje si\u0119 do sylwetki i podkre\u015bla talie. Kurtka sk\u00f3rzana to jedna z naszych propozycji na nadchodz\u0105ce ch\u0142odniejsze dni. Bestsellerowy model. Najbardziej klasyczny i ponadczasowy model kurtki. Mo\u017cna j\u0105 wykorzysta\u0107 w ka\u017cdej stylizacji, zar\u00f3wno do klasycznych<\/p>\n<div class=\"klb-readmore post-buttons\"><a class=\"button black outline size-sm\" href=\"https:\/\/madelinefashion.pl\/en\/product\/ramoneska-z-zlotym-zamkiem-czarna-venus\/\">Read More <i class=\"klbth-icon-right-arrow\"><\/i><\/a><\/div>","protected":false},"featured_media":561003,"template":"","meta":[],"product_brand":[],"product_cat":[117],"product_tag":[295],"class_list":{"0":"post-561057","1":"product","2":"type-product","3":"status-publish","4":"has-post-thumbnail","6":"product_cat-kurtki","7":"product_tag-ramoneski","8":"pa_rozmiar-s-36","9":"pa_rozmiar-m-38","10":"pa_rozmiar-l-40","11":"pa_rozmiar-xl-42","13":"first","14":"instock","15":"sale","16":"purchasable","17":"product-type-variable"},"_links":{"self":[{"href":"https:\/\/madelinefashion.pl\/en\/wp-json\/wp\/v2\/product\/561057","targetHints":{"allow":["GET"]}}],"collection":[{"href":"https:\/\/madelinefashion.pl\/en\/wp-json\/wp\/v2\/product"}],"about":[{"href":"https:\/\/madelinefashion.pl\/en\/wp-json\/wp\/v2\/types\/product"}],"wp:featuredmedia":[{"embeddable":true,"href":"https:\/\/madelinefashion.pl\/en\/wp-json\/wp\/v2\/media\/561003"}],"wp:attachment":[{"href":"https:\/\/madelinefashion.pl\/en\/wp-json\/wp\/v2\/media?parent=561057"}],"wp:term":[{"taxonomy":"product_brand","embeddable":true,"href":"https:\/\/madelinefashion.pl\/en\/wp-json\/wp\/v2\/product_brand?post=561057"},{"taxonomy":"product_cat","embeddable":true,"href":"https:\/\/madelinefashion.pl\/en\/wp-json\/wp\/v2\/product_cat?post=561057"},{"taxonomy":"product_tag","embeddable":true,"href":"https:\/\/madelinefashion.pl\/en\/wp-json\/wp\/v2\/product_tag?post=561057"}],"curies":[{"name":"wp","href":"https:\/\/api.w.org\/{rel}","templated":true}]}}