{"id":563392,"date":"2025-04-18T12:53:07","date_gmt":"2025-04-18T10:53:07","guid":{"rendered":"https:\/\/madelinefashion.pl\/?post_type=product&#038;p=563392"},"modified":"2026-04-28T11:13:08","modified_gmt":"2026-04-28T09:13:08","slug":"suknia-maxi-gorsetowa-marlenita-wrzosowa","status":"publish","type":"product","link":"https:\/\/madelinefashion.pl\/en\/product\/suknia-maxi-gorsetowa-marlenita-wrzosowa\/","title":{"rendered":"Marlenita Heather Corset Maxi Dress"},"content":{"rendered":"<h3 style=\"text-align: center;\">Marlenita Heather Corset Maxi Dress<\/h3>\n<p class=\"\" style=\"text-align: center;\" data-start=\"82\" data-end=\"315\">Phenomenal and full of romanticism \u2013 a wedding dress <strong data-start=\"330\" data-end=\"343\">Marlenita<\/strong> This is a proposition for women who want to charm with a unique style and emphasize their femininity. In a subtle color <strong data-start=\"460\" data-end=\"470\">heather<\/strong>, this model is perfect not only for bridesmaids, but also as a dress for a wedding, ball or elegant party. <strong>Dresses from Madelinefashion<\/strong>\u00a0 is a perfect choice for weddings, proms, New Year&#039;s Eve, and other elegant special occasions. In our online store, you&#039;ll find unique dresses at incredibly affordable prices \u2013\u00a0 <strong>do not hesitate and choose the one that is perfect for you<\/strong>. If you can&#039;t decide which color, <strong>size<\/strong> is the best for you, <strong>contact us<\/strong> through <a href=\"https:\/\/www.facebook.com\/madelinefashionbutik\" target=\"_blank\" rel=\"noopener\">Facebook<\/a> or <a href=\"https:\/\/madelinefashion.pl\/en\/kontakt\/\">phone<\/a>. If the size is not available on the website, please contact us.\u00a0<strong> Not sure which wedding dress to choose? <a href=\"https:\/\/madelinefashion.pl\/en\/product-tag\/sukienka-biala\/?orderby=price-desc\">Check<\/a>which will be perfect for you!\u00a0<\/strong><\/p>\n<h3 style=\"text-align: center;\">DRESS DIMENSIONS:<\/h3>\n<p>&nbsp;<\/p>\n<table width=\"556\">\n<tbody>\n<tr>\n<td><strong>SIZE<\/strong><\/td>\n<td><strong>Bust<\/strong><\/td>\n<td><strong>Waist<\/strong><\/td>\n<td><strong>Hips<\/strong><\/td>\n<\/tr>\n<tr>\n<td><strong>34<\/strong><\/td>\n<td>84-86<\/td>\n<td>64<\/td>\n<td>\u00a0any<\/td>\n<\/tr>\n<tr>\n<td><strong>36<\/strong><\/td>\n<td>88-90<\/td>\n<td>68<\/td>\n<td>\u00a0any<\/td>\n<\/tr>\n<tr>\n<td><strong>38<\/strong><\/td>\n<td>92-94<\/td>\n<td>72<\/td>\n<td>\u00a0any<\/td>\n<\/tr>\n<tr>\n<td><strong>40<\/strong><\/td>\n<td>96-98<\/td>\n<td>76<\/td>\n<td>\u00a0any<\/td>\n<\/tr>\n<\/tbody>\n<\/table>\n<p style=\"text-align: center;\"><span style=\"font-size: 10pt;\"><span style=\"font-size: 10pt;\">The dress is also available in <\/span><strong style=\"font-size: 10pt;\">other color variants<\/strong><span style=\"font-size: 10pt;\"> - we encourage you to familiarize yourself with our other products.\u00a0<\/span>total length approx. 157 cm\u00a0\u00a0<\/span><\/p>\n<p style=\"text-align: center;\"><span style=\"font-size: 10pt;\">Dimensions may slightly differ from the given +\/- 2cm.\u00a0<\/span><\/p>\n<p style=\"text-align: center;\"><span style=\"font-size: 10pt;\"><strong>\u00a0<\/strong>\u00a0<\/span><\/p>\n<table width=\"618\">\n<tbody>\n<tr>\n<td width=\"302\">Model name<\/td>\n<td width=\"302\">Marlenita Corset Maxi Dress<\/td>\n<\/tr>\n<tr>\n<td width=\"302\">Color<\/td>\n<td width=\"302\">Heather<\/td>\n<\/tr>\n<tr>\n<td width=\"302\">Mark<\/td>\n<td width=\"302\">Madelinefashion<\/td>\n<\/tr>\n<tr>\n<td width=\"302\">Sizes<\/td>\n<td width=\"302\">\u00a036 38 40<\/td>\n<\/tr>\n<tr>\n<td width=\"302\">Fashion<\/td>\n<td width=\"302\">Matched<\/td>\n<\/tr>\n<tr>\n<td width=\"302\">Material<\/td>\n<td width=\"302\">Viscose, Polyester, Cotton<\/td>\n<\/tr>\n<tr>\n<td width=\"302\">Length<\/td>\n<td width=\"302\">To the ground<\/td>\n<\/tr>\n<\/tbody>\n<\/table>\n<p style=\"text-align: center;\"><span style=\"font-size: 10pt;\">\u00a0<\/span><\/p>\n<p>&nbsp;<\/p>\n<p style=\"text-align: center;\"><span style=\"font-size: 10pt;\">In order to match <strong>perfect dresses<\/strong> we invite you to contact us by phone or contact us <a href=\"https:\/\/www.facebook.com\/madelinefashionbutik\" target=\"_blank\" rel=\"noopener\">Facebook<\/a> .<\/span><br \/>\n<span style=\"font-size: 10pt;\">Our team will help <strong>Choose the right one<\/strong> . <strong>We can make each dress at the request of the buyer\u00a0<\/strong><strong>measure carefully.\u00a0<\/strong><\/span><\/p>\n<div class=\"additional-details\" style=\"text-align: center;\">\n<p style=\"text-align: center;\"><span style=\"font-size: 10pt;\">\u00a0<\/span><\/p>\n<\/div>","protected":false},"excerpt":{"rendered":"<p>Suknia Maxi Gorsetowa Marlenita Wrzosowa Zjawiskowa i pe\u0142na romantyzmu \u2013 suknia weselna Marlenita to propozycja dla kobiet, kt\u00f3re chc\u0105 oczarowa\u0107 wyj\u0105tkowym stylem i podkre\u015bli\u0107 swoj\u0105 kobieco\u015b\u0107. W kolorze subtelnego wrzosu, model ten doskonale sprawdzi si\u0119 nie tylko dla druhen, ale tak\u017ce jako suknia na wesele, bal czy eleganckie przyj\u0119cie. Sukienki od Madelinefashion\u00a0 to doskona\u0142y wyb\u00f3r<\/p>\n<div class=\"klb-readmore post-buttons\"><a class=\"button black outline size-sm\" href=\"https:\/\/madelinefashion.pl\/en\/product\/suknia-maxi-gorsetowa-marlenita-wrzosowa\/\">Read More <i class=\"klbth-icon-right-arrow\"><\/i><\/a><\/div>","protected":false},"featured_media":565807,"template":"","meta":[],"product_brand":[],"product_cat":[124,395,563,561],"product_tag":[257,163,259],"class_list":{"0":"post-563392","1":"product","2":"type-product","3":"status-publish","4":"has-post-thumbnail","6":"product_cat-sukienki-okolicznosciowe","7":"product_cat-nowosci","8":"product_cat-sukienki-gorsetowe","9":"product_cat-sukienki-tiulowe","10":"product_tag-madelinefashion","11":"product_tag-sukienki-dlugie","12":"product_tag-sukienki-wrzosowe","14":"first","15":"instock","16":"sale","17":"purchasable","18":"product-type-variable"},"_links":{"self":[{"href":"https:\/\/madelinefashion.pl\/en\/wp-json\/wp\/v2\/product\/563392","targetHints":{"allow":["GET"]}}],"collection":[{"href":"https:\/\/madelinefashion.pl\/en\/wp-json\/wp\/v2\/product"}],"about":[{"href":"https:\/\/madelinefashion.pl\/en\/wp-json\/wp\/v2\/types\/product"}],"wp:featuredmedia":[{"embeddable":true,"href":"https:\/\/madelinefashion.pl\/en\/wp-json\/wp\/v2\/media\/565807"}],"wp:attachment":[{"href":"https:\/\/madelinefashion.pl\/en\/wp-json\/wp\/v2\/media?parent=563392"}],"wp:term":[{"taxonomy":"product_brand","embeddable":true,"href":"https:\/\/madelinefashion.pl\/en\/wp-json\/wp\/v2\/product_brand?post=563392"},{"taxonomy":"product_cat","embeddable":true,"href":"https:\/\/madelinefashion.pl\/en\/wp-json\/wp\/v2\/product_cat?post=563392"},{"taxonomy":"product_tag","embeddable":true,"href":"https:\/\/madelinefashion.pl\/en\/wp-json\/wp\/v2\/product_tag?post=563392"}],"curies":[{"name":"wp","href":"https:\/\/api.w.org\/{rel}","templated":true}]}}