{"id":56379,"date":"2022-08-31T18:25:15","date_gmt":"2022-08-31T16:25:15","guid":{"rendered":"https:\/\/madelinefashion.pl\/?post_type=product&#038;p=56379"},"modified":"2026-03-26T12:40:02","modified_gmt":"2026-03-26T11:40:02","slug":"sukienka-cekinowa-krotka-oliwia-lawendowa-multi","status":"publish","type":"product","link":"https:\/\/madelinefashion.pl\/en\/product\/sukienka-cekinowa-krotka-oliwia-lawendowa-multi\/","title":{"rendered":"Short Sequin Dress Olivia Lavender Multi"},"content":{"rendered":"<h3 style=\"text-align: center;\">Short Sequin Dress Olivia Lavender Multi<\/h3>\n<p style=\"text-align: center;\"><span style=\"font-size: 10pt;\">Beautiful short evening dress decorated <strong>sequins and beads<\/strong> in the form of sparkling crystals. It beautifully displays feminine shapes. The fitted mini dress has<strong> ornaments on the shoulders covered with multicolored beads. <\/strong>See our offer <strong><a href=\"https:\/\/madelinefashion.pl\/en\/sukienki-i-kombinezony\/sukienki-okolicznosciowe\/\">evening dresses<\/a>\u00a0and select a model, <\/strong>in which you will be <strong>look like a star and you will stand out from the crowd. The maxi dress shimmers fabulously in the light of the lamps. <\/strong>One cannot be indifferent to her.<strong> Mini dress above the knee.<\/strong><\/span><span style=\"font-size: 10pt;\"> The dress has cups sewn in at the front, so you do not need to wear a bra. Made and sewn in Poland. <strong>Oliwia short dress\u00a0 <\/strong>\u00a0available <\/span><span style=\"font-size: 10pt;\">\u00a0in sizes <strong>34, 36, 38<\/strong> , <strong>40<\/strong>\u00a0 . Dresses <strong>Pretty Women<\/strong> is an excellent choice for a wedding, prom, New Year&#039;s Eve and other elegant special events. Available in our e-shop in several color variants, so do not hesitate and choose the one that is perfect for you. If you can&#039;t decide which color, <strong>size<\/strong> is the best for you, <strong>contact us<\/strong> through <a href=\"https:\/\/www.facebook.com\/madelinefashionbutik\" target=\"_blank\" rel=\"noopener\">Facebook<\/a> or <a href=\"https:\/\/madelinefashion.pl\/en\/kontakt\/\">phone<\/a>. In the absence of a size on the site, please <strong>contact<\/strong>.\u00a0<\/span><\/p>\n<h3 style=\"text-align: center;\">DRESS DIMENSIONS:<\/h3>\n<p style=\"text-align: center;\"><img fetchpriority=\"high\" decoding=\"async\" class=\"alignnone size-medium wp-image-16801\" src=\"https:\/\/madelinefashion.pl\/wp-content\/uploads\/2021\/08\/wymiary-suknia-300x194.png\" alt=\"\" width=\"300\" height=\"194\" title=\"\"><\/p>\n<table width=\"749\">\n<tbody>\n<tr>\n<td>SIZE<\/td>\n<td>34<\/td>\n<td>36<\/td>\n<td>38<\/td>\n<td>40<\/td>\n<\/tr>\n<tr>\n<td>Bust<\/td>\n<td>84-86<\/td>\n<td>88-90<\/td>\n<td>92-94<\/td>\n<td>96-98<\/td>\n<\/tr>\n<tr>\n<td>Waist<\/td>\n<td>64<\/td>\n<td>68<\/td>\n<td>72<\/td>\n<td>76<\/td>\n<\/tr>\n<tr>\n<td>Hips<\/td>\n<td>\u00a0any<\/td>\n<td>\u00a0any<\/td>\n<td>\u00a0any<\/td>\n<td>any<\/td>\n<\/tr>\n<\/tbody>\n<\/table>\n<p style=\"text-align: center;\">\u00a0 total length: 92 cm<\/p>\n<p style=\"text-align: center;\">The dress is also available in other colors - see our other products.<\/p>\n<p style=\"text-align: center;\">Dimensions may slightly differ from the given +\/- 2cm.<\/p>\n<p style=\"text-align: center;\"><strong>\u00a0<\/strong><\/p>\n<p>&nbsp;<\/p>\n<table>\n<tbody>\n<tr>\n<td width=\"302\">Model name<\/td>\n<td width=\"302\">Short Sequin Dress Olivia<\/td>\n<\/tr>\n<tr>\n<td width=\"302\">Color<\/td>\n<td width=\"302\"><span style=\"font-size: 10pt;\">Lavender Violet Multi<\/span><\/td>\n<\/tr>\n<tr>\n<td width=\"302\">Mark<\/td>\n<td width=\"302\">Pretty Women<\/td>\n<\/tr>\n<tr>\n<td width=\"302\">Sizes<\/td>\n<td width=\"302\">34 36 38 40<\/td>\n<\/tr>\n<tr>\n<td width=\"302\">Fashion<\/td>\n<td width=\"302\">Matched<\/td>\n<\/tr>\n<tr>\n<td width=\"302\">Material<\/td>\n<td width=\"302\">Viscose, Polyester, Cotton<\/td>\n<\/tr>\n<tr>\n<td width=\"302\">Length<\/td>\n<td width=\"302\">Before the Knee<\/td>\n<\/tr>\n<\/tbody>\n<\/table>\n<p>&nbsp;<\/p>\n<p style=\"text-align: center;\">In order to match\u00a0<strong>perfect dresses<\/strong>\u00a0we invite you to contact us by phone or via our facebook.<br \/>\nOur team will help\u00a0<strong>Choose the right one<\/strong>\u00a0.\u00a0<strong>We can make each dress at the request of the buyer\u00a0<\/strong><strong>measure carefully.\u00a0<\/strong><\/p>\n<div class=\"additional-details\">\n<p style=\"text-align: center;\">\n<\/div>","protected":false},"excerpt":{"rendered":"<p>Sukienka Cekinowa Kr\u00f3tka Oliwia Lawendowa Multi Pi\u0119kna kr\u00f3tka suknia wieczorowa zdobiona cekinami oraz koralikami w postaci mieni\u0105cych si\u0119 kryszta\u0142k\u00f3w. Pi\u0119knie eksponuje kobiece kszta\u0142ty. Sukienka mini dopasowana posiada zdobienia na ramionach, kt\u00f3re pokryte s\u0105 r\u00f3\u017cnokolorowymi koralikami. Zapoznaj si\u0119 z nasz\u0105 ofert\u0105 sukni wieczorowych\u00a0i wybierz model, w kt\u00f3rej b\u0119dziesz wygl\u0105da\u0107 jak gwiazda\u00a0i wyr\u00f3\u017cnisz si\u0119 z t\u0142umu.\u00a0 Suknia<\/p>\n<div class=\"klb-readmore post-buttons\"><a class=\"button black outline size-sm\" href=\"https:\/\/madelinefashion.pl\/en\/product\/sukienka-cekinowa-krotka-oliwia-lawendowa-multi\/\">Read More <i class=\"klbth-icon-right-arrow\"><\/i><\/a><\/div>","protected":false},"featured_media":51870,"template":"","meta":[],"product_brand":[],"product_cat":[124,395,559,558],"product_tag":[257,262],"class_list":{"0":"post-56379","1":"product","2":"type-product","3":"status-publish","4":"has-post-thumbnail","6":"product_cat-sukienki-okolicznosciowe","7":"product_cat-nowosci","8":"product_cat-noworoczna-sekcja-okazji","9":"product_cat-sukienki-cekinowe","10":"product_tag-madelinefashion","11":"product_tag-sukienki-krotkie","13":"first","14":"instock","15":"sale","16":"purchasable","17":"product-type-variable"},"_links":{"self":[{"href":"https:\/\/madelinefashion.pl\/en\/wp-json\/wp\/v2\/product\/56379","targetHints":{"allow":["GET"]}}],"collection":[{"href":"https:\/\/madelinefashion.pl\/en\/wp-json\/wp\/v2\/product"}],"about":[{"href":"https:\/\/madelinefashion.pl\/en\/wp-json\/wp\/v2\/types\/product"}],"wp:featuredmedia":[{"embeddable":true,"href":"https:\/\/madelinefashion.pl\/en\/wp-json\/wp\/v2\/media\/51870"}],"wp:attachment":[{"href":"https:\/\/madelinefashion.pl\/en\/wp-json\/wp\/v2\/media?parent=56379"}],"wp:term":[{"taxonomy":"product_brand","embeddable":true,"href":"https:\/\/madelinefashion.pl\/en\/wp-json\/wp\/v2\/product_brand?post=56379"},{"taxonomy":"product_cat","embeddable":true,"href":"https:\/\/madelinefashion.pl\/en\/wp-json\/wp\/v2\/product_cat?post=56379"},{"taxonomy":"product_tag","embeddable":true,"href":"https:\/\/madelinefashion.pl\/en\/wp-json\/wp\/v2\/product_tag?post=56379"}],"curies":[{"name":"wp","href":"https:\/\/api.w.org\/{rel}","templated":true}]}}