{"id":565263,"date":"2025-05-09T17:09:50","date_gmt":"2025-05-09T15:09:50","guid":{"rendered":"https:\/\/madelinefashion.pl\/?post_type=product&#038;p=565263"},"modified":"2026-04-21T13:42:35","modified_gmt":"2026-04-21T11:42:35","slug":"sukienka-gorsetowa-z-rozcieciem-varvara-szalwia","status":"publish","type":"product","link":"https:\/\/madelinefashion.pl\/en\/product\/sukienka-gorsetowa-z-rozcieciem-varvara-szalwia\/","title":{"rendered":"Varvara Sage Corset Dress with Slit"},"content":{"rendered":"<h3 style=\"text-align: center;\">Varvara Sage Corset Dress with Slit<\/h3>\n<p style=\"text-align: center;\"><strong>Varvara<\/strong> This is a beautiful dress with thin straps. The bodice is corset-style. A silicone band is sewn into the bust to keep the dress in place. The lace-up back allows for a perfect fit. <strong>Fitted dress<\/strong>\u00a0it is a model with a flared bottom that drapes beautifully in motion. It has a leg slit that shows it off nicely. The dress, despite its simplicity, will surely make a great impression. The dress will be perfect for weddings, proms, proms, New Year&#039;s Eve and other special events.<br \/>\n<strong data-start=\"117\" data-end=\"172\">Pistachio-colored dress \u2013 the hit of the wedding season!<\/strong> \ud83c\udf3f<br data-start=\"175\" data-end=\"178\" \/>Phenomenal, fitted and full of charm \u2013 this dress in a fashionable shade of pistachio is the perfect choice for <strong>bridesmaids<\/strong>The delicate pastel green beautifully enhances a tan and suits every complexion. The fitted material perfectly accentuates feminine curves, ensuring comfort all night long.<br \/>\nIf you can&#039;t decide which color, size is best for you, please contact us via <a href=\"https:\/\/www.facebook.com\/madelinefashionbutik\" target=\"_blank\" rel=\"noopener\">Facebook<\/a> or <a href=\"https:\/\/madelinefashion.pl\/en\/kontakt\/\">phone<\/a>. If the size is not available on the website, please contact us.<\/p>\n<h3 style=\"text-align: center;\">DRESS DIMENSIONS:<\/h3>\n<table width=\"556\">\n<tbody>\n<tr>\n<td><strong>SIZE<\/strong><\/td>\n<td><strong>Bust<\/strong><\/td>\n<td><strong>Waist<\/strong><\/td>\n<td><strong>Hips<\/strong><\/td>\n<\/tr>\n<tr>\n<td><strong>34<\/strong><\/td>\n<td>84-86<\/td>\n<td>64-68<\/td>\n<td>\u00a082-90<\/td>\n<\/tr>\n<tr>\n<td><strong>36<\/strong><\/td>\n<td>88-90<\/td>\n<td>68-72<\/td>\n<td>\u00a086-92<\/td>\n<\/tr>\n<tr>\n<td><strong>38<\/strong><\/td>\n<td>92-94<\/td>\n<td>72-76<\/td>\n<td>\u00a090-96<\/td>\n<\/tr>\n<tr>\n<td><strong>40<\/strong><\/td>\n<td>96-98<\/td>\n<td>76-80<\/td>\n<td>\u00a094-106<\/td>\n<\/tr>\n<\/tbody>\n<\/table>\n<p style=\"text-align: center;\"><span style=\"font-size: 10pt;\">\u00a0 <\/span><\/p>\n<p style=\"text-align: center;\"><span style=\"font-size: 10pt;\">total length approx. 157 cm <\/span>(the dress can be shortened on your own)<\/p>\n<p style=\"text-align: center;\"><span style=\"font-size: 10pt;\">The dress is also available in <strong>other color variants<\/strong> - we encourage you to familiarize yourself with our other products.\u00a0<\/span><\/p>\n<p style=\"text-align: center;\"><span style=\"font-size: 10pt;\">Dimensions may slightly differ from the given +\/- 2cm.\u00a0<\/span><\/p>\n<p style=\"text-align: center;\"><span style=\"font-size: 10pt;\"><strong>\u00a0<\/strong>\u00a0<\/span><\/p>\n<table width=\"618\">\n<tbody>\n<tr>\n<td width=\"302\">Model name<\/td>\n<td width=\"302\">Varvara Corset Dress with Slit<\/td>\n<\/tr>\n<tr>\n<td width=\"302\">Color<\/td>\n<td width=\"302\">Pistachio \/ Sage<\/td>\n<\/tr>\n<tr>\n<td width=\"302\">Type<\/td>\n<td width=\"302\">Corset<\/td>\n<\/tr>\n<tr>\n<td width=\"302\">Sizes<\/td>\n<td width=\"302\">34 36 38 40<\/td>\n<\/tr>\n<tr>\n<td width=\"302\">Fashion<\/td>\n<td width=\"302\">Matched<\/td>\n<\/tr>\n<tr>\n<td width=\"302\">Material<\/td>\n<td width=\"302\">Viscose, Polyester<\/td>\n<\/tr>\n<tr>\n<td width=\"302\">Length<\/td>\n<td width=\"302\">To the ground<\/td>\n<\/tr>\n<\/tbody>\n<\/table>\n<p style=\"text-align: center;\"><span style=\"font-size: 10pt;\">* For larger sizes, please contact us by phone\u00a0\u00a0<\/span><\/p>\n<p style=\"text-align: center;\"><span style=\"font-size: 10pt;\">In order to match <strong>perfect dresses<\/strong> we invite you to contact us by phone or contact us <a href=\"https:\/\/www.facebook.com\/madelinefashionbutik\" target=\"_blank\" rel=\"noopener\">Facebook<\/a> .<\/span><br \/>\n<span style=\"font-size: 10pt;\">Our team will help <strong>Choose the right one<\/strong> . <strong>We can make each dress at the request of the buyer\u00a0<\/strong><strong>measure carefully.\u00a0<\/strong><\/span><\/p>\n<div class=\"additional-details\" style=\"text-align: center;\">\n<p style=\"text-align: center;\"><span style=\"font-size: 10pt;\">\u00a0<\/span><\/p>\n<\/div>","protected":false},"excerpt":{"rendered":"<p>Sukienka Gorsetowa Z Rozci\u0119ciem Varvara Sza\u0142wia Varvara to przepi\u0119kna sukienka\u00a0 na cienkich rami\u0105czkach. G\u00f3ra sukienki jest gorsetowa. Przy biu\u015bcie wszyty jest silikonowy pasek, kt\u00f3ry utrzyma sukienk\u0119 na miejscu. Wi\u0105zany ty\u0142 daje mo\u017cliwo\u015b\u0107 idealnego dopasowania sukienki. Dopasowana sukienka\u00a0to model z rozkloszowanym do\u0142em, kt\u00f3ry pi\u0119knie si\u0119 uk\u0142ada w ruchu. Ma rozci\u0119cie na nog\u0119, kt\u00f3re \u0142adnie j\u0105 eksponuje.<\/p>\n<div class=\"klb-readmore post-buttons\"><a class=\"button black outline size-sm\" href=\"https:\/\/madelinefashion.pl\/en\/product\/sukienka-gorsetowa-z-rozcieciem-varvara-szalwia\/\">Read More <i class=\"klbth-icon-right-arrow\"><\/i><\/a><\/div>","protected":false},"featured_media":565259,"template":"","meta":[],"product_brand":[],"product_cat":[124,569,563],"product_tag":[504,163,774,535],"class_list":{"0":"post-565263","1":"product","2":"type-product","3":"status-publish","4":"has-post-thumbnail","6":"product_cat-sukienki-okolicznosciowe","7":"product_cat-sukienki-dopasowane","8":"product_cat-sukienki-gorsetowe","9":"product_tag-party-time","10":"product_tag-sukienki-dlugie","11":"product_tag-szalwiowe-sukienki","12":"product_tag-zielone-sukienki","14":"first","15":"instock","16":"purchasable","17":"product-type-variable"},"_links":{"self":[{"href":"https:\/\/madelinefashion.pl\/en\/wp-json\/wp\/v2\/product\/565263","targetHints":{"allow":["GET"]}}],"collection":[{"href":"https:\/\/madelinefashion.pl\/en\/wp-json\/wp\/v2\/product"}],"about":[{"href":"https:\/\/madelinefashion.pl\/en\/wp-json\/wp\/v2\/types\/product"}],"wp:featuredmedia":[{"embeddable":true,"href":"https:\/\/madelinefashion.pl\/en\/wp-json\/wp\/v2\/media\/565259"}],"wp:attachment":[{"href":"https:\/\/madelinefashion.pl\/en\/wp-json\/wp\/v2\/media?parent=565263"}],"wp:term":[{"taxonomy":"product_brand","embeddable":true,"href":"https:\/\/madelinefashion.pl\/en\/wp-json\/wp\/v2\/product_brand?post=565263"},{"taxonomy":"product_cat","embeddable":true,"href":"https:\/\/madelinefashion.pl\/en\/wp-json\/wp\/v2\/product_cat?post=565263"},{"taxonomy":"product_tag","embeddable":true,"href":"https:\/\/madelinefashion.pl\/en\/wp-json\/wp\/v2\/product_tag?post=565263"}],"curies":[{"name":"wp","href":"https:\/\/api.w.org\/{rel}","templated":true}]}}