{"id":565810,"date":"2025-05-14T13:28:14","date_gmt":"2025-05-14T11:28:14","guid":{"rendered":"https:\/\/madelinefashion.pl\/?post_type=product&#038;p=565810"},"modified":"2026-04-20T17:52:04","modified_gmt":"2026-04-20T15:52:04","slug":"suknia-na-ramiaczkach-boda-szalwia","status":"publish","type":"product","link":"https:\/\/madelinefashion.pl\/en\/product\/suknia-na-ramiaczkach-boda-szalwia\/","title":{"rendered":"Boda Sage Strappy Dress"},"content":{"rendered":"<h3 style=\"text-align: center;\">Boda Sage Strappy Dress<\/h3>\n<p style=\"text-align: center;\"><strong>A phenomenal fitted dress in mint color\u00a0<\/strong> with the original <strong>lace top<\/strong> with V-neckline Top made of mesh trimmed with guipure floral lace with sewn beads. <strong>It looks very sensual and original.<\/strong> Chiffon back with a gentle V-neckline. The bottom of the dress is fitted - ala<strong> fish<\/strong>. A white dress for a civil or church wedding, perfect for a wedding reception or after-party. <strong>\u00a0V-shaped neckline<\/strong>. Tapered at the waist, it perfectly emphasizes the waist. <strong>Fishtail boda dress<\/strong> (mermaid) is the quintessence of wedding elegance. It beautifully accentuates the waist, hips, and bust. Our <strong>Dress<\/strong> The light green-sage color will add lightness and freshness to your styling - it will be perfect for spring and summer, but also as a color accent in more subdued, autumn-winter sets. <strong>Dresses from Madelinefashion<\/strong>\u00a0 is a perfect choice for weddings, proms, New Year&#039;s Eve, and other elegant special occasions. In our online store, you&#039;ll find unique dresses at incredibly affordable prices \u2013\u00a0 <strong>do not hesitate and choose the one that is perfect for you<\/strong>. If you can&#039;t decide which color, <strong>size<\/strong> is the best for you, <strong>contact us<\/strong> through <a href=\"https:\/\/www.facebook.com\/madelinefashionbutik\" target=\"_blank\" rel=\"noopener\">Facebook<\/a> or <a href=\"https:\/\/madelinefashion.pl\/en\/kontakt\/\">phone<\/a>. If the size is not available on the website, please contact us.\u00a0<strong> Not sure which wedding dress to choose? <a href=\"https:\/\/madelinefashion.pl\/en\/product-tag\/sukienka-biala\/?orderby=price-desc\">Check<\/a>which will be perfect for you!\u00a0<\/strong><\/p>\n<h3 style=\"text-align: center;\">DRESS DIMENSIONS:<\/h3>\n<div class=\"additional-details\" style=\"text-align: center;\">\n<table width=\"556\">\n<tbody>\n<tr>\n<td><strong>SIZE<\/strong><\/td>\n<td><strong>Bust<\/strong><\/td>\n<td><strong>Waist<\/strong><\/td>\n<td><strong>Hips<\/strong><\/td>\n<\/tr>\n<tr>\n<td><strong>34<\/strong><\/td>\n<td>84-86<\/td>\n<td>64-68<\/td>\n<td>\u00a082-90<\/td>\n<\/tr>\n<tr>\n<td><strong>36<\/strong><\/td>\n<td>88-90<\/td>\n<td>68-72<\/td>\n<td>\u00a086-92<\/td>\n<\/tr>\n<tr>\n<td><strong>38<\/strong><\/td>\n<td>92-94<\/td>\n<td>72-76<\/td>\n<td>\u00a090-96<\/td>\n<\/tr>\n<tr>\n<td><strong>40<\/strong><\/td>\n<td>96-98<\/td>\n<td>76-80<\/td>\n<td>\u00a094-106<\/td>\n<\/tr>\n<\/tbody>\n<\/table>\n<p style=\"text-align: center;\"><span style=\"font-size: 10pt;\">\u00a0 <\/span><\/p>\n<p style=\"text-align: center;\"><span style=\"font-size: 10pt;\">total length approx. 157 cm <\/span>(the dress can be shortened on your own)<\/p>\n<\/div>\n<p style=\"text-align: center;\"><span style=\"font-size: 10pt;\">The dress is also available in other colors - see our other products.<\/span><\/p>\n<p style=\"text-align: center;\"><span style=\"font-size: 10pt;\">Dimensions may slightly differ from the given +\/- 2cm.\u00a0<\/span><\/p>\n<p style=\"text-align: center;\"><span style=\"font-size: 10pt;\"><strong>\u00a0<\/strong>\u00a0<\/span><\/p>\n<table width=\"620\">\n<tbody>\n<tr>\n<td width=\"302\">Model name<\/td>\n<td width=\"302\">Boda Strappy Wedding Dress<\/td>\n<\/tr>\n<tr>\n<td width=\"302\">Color<\/td>\n<td width=\"302\">Light green \u2013 mint<\/td>\n<\/tr>\n<tr>\n<td width=\"302\">Mark<\/td>\n<td width=\"302\">Madelinefashion<\/td>\n<\/tr>\n<tr>\n<td width=\"302\">Sizes<\/td>\n<td width=\"302\">34 36 38 40<\/td>\n<\/tr>\n<tr>\n<td width=\"302\">Fashion<\/td>\n<td width=\"302\">Matching \/ fish<\/td>\n<\/tr>\n<tr>\n<td width=\"302\">Material<\/td>\n<td width=\"302\">Viscose, Polyester<\/td>\n<\/tr>\n<tr>\n<td width=\"302\">Length<\/td>\n<td width=\"302\">To the ground<\/td>\n<\/tr>\n<\/tbody>\n<\/table>\n<p style=\"text-align: center;\"><span style=\"font-size: 10pt;\">\u00a0<\/span><\/p>\n<p>&nbsp;<\/p>\n<p style=\"text-align: center;\"><span style=\"font-size: 10pt;\">In order to match <strong>perfect dresses<\/strong> we invite you to contact us by phone or contact us <a href=\"https:\/\/www.facebook.com\/madelinefashionbutik\" target=\"_blank\" rel=\"noopener\">Facebook<\/a> .<\/span><br \/>\n<span style=\"font-size: 10pt;\">Our team will help <strong>Choose the right one<\/strong> . <strong>We can make each dress at the request of the buyer\u00a0<\/strong><strong>measure carefully.\u00a0<\/strong><\/span><\/p>\n<div class=\"additional-details\" style=\"text-align: center;\">\n<p style=\"text-align: center;\"><span style=\"font-size: 10pt;\">\u00a0<\/span><\/p>\n<\/div>","protected":false},"excerpt":{"rendered":"<p>Suknia Na Rami\u0105czkach Boda Sza\u0142wia Zjawiskowa suknia dopasowana w kolorze mi\u0119towym\u00a0 z oryginaln\u0105 koronkow\u0105 g\u00f3r\u0105 z dekoltem w szpic\u00a0 G\u00f3ra wykonana z siateczki obszytej gipiurow\u0105 kwiatow\u0105 koronk\u0105 z naszytymi koralikami. Wygl\u0105da bardzo zmys\u0142owo i oryginalnie. Plecy szyfonowe z \u0142agodnym dekoltem w liter\u0119 v. D\u00f3\u0142 sukienki dopasowany &#8211; ala rybka. Bia\u0142a sukienka do \u015blubu cywilnego, ko\u015bcielnego\u00a0<\/p>\n<div class=\"klb-readmore post-buttons\"><a class=\"button black outline size-sm\" href=\"https:\/\/madelinefashion.pl\/en\/product\/suknia-na-ramiaczkach-boda-szalwia\/\">Read More <i class=\"klbth-icon-right-arrow\"><\/i><\/a><\/div>","protected":false},"featured_media":575496,"template":"","meta":[],"product_brand":[],"product_cat":[124,569],"product_tag":[257,163,774,535],"class_list":{"0":"post-565810","1":"product","2":"type-product","3":"status-publish","4":"has-post-thumbnail","6":"product_cat-sukienki-okolicznosciowe","7":"product_cat-sukienki-dopasowane","8":"product_tag-madelinefashion","9":"product_tag-sukienki-dlugie","10":"product_tag-szalwiowe-sukienki","11":"product_tag-zielone-sukienki","13":"first","14":"instock","15":"purchasable","16":"product-type-variable"},"_links":{"self":[{"href":"https:\/\/madelinefashion.pl\/en\/wp-json\/wp\/v2\/product\/565810","targetHints":{"allow":["GET"]}}],"collection":[{"href":"https:\/\/madelinefashion.pl\/en\/wp-json\/wp\/v2\/product"}],"about":[{"href":"https:\/\/madelinefashion.pl\/en\/wp-json\/wp\/v2\/types\/product"}],"wp:featuredmedia":[{"embeddable":true,"href":"https:\/\/madelinefashion.pl\/en\/wp-json\/wp\/v2\/media\/575496"}],"wp:attachment":[{"href":"https:\/\/madelinefashion.pl\/en\/wp-json\/wp\/v2\/media?parent=565810"}],"wp:term":[{"taxonomy":"product_brand","embeddable":true,"href":"https:\/\/madelinefashion.pl\/en\/wp-json\/wp\/v2\/product_brand?post=565810"},{"taxonomy":"product_cat","embeddable":true,"href":"https:\/\/madelinefashion.pl\/en\/wp-json\/wp\/v2\/product_cat?post=565810"},{"taxonomy":"product_tag","embeddable":true,"href":"https:\/\/madelinefashion.pl\/en\/wp-json\/wp\/v2\/product_tag?post=565810"}],"curies":[{"name":"wp","href":"https:\/\/api.w.org\/{rel}","templated":true}]}}