{"id":565878,"date":"2025-05-14T15:39:58","date_gmt":"2025-05-14T13:39:58","guid":{"rendered":"https:\/\/madelinefashion.pl\/?post_type=product&#038;p=565878"},"modified":"2026-04-24T19:38:23","modified_gmt":"2026-04-24T17:38:23","slug":"sukienka-z-rekawkiem-idea-gloria-z-rozcieciem-szalwiowa","status":"publish","type":"product","link":"https:\/\/madelinefashion.pl\/en\/product\/sukienka-z-rekawkiem-idea-gloria-z-rozcieciem-szalwiowa\/","title":{"rendered":"Idea Gloria Slit Sleeve Dress in Sage"},"content":{"rendered":"<h3 style=\"text-align: center;\">Sukienka z R\u0119kawkiem Idea Gloria z Rozci\u0119ciem Sza\u0142wiowa<\/h3>\n<p style=\"text-align: center;\">\u00a0Pi\u0119kna d\u0142uga suknia wieczorowa ze zwiewnego materia\u0142u z rozci\u0119ciem eksponuj\u0105cym nog\u0119. Sukienka maxi z d\u0142ugim &#8221; p\u0119kni\u0119tym &#8221; r\u0119kawkiem. Ty\u0142 sukienki zapinany na guzik oraz kryty zamek. Sukienka uszyta jest z delikatnej, zwiewnej tkaniny. D\u00f3\u0142 podszyty zwiewn\u0105 podszewk\u0105. \u00a0<strong>Sukienki Madelinefashion<\/strong> to doskona\u0142y wyb\u00f3r na wesele, studni\u00f3wk\u0119, sylwestra i inne eleganckie imprezy okoliczno\u015bciowe. <span class=\"relative -mx-px my-[-0.2rem] rounded px-px py-[0.2rem] transition-colors duration-100 ease-in-out\"><strong>Sza\u0142wiowa sukienka<\/strong> to jeden z najgor\u0119tszych trend\u00f3w w modzie na wiosn\u0119 i lato 2025.<\/span> <span class=\"relative -mx-px my-[-0.2rem] rounded px-px py-[0.2rem] transition-colors duration-100 ease-in-out\">Ten subtelny odcie\u0144 zieleni z domieszk\u0105 szaro\u015bci, zdominowa\u0142 wybory projektant\u00f3w i influencer\u00f3w mody.<\/span> <span class=\"relative -mx-px my-[-0.2rem] rounded px-px py-[0.2rem] transition-colors duration-100 ease-in-out\">W tym sezonie sza\u0142wia pojawia si\u0119 nie tylko w klasycznych fasonach, ale tak\u017ce w nowoczesnych, asymetrycznych krojach, kt\u00f3re podkre\u015blaj\u0105 indywidualno\u015b\u0107 i styl<\/span><br \/>\nSukienka Gloria z dekoltem w styl V pi\u0119kne eksponuje biust\u00a0 Je\u015bli nie mo\u017cesz zdecydowa\u0107, kt\u00f3ry <strong>rozmiar<\/strong> jest dla Ciebie najlepszy, <strong>skontaktuj si\u0119 z nami<\/strong> za po\u015brednictwem <a href=\"https:\/\/www.facebook.com\/madelinefashionbutik\" target=\"_blank\" rel=\"noopener\">Facebooka<\/a> lub <a href=\"https:\/\/madelinefashion.pl\/kontakt\/\">telefonu<\/a>. W przypadku braku rozmiaru na stronie prosimy o kontakt.<\/p>\n<h3 style=\"text-align: center;\">WYMIARY SUKIENKI:<\/h3>\n<div class=\"additional-details\" style=\"text-align: center;\">\n<div class=\"additional-details\" style=\"text-align: center;\">\n<table width=\"556\">\n<tbody>\n<tr>\n<td><strong>ROZMIAR<\/strong><\/td>\n<td><strong>Biust<\/strong><\/td>\n<td><strong>Talia<\/strong><\/td>\n<td><strong>Biodra<\/strong><\/td>\n<\/tr>\n<tr>\n<td><strong>36<\/strong><\/td>\n<td>88-94<\/td>\n<td>68<\/td>\n<td>\u00a0dowolne<\/td>\n<\/tr>\n<tr>\n<td><strong>38<\/strong><\/td>\n<td>92-96<\/td>\n<td>72<\/td>\n<td>\u00a0dowolne<\/td>\n<\/tr>\n<tr>\n<td><strong>40<\/strong><\/td>\n<td>96-102<\/td>\n<td>76<\/td>\n<td>\u00a0dowolne<\/td>\n<\/tr>\n<\/tbody>\n<\/table>\n<p>&nbsp;<\/p>\n<\/div>\n<p style=\"text-align: center;\"><span style=\"font-size: 10pt;\">d\u0142ugo\u015b\u0107 ca\u0142kowita ok. 160 cm ( sukienk\u0119 mo\u017cna skr\u00f3ci\u0107 we w\u0142asnym zakresie)\u00a0<\/span><\/p>\n<\/div>\n<p style=\"text-align: center;\"><span style=\"font-size: 10pt;\">Sukienka dost\u0119pna r\u00f3wnie\u017c w innych wariantach kolorystycznych \u2013 zach\u0119camy do zapoznania si\u0119 z naszymi innymi produktami.<\/span><\/p>\n<p style=\"text-align: center;\"><span style=\"font-size: 10pt;\">Wymiary mog\u0105 si\u0119 nieznacznie r\u00f3\u017cni\u0107 od podanych +\/-2cm.\u00a0<\/span><\/p>\n<p style=\"text-align: center;\"><span style=\"font-size: 10pt;\"><strong>\u00a0<\/strong>\u00a0<\/span><\/p>\n<table width=\"620\">\n<tbody>\n<tr>\n<td width=\"302\">Nazwa modelu<\/td>\n<td width=\"302\">Sukienka z R\u0119kawkiem Idea Gloria z Rozci\u0119ciem<\/td>\n<\/tr>\n<tr>\n<td width=\"302\">Kolor<\/td>\n<td width=\"302\">Jasno Zielony , Sza\u0142wia<\/td>\n<\/tr>\n<tr>\n<td width=\"302\">Dekolt<\/td>\n<td width=\"302\">Styl V<\/td>\n<\/tr>\n<tr>\n<td width=\"302\">Rozmiary<\/td>\n<td width=\"302\">36 38 40<\/td>\n<\/tr>\n<tr>\n<td width=\"302\">R\u0119kaw<\/td>\n<td width=\"302\">D\u0142ugi<\/td>\n<\/tr>\n<tr>\n<td width=\"302\">Materia\u0142<\/td>\n<td width=\"302\">Wiskoza, Poliester<\/td>\n<\/tr>\n<tr>\n<td width=\"302\">D\u0142ugo\u015b\u0107<\/td>\n<td width=\"302\">Do ziemi<\/td>\n<\/tr>\n<\/tbody>\n<\/table>\n<p style=\"text-align: center;\"><span style=\"font-size: 10pt;\">\u00a0<\/span><\/p>\n<p style=\"text-align: center;\"><span style=\"font-size: 10pt;\">W celu dobrania <strong>idealnej Sukienki<\/strong> zapraszamy do kontaktu telefonicznego b\u0105d\u017a kontaktu przez nasz <a href=\"https:\/\/www.facebook.com\/madelinefashionbutik\" target=\"_blank\" rel=\"noopener\">Facebook<\/a> .<\/span><br \/>\n<span style=\"font-size: 10pt;\">Nasz Zesp\u00f3\u0142 Pomo\u017ce <strong>Wybra\u0107 t\u0105 odpowiedni\u0105<\/strong> . <strong>Ka\u017cd\u0105 sukienk\u0119 mo\u017cemy na pro\u015bb\u0119 kupuj\u0105cego\u00a0<\/strong><strong>dok\u0142adnie zmierzy\u0107.\u00a0<\/strong><\/span><\/p>\n<div class=\"additional-details\" style=\"text-align: center;\">\n<p style=\"text-align: center;\"><span style=\"font-size: 10pt;\">\u00a0<\/span><\/p>\n<\/div>\n","protected":false},"excerpt":{"rendered":"<p>Sukienka z R\u0119kawkiem Idea Gloria z Rozci\u0119ciem Sza\u0142wiowa \u00a0Pi\u0119kna d\u0142uga suknia wieczorowa ze zwiewnego materia\u0142u z rozci\u0119ciem eksponuj\u0105cym nog\u0119. Sukienka maxi z d\u0142ugim &#8221; p\u0119kni\u0119tym &#8221; r\u0119kawkiem. Ty\u0142 sukienki zapinany na guzik oraz kryty zamek. Sukienka uszyta jest z delikatnej, zwiewnej tkaniny. D\u00f3\u0142 podszyty zwiewn\u0105 podszewk\u0105. \u00a0Sukienki Madelinefashion to doskona\u0142y wyb\u00f3r na wesele, studni\u00f3wk\u0119, sylwestra<\/p>\n<div class=\"klb-readmore post-buttons\"><a class=\"button black outline size-sm\" href=\"https:\/\/madelinefashion.pl\/en\/product\/sukienka-z-rekawkiem-idea-gloria-z-rozcieciem-szalwiowa\/\">Read More <i class=\"klbth-icon-right-arrow\"><\/i><\/a><\/div>","protected":false},"featured_media":575195,"template":"","meta":[],"product_brand":[],"product_cat":[124,395,568],"product_tag":[163,774,535],"class_list":{"0":"post-565878","1":"product","2":"type-product","3":"status-publish","4":"has-post-thumbnail","6":"product_cat-sukienki-okolicznosciowe","7":"product_cat-nowosci","8":"product_cat-sukienki-rozkloszowane-szyfonowe","9":"product_tag-sukienki-dlugie","10":"product_tag-szalwiowe-sukienki","11":"product_tag-zielone-sukienki","13":"first","14":"instock","15":"featured","16":"purchasable","17":"product-type-variable"},"_links":{"self":[{"href":"https:\/\/madelinefashion.pl\/en\/wp-json\/wp\/v2\/product\/565878","targetHints":{"allow":["GET"]}}],"collection":[{"href":"https:\/\/madelinefashion.pl\/en\/wp-json\/wp\/v2\/product"}],"about":[{"href":"https:\/\/madelinefashion.pl\/en\/wp-json\/wp\/v2\/types\/product"}],"wp:featuredmedia":[{"embeddable":true,"href":"https:\/\/madelinefashion.pl\/en\/wp-json\/wp\/v2\/media\/575195"}],"wp:attachment":[{"href":"https:\/\/madelinefashion.pl\/en\/wp-json\/wp\/v2\/media?parent=565878"}],"wp:term":[{"taxonomy":"product_brand","embeddable":true,"href":"https:\/\/madelinefashion.pl\/en\/wp-json\/wp\/v2\/product_brand?post=565878"},{"taxonomy":"product_cat","embeddable":true,"href":"https:\/\/madelinefashion.pl\/en\/wp-json\/wp\/v2\/product_cat?post=565878"},{"taxonomy":"product_tag","embeddable":true,"href":"https:\/\/madelinefashion.pl\/en\/wp-json\/wp\/v2\/product_tag?post=565878"}],"curies":[{"name":"wp","href":"https:\/\/api.w.org\/{rel}","templated":true}]}}