{"id":5661,"date":"2021-03-18T22:06:45","date_gmt":"2021-03-18T21:06:45","guid":{"rendered":"https:\/\/madelinefashion.pl\/?post_type=product&#038;p=5661"},"modified":"2026-01-15T12:43:37","modified_gmt":"2026-01-15T11:43:37","slug":"kurtka-damska-z-pagonami-czarna","status":"publish","type":"product","link":"https:\/\/madelinefashion.pl\/en\/product\/kurtka-damska-z-pagonami-czarna\/","title":{"rendered":"Black Women&#039;s Jacket with Epaulets"},"content":{"rendered":"<h3 style=\"text-align: center;\">Black Women&#039;s Jacket with Epaulets<\/h3>\n<p>Original <strong>spring jacket<\/strong> <strong>Have a Nice Day<\/strong> in a youth edition. Khaki-colored jacket with decorative epaulets, pockets and tapes with inscriptions. A model with a loose cut with a slightly extended back. This model is perfect for spring or fall and cooler summer days. Recommended for wearers <strong>SML XL XXL<\/strong><\/p>\n<h3 style=\"text-align: center;\">Dimensions of the jacket from the label:<\/h3>\n<p style=\"text-align: center;\"><span style=\"font-size: 10pt;\"><strong>XS \/ S<\/strong><\/span><br \/>\n<span style=\"font-size: 10pt;\">Total length front - 62 cm<\/span><br \/>\n<span style=\"font-size: 10pt;\">Total length back - 64 cm<\/span><br \/>\n<span style=\"font-size: 10pt;\">The width from armpit to armpit - 72 cm<\/span><br \/>\n<span style=\"font-size: 10pt;\">Waist width - 70 cm<\/span><br \/>\n<span style=\"font-size: 10pt;\">Sleeve length from shoulder - 56 cm<\/span><\/p>\n<p style=\"text-align: center;\"><span style=\"font-size: 10pt;\"><strong>M \/ L<\/strong><\/span><br \/>\n<span style=\"font-size: 10pt;\">Total length front - 62 cm<\/span><br \/>\n<span style=\"font-size: 10pt;\">Total length back - 64 cm<\/span><br \/>\n<span style=\"font-size: 10pt;\">The width from armpit to armpit - 72 cm<\/span><br \/>\n<span style=\"font-size: 10pt;\">Waist width - 70 cm<\/span><br \/>\n<span style=\"font-size: 10pt;\">Sleeve length from shoulder - 56 cm<\/span><\/p>\n<p style=\"text-align: center;\">Dimensions may slightly differ from the given +\/- 2cm. All dimensions given are measured flat.<\/p>\n<p>&nbsp;<\/p>\n<table width=\"605\">\n<tbody>\n<tr>\n<td width=\"302\">Model name<\/td>\n<td width=\"302\"><strong>Have a Nice Day<\/strong><\/td>\n<\/tr>\n<tr>\n<td width=\"302\">Color<\/td>\n<td width=\"302\">Black<\/td>\n<\/tr>\n<tr>\n<td width=\"302\">Sizes<\/td>\n<td width=\"302\">XS \/ S and M \/ L<\/td>\n<\/tr>\n<tr>\n<td width=\"302\">Fashion<\/td>\n<td width=\"302\">Oversize<\/td>\n<\/tr>\n<tr>\n<td width=\"302\">Hood<\/td>\n<td width=\"302\">Not<\/td>\n<\/tr>\n<tr>\n<td width=\"302\">Quality<\/td>\n<td width=\"302\">Premium<\/td>\n<\/tr>\n<tr>\n<td width=\"302\">Fastening<\/td>\n<td width=\"302\">Castle \/ Naps<\/td>\n<\/tr>\n<\/tbody>\n<\/table>\n<p>&nbsp;<\/p>\n<p style=\"text-align: center;\">The model has <strong>166<\/strong> cm tall, he wears it every day <strong>size S.<\/strong><\/p>\n<p style=\"text-align: center;\"><span style=\"font-size: 10pt;\">\u00a0<\/span><\/p>\n<p style=\"text-align: center;\">","protected":false},"excerpt":{"rendered":"<p>Kurtka Damska z Pagonami Czarna Oryginalna kurtka wiosenna Have a Nice Day w m\u0142odzie\u017cowym wydaniu. Kurtka w kolorze khaki z ozdobnymi pagonami, kieszeniami i ta\u015bmami z napisami. Model o lu\u017anym fasonie z lekko przed\u0142u\u017conym ty\u0142em. Ten model jest idealny na wiosn\u0119 lub jesie\u0144 i na ch\u0142odniejsze letnie dni.\u00a0 Zalecana dla os\u00f3b nosz\u0105cych S M L<\/p>\n<div class=\"klb-readmore post-buttons\"><a class=\"button black outline size-sm\" href=\"https:\/\/madelinefashion.pl\/en\/product\/kurtka-damska-z-pagonami-czarna\/\">Read More <i class=\"klbth-icon-right-arrow\"><\/i><\/a><\/div>","protected":false},"featured_media":5664,"template":"","meta":[],"product_brand":[],"product_cat":[117],"product_tag":[],"class_list":{"0":"post-5661","1":"product","2":"type-product","3":"status-publish","4":"has-post-thumbnail","6":"product_cat-kurtki","7":"pa_rozmiar-m-l","8":"pa_rozmiar-xs-s","10":"first","11":"instock","12":"sale","13":"purchasable","14":"product-type-variable"},"_links":{"self":[{"href":"https:\/\/madelinefashion.pl\/en\/wp-json\/wp\/v2\/product\/5661","targetHints":{"allow":["GET"]}}],"collection":[{"href":"https:\/\/madelinefashion.pl\/en\/wp-json\/wp\/v2\/product"}],"about":[{"href":"https:\/\/madelinefashion.pl\/en\/wp-json\/wp\/v2\/types\/product"}],"wp:featuredmedia":[{"embeddable":true,"href":"https:\/\/madelinefashion.pl\/en\/wp-json\/wp\/v2\/media\/5664"}],"wp:attachment":[{"href":"https:\/\/madelinefashion.pl\/en\/wp-json\/wp\/v2\/media?parent=5661"}],"wp:term":[{"taxonomy":"product_brand","embeddable":true,"href":"https:\/\/madelinefashion.pl\/en\/wp-json\/wp\/v2\/product_brand?post=5661"},{"taxonomy":"product_cat","embeddable":true,"href":"https:\/\/madelinefashion.pl\/en\/wp-json\/wp\/v2\/product_cat?post=5661"},{"taxonomy":"product_tag","embeddable":true,"href":"https:\/\/madelinefashion.pl\/en\/wp-json\/wp\/v2\/product_tag?post=5661"}],"curies":[{"name":"wp","href":"https:\/\/api.w.org\/{rel}","templated":true}]}}