{"id":567048,"date":"2025-05-22T14:09:42","date_gmt":"2025-05-22T12:09:42","guid":{"rendered":"https:\/\/madelinefashion.pl\/?post_type=product&#038;p=567048"},"modified":"2026-04-20T18:52:52","modified_gmt":"2026-04-20T16:52:52","slug":"sukienka-tiulowa-na-ramiaczkach-latte-slubna","status":"publish","type":"product","link":"https:\/\/madelinefashion.pl\/en\/product\/sukienka-tiulowa-na-ramiaczkach-latte-slubna\/","title":{"rendered":"Tulle Strapless Dress Latte Wedding"},"content":{"rendered":"<h3 style=\"text-align: center;\">Tulle Strapless Dress Latte Wedding<\/h3>\n<p style=\"text-align: center;\"><span style=\"font-size: 11.0pt;\">The Latte Tulle Strapless Dress is an elegant, feminine option perfect for special occasions. Crafted from lightweight, layered tulle, it gently drapes the silhouette, creating a subtle, romantic effect. The dress perfectly reflects current trends. The bodice is designed with a fitted corset with adjustable straps, allowing for a perfect fit. The skirt is made of airy layers of tulle that move with every step, adding lightness and grace. This style is suitable for weddings, proms, family gatherings, and elegant parties. This design accentuates the waist, slims the figure, and ensures comfort throughout the day or evening.<\/span><\/p>\n<p style=\"text-align: center;\" align=\"center\"><span style=\"font-size: 11.0pt;\">. It has cups sewn into the front, so you don&#039;t need to wear a bra.<br \/>\nAvailable in sizes XS SML. If you can&#039;t decide which color, <strong>size<\/strong> is the best for you, <strong>contact us<\/strong> through <a href=\"https:\/\/www.facebook.com\/madelinefashionbutik\" target=\"_blank\" rel=\"noopener\">Facebook<\/a> or <a href=\"https:\/\/madelinefashion.pl\/en\/kontakt\/\">phone<\/a>. If the size is not available on the website, please contact us.\u00a0<\/span><\/p>\n<h3 style=\"text-align: center;\">DRESS DIMENSIONS:<\/h3>\n<p>&nbsp;<\/p>\n<table width=\"500\">\n<tbody>\n<tr>\n<td><strong>SIZE<\/strong><\/td>\n<td><strong>Bust<\/strong><\/td>\n<td><strong>Waist<\/strong><\/td>\n<td width=\"73\"><strong>Hips<\/strong><\/td>\n<\/tr>\n<tr>\n<td><strong>34<\/strong><\/td>\n<td>84-86<\/td>\n<td>64<\/td>\n<td width=\"73\">\u00a0any<\/td>\n<\/tr>\n<tr>\n<td><strong>36<\/strong><\/td>\n<td>88-90<\/td>\n<td>68<\/td>\n<td width=\"73\">\u00a0any<\/td>\n<\/tr>\n<tr>\n<td><strong>38<\/strong><\/td>\n<td>\u00a092-94<\/td>\n<td>72<\/td>\n<td width=\"73\">\u00a0any<\/td>\n<\/tr>\n<tr>\n<td><strong>40<\/strong><\/td>\n<td>96-98<\/td>\n<td>76<\/td>\n<td width=\"73\">\u00a0any<\/td>\n<\/tr>\n<\/tbody>\n<\/table>\n<p style=\"text-align: center;\"><span style=\"font-size: 10pt;\">\u00a0<\/span><\/p>\n<p style=\"text-align: center;\"><span style=\"font-size: 10pt;\">total length approx. 157 cm\u00a0\u00a0<\/span><\/p>\n<p style=\"text-align: center;\"><span style=\"font-size: 10pt;\">The dress is also available in <strong>other color variants<\/strong> - we encourage you to familiarize yourself with our other products.\u00a0<\/span><\/p>\n<p style=\"text-align: center;\"><span style=\"font-size: 10pt;\">Dimensions may slightly differ from the given +\/- 2cm.\u00a0<\/span><\/p>\n<p style=\"text-align: center;\"><span style=\"font-size: 10pt;\"><strong>\u00a0<\/strong>\u00a0<\/span><\/p>\n<table width=\"618\">\n<tbody>\n<tr>\n<td width=\"302\">Model name<\/td>\n<td width=\"302\">Tulle Strapless Dress Latte<\/td>\n<\/tr>\n<tr>\n<td width=\"302\">Color<\/td>\n<td width=\"302\">White<\/td>\n<\/tr>\n<tr>\n<td width=\"302\">Material<\/td>\n<td width=\"302\">Tulle<\/td>\n<\/tr>\n<tr>\n<td width=\"302\">Sizes<\/td>\n<td width=\"302\">36 38 40<\/td>\n<\/tr>\n<tr>\n<td width=\"302\">Fashion<\/td>\n<td width=\"302\">Matched<\/td>\n<\/tr>\n<tr>\n<td width=\"302\">Material<\/td>\n<td width=\"302\">Viscose, Polyester, Cotton<\/td>\n<\/tr>\n<tr>\n<td width=\"302\">Length<\/td>\n<td width=\"302\">To the ground<\/td>\n<\/tr>\n<\/tbody>\n<\/table>\n<p style=\"text-align: center;\"><span style=\"font-size: 10pt;\">* For larger sizes, please contact us by phone\u00a0\u00a0<\/span><\/p>\n<p style=\"text-align: center;\"><span style=\"font-size: 10pt;\">In order to match <strong>perfect dresses<\/strong> we invite you to contact us by phone or contact us <a href=\"https:\/\/www.facebook.com\/madelinefashionbutik\" target=\"_blank\" rel=\"noopener\">Facebook<\/a> .<\/span><br \/>\n<span style=\"font-size: 10pt;\">Our team will help <strong>Choose the right one<\/strong> . <strong>We can make each dress at the request of the buyer\u00a0<\/strong><strong>measure carefully.\u00a0<\/strong><\/span><\/p>\n<p>Each dress can be adjusted to suit your height and heel height, if necessary. If it&#039;s too long, you can have it shortened or have a seamstress make minor alterations. This way, you can easily tailor your chosen dress to your measurements and feel perfectly at ease in it.<\/p>\n<div class=\"additional-details\" style=\"text-align: center;\">\n<p style=\"text-align: center;\"><span style=\"font-size: 10pt;\">\u00a0<\/span><\/p>\n<\/div>","protected":false},"excerpt":{"rendered":"<p>Sukienka Tiulowa Na Rami\u0105czkach Latte \u015alubna Sukienka Tiulowa Latte na rami\u0105czkach to elegancka, kobieca propozycja idealna na wyj\u0105tkowe okazje. Wykonana z lekkiego, warstwowego tiulu, delikatnie uk\u0142ada si\u0119 na sylwetce, tworz\u0105c subtelny, romantyczny efekt. Sukienka doskonale wpisuje si\u0119 w aktualne trendy.G\u00f3ra sukienki zosta\u0142a zaprojektowana z dopasowanym gorsetem na regulowanych rami\u0105czkach, co pozwala idealnie dopasowa\u0107 model do<\/p>\n<div class=\"klb-readmore post-buttons\"><a class=\"button black outline size-sm\" href=\"https:\/\/madelinefashion.pl\/en\/product\/sukienka-tiulowa-na-ramiaczkach-latte-slubna\/\">Read More <i class=\"klbth-icon-right-arrow\"><\/i><\/a><\/div>","protected":false},"featured_media":567006,"template":"","meta":[],"product_brand":[],"product_cat":[124,395,561,566,631],"product_tag":[219,163],"class_list":{"0":"post-567048","1":"product","2":"type-product","3":"status-publish","4":"has-post-thumbnail","6":"product_cat-sukienki-okolicznosciowe","7":"product_cat-nowosci","8":"product_cat-sukienki-tiulowe","9":"product_cat-suknie-slubne","10":"product_cat-suknie-slubne-tiulowe","11":"product_tag-sukienka-biala","12":"product_tag-sukienki-dlugie","14":"first","15":"instock","16":"purchasable","17":"product-type-variable"},"_links":{"self":[{"href":"https:\/\/madelinefashion.pl\/en\/wp-json\/wp\/v2\/product\/567048","targetHints":{"allow":["GET"]}}],"collection":[{"href":"https:\/\/madelinefashion.pl\/en\/wp-json\/wp\/v2\/product"}],"about":[{"href":"https:\/\/madelinefashion.pl\/en\/wp-json\/wp\/v2\/types\/product"}],"wp:featuredmedia":[{"embeddable":true,"href":"https:\/\/madelinefashion.pl\/en\/wp-json\/wp\/v2\/media\/567006"}],"wp:attachment":[{"href":"https:\/\/madelinefashion.pl\/en\/wp-json\/wp\/v2\/media?parent=567048"}],"wp:term":[{"taxonomy":"product_brand","embeddable":true,"href":"https:\/\/madelinefashion.pl\/en\/wp-json\/wp\/v2\/product_brand?post=567048"},{"taxonomy":"product_cat","embeddable":true,"href":"https:\/\/madelinefashion.pl\/en\/wp-json\/wp\/v2\/product_cat?post=567048"},{"taxonomy":"product_tag","embeddable":true,"href":"https:\/\/madelinefashion.pl\/en\/wp-json\/wp\/v2\/product_tag?post=567048"}],"curies":[{"name":"wp","href":"https:\/\/api.w.org\/{rel}","templated":true}]}}