{"id":56849,"date":"2022-09-03T14:53:31","date_gmt":"2022-09-03T12:53:31","guid":{"rendered":"https:\/\/madelinefashion.pl\/?post_type=product&#038;p=56849"},"modified":"2026-03-26T12:40:00","modified_gmt":"2026-03-26T11:40:00","slug":"spodnie-skorzane-z-wysokim-stanem-dopasowane-daree-bezowe","status":"publish","type":"product","link":"https:\/\/madelinefashion.pl\/en\/product\/spodnie-skorzane-z-wysokim-stanem-dopasowane-daree-bezowe\/","title":{"rendered":"High Waist Fitted Leather Pants Daree Beige"},"content":{"rendered":"<h3 style=\"text-align: center;\">High Waist Fitted Leather Pants Daree Beige<\/h3>\n<p style=\"text-align: center;\">Leather pants are a fashionable element that must not be missing in your wardrobe. Pants made of high-quality material with <strong>high waisted<\/strong>that perfectly shape the body. They are a great base for creating casual outfits. Their timeless cut will also perfectly complement the formal styling, introducing a bit of avant-garde to them. We recommend combining them with ours\u00a0<a href=\"https:\/\/madelinefashion.pl\/en\/bluzki-2\/koszule\/\">shirts<\/a>,\u00a0<a href=\"https:\/\/madelinefashion.pl\/en\/bluzki-2\/\">blouses<\/a>,\u00a0<a href=\"https:\/\/madelinefashion.pl\/en\/body\/\">body<\/a>\u00a0or e.g.\u00a0<a href=\"https:\/\/madelinefashion.pl\/en\/product-tag\/ramoneski\/\">Ramones jacket<\/a>\u00a0<a href=\"https:\/\/madelinefashion.pl\/en\/?s=valentino&amp;post_type=product\">Valentino<\/a>.\u00a0 \u00a0<strong>Our waxed<\/strong>\u00a0pants include\u00a0<strong>perfect<\/strong>\u00a0model for\u00a0<strong>Women of all ages<\/strong>\u00a0!! Pants quality\u00a0<strong>premium<\/strong>, elastic material that perfectly fits the body. They are fastened with buttons instead of a standard zipper, so you will look great and fashionable in them.<br \/>\nIf you have any further questions about this product, please do not hesitate to contact us by phone or help\u00a0<a href=\"https:\/\/www.facebook.com\/madelinefashionbutik\/\" target=\"_blank\" rel=\"noopener\">Facebook<\/a>\u00a0. Follow the new trends with\u00a0<a href=\"https:\/\/madelinefashion.pl\/en\/\"><strong>Madelinefashion<\/strong><\/a>. In the information after the purchase, you can send your measurements, we will choose the perfect pants for you.<\/p>\n<p>&nbsp;<\/p>\n<h3 style=\"text-align: center;\">Pants dimensions:<\/h3>\n<p style=\"text-align: center;\"><strong>SIZE S \/ M<\/strong><\/p>\n<ul style=\"text-align: center;\">\n<li>Overall length: 92 cm<\/li>\n<li>Inside leg length: 68 cm<\/li>\n<li>Waist width: 31-42 cm<\/li>\n<li>Hip width: 41-52 cm<\/li>\n<li>waist: 29 cm<\/li>\n<\/ul>\n<p style=\"text-align: center;\"><strong>SIZE M \/ L<\/strong><\/p>\n<ul style=\"text-align: center;\">\n<li>Overall length: 94 cm<\/li>\n<li>Inside leg length: 68 cm<\/li>\n<li>Waist width: 32-45 cm<\/li>\n<li>Hip width: 45-56 cm<\/li>\n<li>waist: 31 cm<\/li>\n<li><\/li>\n<\/ul>\n<p style=\"text-align: center;\"><strong>SIZE XL \/ XXL<\/strong><\/p>\n<ul style=\"text-align: center;\">\n<li>Overall length: 95 cm<\/li>\n<li>Inside leg length: 68 cm<\/li>\n<li>Waist width: 33-52 cm<\/li>\n<li>Hip width: 46-58 cm<\/li>\n<li>waist: 33 cm<\/li>\n<li><\/li>\n<li><\/li>\n<\/ul>\n<p style=\"text-align: center;\">Dimensions may vary from the given +\/- 2cm. All given\u00a0<strong>dimensions are measured flat. X2 dimension<\/strong><\/p>\n<p>&nbsp;<\/p>\n<div class=\"tabs tabs-bb clear mb-80\">\n<div class=\"tab-content\">\n<div id=\"tab-description\" class=\"tab-pane fade in woocommerce-Tabs-panel--description active\">\n<div class=\"tabs tabs-bb clear mb-80\">\n<div class=\"tab-content\">\n<div id=\"tab-description\" class=\"tab-pane fade in woocommerce-Tabs-panel--description active\">\n<div class=\"additional-details\">\n<p style=\"text-align: center;\">The model has\u00a0<strong>169<\/strong>\u00a0cm tall, wears a size every day\u00a0<strong>S.<\/strong><\/p>\n<p style=\"text-align: center;\">The width at the bust is 92 cm<\/p>\n<p style=\"text-align: center;\">Waist width 62 cm<\/p>\n<p style=\"text-align: center;\">The width at the hips is 94 cm<\/p>\n<\/div>\n<\/div>\n<\/div>\n<\/div>\n<\/div>\n<\/div>\n<\/div>\n<section class=\"up-sells upsells products mb-80\"><\/section>\n<p>&nbsp;<\/p>","protected":false},"excerpt":{"rendered":"<p>Spodnie Sk\u00f3rzane Z Wysokim Stanem Dopasowane Daree Be\u017cowe Spodnie sk\u00f3rzane to modny element, kt\u00f3rego nie mo\u017ce zabrakn\u0105\u0107 w Twojej garderobie. Spodnie wykonane z wysokiej jako\u015bci materia\u0142u z wysokim stanem, \u00a0kt\u00f3re doskonale modeluj\u0105 sylwetk\u0119. Stanowi\u0105 \u015bwietn\u0105 baz\u0119 do tworzenia niezobowi\u0105zuj\u0105cych outfit\u00f3w. Ich ponadczasowy kr\u00f3j perfekcyjnie uzupe\u0142ni r\u00f3wnie\u017c formalne stylizacj\u0119, wprowadzaj\u0105c do niech nieco awangardy. Polecamy \u0142\u0105czy\u0107<\/p>\n<div class=\"klb-readmore post-buttons\"><a class=\"button black outline size-sm\" href=\"https:\/\/madelinefashion.pl\/en\/product\/spodnie-skorzane-z-wysokim-stanem-dopasowane-daree-bezowe\/\">Read More <i class=\"klbth-icon-right-arrow\"><\/i><\/a><\/div>","protected":false},"featured_media":56699,"template":"","meta":[],"product_brand":[],"product_cat":[83,101,380],"product_tag":[475],"class_list":{"0":"post-56849","1":"product","2":"type-product","3":"status-publish","4":"has-post-thumbnail","6":"product_cat-spodnie","7":"product_cat-legginsy","8":"product_cat-wyprzedaz","9":"product_tag-spodnie-dlugie","10":"pa_rozmiar-s-m","11":"pa_rozmiar-m-l","12":"pa_rozmiar-xl-xxl","14":"first","15":"instock","16":"sale","17":"purchasable","18":"product-type-variable"},"_links":{"self":[{"href":"https:\/\/madelinefashion.pl\/en\/wp-json\/wp\/v2\/product\/56849","targetHints":{"allow":["GET"]}}],"collection":[{"href":"https:\/\/madelinefashion.pl\/en\/wp-json\/wp\/v2\/product"}],"about":[{"href":"https:\/\/madelinefashion.pl\/en\/wp-json\/wp\/v2\/types\/product"}],"wp:featuredmedia":[{"embeddable":true,"href":"https:\/\/madelinefashion.pl\/en\/wp-json\/wp\/v2\/media\/56699"}],"wp:attachment":[{"href":"https:\/\/madelinefashion.pl\/en\/wp-json\/wp\/v2\/media?parent=56849"}],"wp:term":[{"taxonomy":"product_brand","embeddable":true,"href":"https:\/\/madelinefashion.pl\/en\/wp-json\/wp\/v2\/product_brand?post=56849"},{"taxonomy":"product_cat","embeddable":true,"href":"https:\/\/madelinefashion.pl\/en\/wp-json\/wp\/v2\/product_cat?post=56849"},{"taxonomy":"product_tag","embeddable":true,"href":"https:\/\/madelinefashion.pl\/en\/wp-json\/wp\/v2\/product_tag?post=56849"}],"curies":[{"name":"wp","href":"https:\/\/api.w.org\/{rel}","templated":true}]}}