{"id":569590,"date":"2025-06-12T14:08:50","date_gmt":"2025-06-12T12:08:50","guid":{"rendered":"https:\/\/madelinefashion.pl\/?post_type=product&#038;p=569590"},"modified":"2026-04-20T17:52:02","modified_gmt":"2026-04-20T15:52:02","slug":"sukienka-maxi-gorsetowa-luckin-pudrowy-roz","status":"publish","type":"product","link":"https:\/\/madelinefashion.pl\/en\/product\/sukienka-maxi-gorsetowa-luckin-pudrowy-roz\/","title":{"rendered":"Luckin Powder Pink Corset Maxi Dress"},"content":{"rendered":"<h3 style=\"text-align: center;\">Luckin Powder Pink Corset Maxi Dress<\/h3>\n<p style=\"text-align: center;\">A phenomenal, classy and subtle charm wedding dress <strong data-start=\"245\" data-end=\"254\">Luckin<\/strong> is a choice for the future bride who dreams of modern elegance with a romantic accent. <strong data-start=\"321\" data-end=\"330\">Luckin Dress<\/strong> this is a dress about <strong data-start=\"343\" data-end=\"364\">fitted cut<\/strong>, which beautifully highlights the silhouette and highlights feminine shapes. The corset top was <strong data-start=\"453\" data-end=\"488\">decorated with subtle stones<\/strong>, which add elegance and a subtle sheen to the overall look \u2013 perfect for a special day. The dress has sewn-in cups at the front, so you don&#039;t need to wear a bra. Made and sewn in Poland. Available in sizes 34, 36, 38, and 40. Our dresses are a perfect choice for weddings, proms, New Year&#039;s Eve, and other elegant special occasions. Available in our online store in several color options, so don&#039;t hesitate and choose the one that&#039;s perfect for you. If you can&#039;t decide which color, <strong>size<\/strong> is the best for you, <strong>contact us<\/strong> through <a href=\"https:\/\/www.facebook.com\/madelinefashionbutik\" target=\"_blank\" rel=\"noopener\">Facebook<\/a> or <a href=\"https:\/\/madelinefashion.pl\/en\/kontakt\/\">phone<\/a>. If the size is not available on the website, please contact us.<\/p>\n<p>&nbsp;<\/p>\n<h3 style=\"text-align: center;\">DRESS DIMENSIONS:<\/h3>\n<table width=\"556\">\n<tbody>\n<tr>\n<td><strong>SIZE<\/strong><\/td>\n<td><strong>Bust<\/strong><\/td>\n<td><strong>Waist<\/strong><\/td>\n<td><strong>Hips<\/strong><\/td>\n<\/tr>\n<tr>\n<td><strong>34<\/strong><\/td>\n<td>84-86<\/td>\n<td>64-68<\/td>\n<td>\u00a082-90<\/td>\n<\/tr>\n<tr>\n<td><strong>36<\/strong><\/td>\n<td>88-90<\/td>\n<td>68-72<\/td>\n<td>\u00a086-92<\/td>\n<\/tr>\n<tr>\n<td><strong>38<\/strong><\/td>\n<td>92-94<\/td>\n<td>72-76<\/td>\n<td>\u00a090-96<\/td>\n<\/tr>\n<tr>\n<td><strong>40<\/strong><\/td>\n<td>96-98<\/td>\n<td>76-80<\/td>\n<td>\u00a094-106<\/td>\n<\/tr>\n<\/tbody>\n<\/table>\n<p style=\"text-align: center;\"><span style=\"font-size: 10pt;\">total length approx. 157 cm<\/span>\u00a0(the dress can be shortened on your own)<\/p>\n<p style=\"text-align: center;\"><span style=\"font-size: 10pt;\">The dress is also available in other colors - see our other products.<\/span><\/p>\n<p style=\"text-align: center;\"><span style=\"font-size: 10pt;\">Dimensions may slightly differ from the given +\/- 2cm.\u00a0<\/span><\/p>\n<p style=\"text-align: center;\"><span style=\"font-size: 10pt;\"><strong>\u00a0<\/strong>\u00a0<\/span><\/p>\n<table width=\"620\">\n<tbody>\n<tr>\n<td width=\"302\">Model name<\/td>\n<td width=\"302\">Lukin Powder Pink Corset Maxi Dress<\/td>\n<\/tr>\n<tr>\n<td width=\"302\">Color<\/td>\n<td width=\"302\">Powder Pink<\/td>\n<\/tr>\n<tr>\n<td width=\"302\">Cut<\/td>\n<td width=\"302\">Yes<\/td>\n<\/tr>\n<tr>\n<td width=\"302\">Sizes<\/td>\n<td width=\"302\">34 36 38 40<\/td>\n<\/tr>\n<tr>\n<td width=\"302\">Fashion<\/td>\n<td width=\"302\">Matched<\/td>\n<\/tr>\n<tr>\n<td width=\"302\">Material<\/td>\n<td width=\"302\">Viscose, Polyester, Cotton<\/td>\n<\/tr>\n<tr>\n<td width=\"302\">Length<\/td>\n<td width=\"302\">To the ground<\/td>\n<\/tr>\n<\/tbody>\n<\/table>\n<p style=\"text-align: center;\"><span style=\"font-size: 10pt;\">\u00a0<\/span><\/p>\n<p>&nbsp;<\/p>\n<p style=\"text-align: center;\"><span style=\"font-size: 10pt;\">In order to match <strong>perfect dresses<\/strong> we invite you to contact us by phone or contact us <a href=\"https:\/\/www.facebook.com\/madelinefashionbutik\" target=\"_blank\" rel=\"noopener\">Facebook<\/a> .<\/span><br \/>\n<span style=\"font-size: 10pt;\">Our team will help <strong>Choose the right one<\/strong> . <strong>We can make each dress at the request of the buyer\u00a0<\/strong><strong>measure carefully.\u00a0<\/strong><\/span><\/p>\n<div class=\"additional-details\" style=\"text-align: center;\">\n<p style=\"text-align: center;\"><span style=\"font-size: 10pt;\">\u00a0<\/span><\/p>\n<\/div>","protected":false},"excerpt":{"rendered":"<p>Sukienka Maxi Gorsetowa Luckin Pudrowy R\u00f3\u017c Zjawiskowa, pe\u0142na klasy i subtelnego uroku \u2013 suknia \u015blubna Luckin to wyb\u00f3r dla przysz\u0142ej Panny M\u0142odej, kt\u00f3ra marzy o nowoczesnej elegancji z romantycznym akcentem. Sukienka Luckin to suknia o dopasowanym kroju, kt\u00f3ra pi\u0119knie podkre\u015bla sylwetk\u0119 i eksponuje kobiece kszta\u0142ty. Gorsetowa g\u00f3ra zosta\u0142a ozdobiona subtelnymi kamieniami, kt\u00f3re dodaj\u0105 ca\u0142o\u015bci elegancji<\/p>\n<div class=\"klb-readmore post-buttons\"><a class=\"button black outline size-sm\" href=\"https:\/\/madelinefashion.pl\/en\/product\/sukienka-maxi-gorsetowa-luckin-pudrowy-roz\/\">Read More <i class=\"klbth-icon-right-arrow\"><\/i><\/a><\/div>","protected":false},"featured_media":569589,"template":"","meta":[],"product_brand":[],"product_cat":[124,569,563],"product_tag":[163,215],"class_list":{"0":"post-569590","1":"product","2":"type-product","3":"status-publish","4":"has-post-thumbnail","6":"product_cat-sukienki-okolicznosciowe","7":"product_cat-sukienki-dopasowane","8":"product_cat-sukienki-gorsetowe","9":"product_tag-sukienki-dlugie","10":"product_tag-sukienki-rozowe","12":"first","13":"instock","14":"purchasable","15":"product-type-variable"},"_links":{"self":[{"href":"https:\/\/madelinefashion.pl\/en\/wp-json\/wp\/v2\/product\/569590","targetHints":{"allow":["GET"]}}],"collection":[{"href":"https:\/\/madelinefashion.pl\/en\/wp-json\/wp\/v2\/product"}],"about":[{"href":"https:\/\/madelinefashion.pl\/en\/wp-json\/wp\/v2\/types\/product"}],"wp:featuredmedia":[{"embeddable":true,"href":"https:\/\/madelinefashion.pl\/en\/wp-json\/wp\/v2\/media\/569589"}],"wp:attachment":[{"href":"https:\/\/madelinefashion.pl\/en\/wp-json\/wp\/v2\/media?parent=569590"}],"wp:term":[{"taxonomy":"product_brand","embeddable":true,"href":"https:\/\/madelinefashion.pl\/en\/wp-json\/wp\/v2\/product_brand?post=569590"},{"taxonomy":"product_cat","embeddable":true,"href":"https:\/\/madelinefashion.pl\/en\/wp-json\/wp\/v2\/product_cat?post=569590"},{"taxonomy":"product_tag","embeddable":true,"href":"https:\/\/madelinefashion.pl\/en\/wp-json\/wp\/v2\/product_tag?post=569590"}],"curies":[{"name":"wp","href":"https:\/\/api.w.org\/{rel}","templated":true}]}}