{"id":570634,"date":"2025-06-24T15:19:44","date_gmt":"2025-06-24T13:19:44","guid":{"rendered":"https:\/\/madelinefashion.pl\/?post_type=product&#038;p=570634"},"modified":"2026-03-01T12:57:46","modified_gmt":"2026-03-01T11:57:46","slug":"torebka-wieczorowa-srebrna-vices","status":"publish","type":"product","link":"https:\/\/madelinefashion.pl\/en\/product\/torebka-wieczorowa-srebrna-vices\/","title":{"rendered":"Vices Silver Evening Bag"},"content":{"rendered":"<h3 style=\"text-align: center;\">Vices Silver Evening Bag<\/h3>\n<p style=\"text-align: center;\">A handbag is an essential part of an evening outfit. This model is characterized not only by its practicality, but also elegance. An elegant handbag will be perfect for every woman who follows the latest fashion trends. The bag has two sides, which makes it even more stylish.<\/p>\n<p>&nbsp;<\/p>\n<h3 style=\"text-align: center;\">Characteristics:<\/h3>\n<p>&nbsp;<\/p>\n<p style=\"text-align: center;\">evening<br \/>\ncovered with stones<br \/>\nperfect for a wedding \/ prom \/ prom<\/p>\n<p>&nbsp;<\/p>\n<h3 style=\"text-align: center;\">Bag dimensions:<\/h3>\n<ul style=\"text-align: center;\">\n<li>height - 13 cm<\/li>\n<li>width -21 cm<\/li>\n<li><\/li>\n<\/ul>","protected":false},"excerpt":{"rendered":"<p>Torebka Wieczorowa Srebrna Vices Torebka, to niezb\u0119dny cz\u0119\u015b\u0107 stylizacji wieczorowej. Ten model charakteryzuje si\u0119 nie tylko sw\u0105 praktyczno\u015bci\u0105, ale r\u00f3wnie\u017c elegancj\u0105. Elegancka torebka sprawdzi si\u0119 idealnie\u00a0 dla ka\u017cdej kobiety pod\u0105\u017caj\u0105cej za najnowszymi trendami w modzie. Torebka posiada dwie strony, przez co jest jeszcze bardziej stylowa. &nbsp; Cechy Charakterystyczne: &nbsp; wieczorowa pokryta kamieniami idealna na wesele\/bal\/<\/p>\n<div class=\"klb-readmore post-buttons\"><a class=\"button black outline size-sm\" href=\"https:\/\/madelinefashion.pl\/en\/product\/torebka-wieczorowa-srebrna-vices\/\">Read More <i class=\"klbth-icon-right-arrow\"><\/i><\/a><\/div>","protected":false},"featured_media":570579,"template":"","meta":[],"product_brand":[],"product_cat":[113],"product_tag":[504,412],"class_list":{"0":"post-570634","1":"product","2":"type-product","3":"status-publish","4":"has-post-thumbnail","6":"product_cat-dodatki","7":"product_tag-party-time","8":"product_tag-torebki-damskie","10":"first","11":"instock","12":"sale","13":"purchasable","14":"product-type-simple"},"_links":{"self":[{"href":"https:\/\/madelinefashion.pl\/en\/wp-json\/wp\/v2\/product\/570634","targetHints":{"allow":["GET"]}}],"collection":[{"href":"https:\/\/madelinefashion.pl\/en\/wp-json\/wp\/v2\/product"}],"about":[{"href":"https:\/\/madelinefashion.pl\/en\/wp-json\/wp\/v2\/types\/product"}],"wp:featuredmedia":[{"embeddable":true,"href":"https:\/\/madelinefashion.pl\/en\/wp-json\/wp\/v2\/media\/570579"}],"wp:attachment":[{"href":"https:\/\/madelinefashion.pl\/en\/wp-json\/wp\/v2\/media?parent=570634"}],"wp:term":[{"taxonomy":"product_brand","embeddable":true,"href":"https:\/\/madelinefashion.pl\/en\/wp-json\/wp\/v2\/product_brand?post=570634"},{"taxonomy":"product_cat","embeddable":true,"href":"https:\/\/madelinefashion.pl\/en\/wp-json\/wp\/v2\/product_cat?post=570634"},{"taxonomy":"product_tag","embeddable":true,"href":"https:\/\/madelinefashion.pl\/en\/wp-json\/wp\/v2\/product_tag?post=570634"}],"curies":[{"name":"wp","href":"https:\/\/api.w.org\/{rel}","templated":true}]}}