{"id":570645,"date":"2025-06-24T16:23:57","date_gmt":"2025-06-24T14:23:57","guid":{"rendered":"https:\/\/madelinefashion.pl\/?post_type=product&#038;p=570645"},"modified":"2026-01-28T14:02:05","modified_gmt":"2026-01-28T13:02:05","slug":"sukienka-premium-satynowa-selby-bordowa","status":"publish","type":"product","link":"https:\/\/madelinefashion.pl\/en\/product\/sukienka-premium-satynowa-selby-bordowa\/","title":{"rendered":"Selby Burgundy Premium Satin Dress"},"content":{"rendered":"<h3 style=\"text-align: center;\">Selby Burgundy Premium Satin Dress<\/h3>\n<p style=\"text-align: center;\">An elegant and feminine proposition for special occasions.<br data-start=\"278\" data-end=\"281\" \/><strong data-start=\"281\" data-end=\"290\">Selby<\/strong> is a fitted dress made of high-quality, slightly shimmering satin in a deep, burgundy shade. The pencil back accentuates the silhouette, and the striking, <strong data-start=\"446\" data-end=\"463\">decorated mountain<\/strong> It attracts attention and adds an evening touch to the whole look. The dress has sewn-in cups at the front, eliminating the need to wear a bra. Made and sewn in Poland, this maxi dress is the perfect choice for a wedding reception, wedding, or other special occasion. The dress will fulfill its role in 100% \u2013 it will attract guests&#039; attention and add a touch of elegance. <strong>exceptional self-confidence<\/strong>. Plus Size dress available in several colors, sizes 38-48. Don&#039;t hesitate and choose the one that&#039;s perfect for you. If you can&#039;t decide which color, <strong>size<\/strong>\u00a0is the best for you,\u00a0<strong>contact us<\/strong>\u00a0through\u00a0<a href=\"https:\/\/www.facebook.com\/madelinefashionbutik\" target=\"_blank\" rel=\"noopener\">Facebook<\/a>\u00a0or\u00a0<a href=\"https:\/\/madelinefashion.pl\/en\/kontakt\/\">phone<\/a>. If the size is not available on the website, please contact us.<\/p>\n<h3 style=\"text-align: center;\">DRESS DIMENSIONS:<\/h3>\n<p>&nbsp;<\/p>\n<table width=\"556\">\n<tbody>\n<tr>\n<td><strong>SIZE<\/strong><\/td>\n<td><strong>Bust<\/strong><\/td>\n<td><strong>Waist<\/strong><\/td>\n<td><strong>Hips<\/strong><\/td>\n<\/tr>\n<tr>\n<td><strong>40<\/strong><\/td>\n<td>100-102<\/td>\n<td>88<\/td>\n<td>\u00a0any<\/td>\n<\/tr>\n<tr>\n<td><strong>42<\/strong><\/td>\n<td>104-106<\/td>\n<td>92<\/td>\n<td>\u00a0any<\/td>\n<\/tr>\n<tr>\n<td><strong>44<\/strong><\/td>\n<td>108-110<\/td>\n<td>96<\/td>\n<td>\u00a0any<\/td>\n<\/tr>\n<tr>\n<td><strong>46<\/strong><\/td>\n<td>110-114<\/td>\n<td>100<\/td>\n<td>\u00a0any<\/td>\n<\/tr>\n<tr>\n<td><strong>48<\/strong><\/td>\n<td>114-118<\/td>\n<td>106<\/td>\n<td>\u00a0any<\/td>\n<\/tr>\n<tr>\n<td><strong>50<\/strong><\/td>\n<td>118-120<\/td>\n<td>110<\/td>\n<td>\u00a0any<\/td>\n<\/tr>\n<\/tbody>\n<\/table>\n<p style=\"text-align: center;\"><span style=\"font-size: 10pt;\">total length approx. 157 cm\u00a0\u00a0<\/span><\/p>\n<p style=\"text-align: center;\"><span style=\"font-size: 10pt;\">The dress is also available in other colors - see our other products.\u00a0<\/span><\/p>\n<p style=\"text-align: center;\"><span style=\"font-size: 10pt;\">Dimensions may slightly differ from the given +\/- 2cm.\u00a0<\/span><\/p>\n<p style=\"text-align: center;\"><span style=\"font-size: 10pt;\"><strong>\u00a0<\/strong>\u00a0<\/span><\/p>\n<table width=\"616\">\n<tbody>\n<tr>\n<td width=\"302\">Model name<\/td>\n<td width=\"302\">Selby Burgundy Premium Satin Dress<\/td>\n<\/tr>\n<tr>\n<td width=\"302\">Color<\/td>\n<td width=\"302\">Claret<\/td>\n<\/tr>\n<tr>\n<td width=\"302\">Mark<\/td>\n<td width=\"302\">Pretty Women<\/td>\n<\/tr>\n<tr>\n<td width=\"302\">Sizes<\/td>\n<td width=\"302\">\u00a042 44 46 48 50<\/td>\n<\/tr>\n<tr>\n<td width=\"302\">Fashion<\/td>\n<td width=\"302\">Matched<\/td>\n<\/tr>\n<tr>\n<td width=\"302\">Material<\/td>\n<td width=\"302\">Viscose, Polyester, Cotton<\/td>\n<\/tr>\n<tr>\n<td width=\"302\">Length<\/td>\n<td width=\"302\">To the ground<\/td>\n<\/tr>\n<\/tbody>\n<\/table>\n<p style=\"text-align: center;\"><span style=\"font-size: 10pt;\">\u00a0<\/span><\/p>\n<p>&nbsp;<\/p>\n<p style=\"text-align: center;\"><span style=\"font-size: 10pt;\">In order to match\u00a0<strong>perfect dresses<\/strong>\u00a0we invite you to contact us by phone or contact us <a href=\"https:\/\/www.facebook.com\/madelinefashionbutik\" target=\"_blank\" rel=\"noopener\">facebook<\/a> .<\/span><br \/>\n<span style=\"font-size: 10pt;\">Our team will help\u00a0<strong>Choose the right one<\/strong>\u00a0.\u00a0<strong>We can make each dress at the request of the buyer\u00a0<\/strong><strong>measure carefully.\u00a0<\/strong><\/span><\/p>\n<div class=\"additional-details\">\n<p style=\"text-align: center;\"><span style=\"font-size: 10pt;\">\u00a0<\/span><\/p>\n<\/div>","protected":false},"excerpt":{"rendered":"<p>Sukienka Premium Satynowa Selby Bordowa Elegancka i kobieca propozycja na wyj\u0105tkowe okazje.Selby to dopasowana sukienka wykonana z wysokiej jako\u015bci, lekko po\u0142yskuj\u0105cej satyny w g\u0142\u0119bokim, bordowym odcieniu. Ty\u0142 o\u0142\u00f3wkowy podkre\u015bla sylwetk\u0119, a efektowna, zdobiona g\u00f3ra przyci\u0105ga spojrzenia i dodaje ca\u0142o\u015bci wieczorowego charakteru. Sukienka posiada z przodu wszyte miseczki, dzi\u0119ki czemu nie trzeba zak\u0142ada\u0107 biustonosza. Wyprodukowana i<\/p>\n<div class=\"klb-readmore post-buttons\"><a class=\"button black outline size-sm\" href=\"https:\/\/madelinefashion.pl\/en\/product\/sukienka-premium-satynowa-selby-bordowa\/\">Read More <i class=\"klbth-icon-right-arrow\"><\/i><\/a><\/div>","protected":false},"featured_media":570652,"template":"","meta":[],"product_brand":[],"product_cat":[124,395,564],"product_tag":[257,385,216,163],"class_list":{"0":"post-570645","1":"product","2":"type-product","3":"status-publish","4":"has-post-thumbnail","6":"product_cat-sukienki-okolicznosciowe","7":"product_cat-nowosci","8":"product_cat-sukienki-plus-size","9":"product_tag-madelinefashion","10":"product_tag-plus-size","11":"product_tag-sukienki-bordowe","12":"product_tag-sukienki-dlugie","14":"first","15":"instock","16":"purchasable","17":"product-type-variable"},"_links":{"self":[{"href":"https:\/\/madelinefashion.pl\/en\/wp-json\/wp\/v2\/product\/570645","targetHints":{"allow":["GET"]}}],"collection":[{"href":"https:\/\/madelinefashion.pl\/en\/wp-json\/wp\/v2\/product"}],"about":[{"href":"https:\/\/madelinefashion.pl\/en\/wp-json\/wp\/v2\/types\/product"}],"wp:featuredmedia":[{"embeddable":true,"href":"https:\/\/madelinefashion.pl\/en\/wp-json\/wp\/v2\/media\/570652"}],"wp:attachment":[{"href":"https:\/\/madelinefashion.pl\/en\/wp-json\/wp\/v2\/media?parent=570645"}],"wp:term":[{"taxonomy":"product_brand","embeddable":true,"href":"https:\/\/madelinefashion.pl\/en\/wp-json\/wp\/v2\/product_brand?post=570645"},{"taxonomy":"product_cat","embeddable":true,"href":"https:\/\/madelinefashion.pl\/en\/wp-json\/wp\/v2\/product_cat?post=570645"},{"taxonomy":"product_tag","embeddable":true,"href":"https:\/\/madelinefashion.pl\/en\/wp-json\/wp\/v2\/product_tag?post=570645"}],"curies":[{"name":"wp","href":"https:\/\/api.w.org\/{rel}","templated":true}]}}