{"id":572938,"date":"2025-07-17T11:59:52","date_gmt":"2025-07-17T09:59:52","guid":{"rendered":"https:\/\/madelinefashion.pl\/?post_type=product&#038;p=572938"},"modified":"2026-03-01T12:57:43","modified_gmt":"2026-03-01T11:57:43","slug":"torebka-wieczorowa-lizbona-pomaranczowa","status":"publish","type":"product","link":"https:\/\/madelinefashion.pl\/en\/product\/torebka-wieczorowa-lizbona-pomaranczowa\/","title":{"rendered":"Lisbon Orange Evening Bag"},"content":{"rendered":"<h3 style=\"text-align: center;\">Lisbon Orange Evening Bag<\/h3>\n<p style=\"text-align: center;\">A handbag is an indispensable part of evening styling. This model is not only practical, but also elegant. An elegant handbag will be perfect for every woman who follows the latest fashion trends.<\/p>\n<p>&nbsp;<\/p>\n<h3 style=\"text-align: center;\">Characteristics:<\/h3>\n<p style=\"text-align: center;\">evening<\/p>\n<p style=\"text-align: center;\">perfect for a wedding \/ prom \/ prom<\/p>\n<p style=\"text-align: center;\">decorated with stones<\/p>\n<p>&nbsp;<\/p>\n<h3 style=\"text-align: center;\">Bag dimensions:<\/h3>\n<ul style=\"text-align: center;\">\n<li>height - 14 cm<\/li>\n<li>width -20 cm<\/li>\n<\/ul>","protected":false},"excerpt":{"rendered":"<p>Torebka Wieczorowa Lizbona Pomara\u0144czowa Torebka, to niezb\u0119dny cz\u0119\u015b\u0107 stylizacji wieczorowej. Ten model charakteryzuje si\u0119 nie tylko sw\u0105 praktyczno\u015bci\u0105, ale r\u00f3wnie\u017c elegancj\u0105.\u00a0 Elegancka torebka sprawdzi si\u0119 idealnie\u00a0 dla ka\u017cdej kobiety pod\u0105\u017caj\u0105cej za najnowszymi trendami w modzie. &nbsp; Cechy Charakterystyczne: wieczorowa idealna na wesele\/bal\/ studni\u00f3wk\u0119 zdobiona kamieniami &nbsp; Wymiary Torebki: wysoko\u015b\u0107 &#8211; 14 cm szeroko\u015b\u0107 -20 cm<\/p>","protected":false},"featured_media":572926,"template":"","meta":[],"product_brand":[],"product_cat":[113],"product_tag":[504,412],"class_list":{"0":"post-572938","1":"product","2":"type-product","3":"status-publish","4":"has-post-thumbnail","6":"product_cat-dodatki","7":"product_tag-party-time","8":"product_tag-torebki-damskie","10":"first","11":"instock","12":"sale","13":"purchasable","14":"product-type-simple"},"_links":{"self":[{"href":"https:\/\/madelinefashion.pl\/en\/wp-json\/wp\/v2\/product\/572938","targetHints":{"allow":["GET"]}}],"collection":[{"href":"https:\/\/madelinefashion.pl\/en\/wp-json\/wp\/v2\/product"}],"about":[{"href":"https:\/\/madelinefashion.pl\/en\/wp-json\/wp\/v2\/types\/product"}],"wp:featuredmedia":[{"embeddable":true,"href":"https:\/\/madelinefashion.pl\/en\/wp-json\/wp\/v2\/media\/572926"}],"wp:attachment":[{"href":"https:\/\/madelinefashion.pl\/en\/wp-json\/wp\/v2\/media?parent=572938"}],"wp:term":[{"taxonomy":"product_brand","embeddable":true,"href":"https:\/\/madelinefashion.pl\/en\/wp-json\/wp\/v2\/product_brand?post=572938"},{"taxonomy":"product_cat","embeddable":true,"href":"https:\/\/madelinefashion.pl\/en\/wp-json\/wp\/v2\/product_cat?post=572938"},{"taxonomy":"product_tag","embeddable":true,"href":"https:\/\/madelinefashion.pl\/en\/wp-json\/wp\/v2\/product_tag?post=572938"}],"curies":[{"name":"wp","href":"https:\/\/api.w.org\/{rel}","templated":true}]}}