{"id":572988,"date":"2025-07-17T12:55:27","date_gmt":"2025-07-17T10:55:27","guid":{"rendered":"https:\/\/madelinefashion.pl\/?post_type=product&#038;p=572988"},"modified":"2026-04-29T00:28:38","modified_gmt":"2026-04-28T22:28:38","slug":"szpilki-bezowe-z-kokarda","status":"publish","type":"product","link":"https:\/\/madelinefashion.pl\/en\/product\/szpilki-bezowe-z-kokarda\/","title":{"rendered":"Beige High Heels with a Bow"},"content":{"rendered":"<h3 style=\"text-align: center;\">Beige High Heels with a Bow<\/h3>\n<h3 style=\"text-align: center;\" data-start=\"101\" data-end=\"161\">Silver Bow Stilettos \u2013 Class and Sparkle in One Step<\/h3>\n<p style=\"text-align: center;\" data-start=\"163\" data-end=\"469\">Add a touch of sparkle to any outfit with our unique stilettos featuring an elegant silver bow. They combine a classic design with a subtle yet striking accent that will turn heads. Crafted from high-quality materials, they ensure comfort and a perfect fit.<\/p>\n<p style=\"text-align: center;\" data-start=\"471\" data-end=\"665\">The slender heel visually elongates the legs, while the silver bow adds chic and feminine charm. Perfect for formal occasions, parties, or as a striking addition to an evening outfit. Impress with style and feminine elegance \u2013 choose stilettos that speak volumes. These shoes are perfect for everyday wear for women who value originality. The durable and flexible sole is made of high-quality material. <strong>When choosing a size, please use the size chart<a href=\"https:\/\/madelinefashion.pl\/en\/sukienki-i-kombinezony\/sukienki-okolicznosciowe\/\"> Our Wedding Creations\u00a0<\/a><\/strong><\/p>\n<h3 style=\"text-align: center;\">Characteristics:<\/h3>\n<ul>\n<li style=\"text-align: center;\"><strong>Color<\/strong>: Beige + Sebro<\/li>\n<li style=\"text-align: center;\"><strong>Outer material<\/strong>: Artificial leather<\/li>\n<li style=\"text-align: center;\"><strong>Numbering<\/strong>: Typical - we suggest choosing the size you are wearing<\/li>\n<li style=\"text-align: center;\"><strong>Type of heel<\/strong>: Pin<\/li>\n<li style=\"text-align: center;\"><strong>Insert<\/strong>: Artificial leather<\/li>\n<li style=\"text-align: center;\">Comfortable, stable<\/li>\n<li style=\"text-align: center;\">Classic<\/li>\n<li style=\"text-align: center;\"><strong>Season<\/strong> spring Summer Autumn Winter<\/li>\n<li style=\"text-align: center;\">Timeless<\/li>\n<\/ul>\n<h3 style=\"text-align: center;\">Dimensions<\/h3>\n<p style=\"text-align: center;\"><strong>Heel Height: 8<\/strong>cm<\/p>\n<p>&nbsp;<\/p>\n<table width=\"540\">\n<thead>\n<tr>\n<td width=\"216\"><strong>EU size<\/strong><\/td>\n<td width=\"316\"><strong>The length of the insert<\/strong><\/td>\n<\/tr>\n<\/thead>\n<tbody>\n<tr>\n<td width=\"216\"><strong>36<\/strong><\/td>\n<td width=\"316\">23.5 cm<\/td>\n<\/tr>\n<tr>\n<td width=\"216\"><strong>37<\/strong><\/td>\n<td width=\"316\">24 cm<\/td>\n<\/tr>\n<tr>\n<td width=\"216\"><strong>38<\/strong><\/td>\n<td width=\"316\">24.5 cm<\/td>\n<\/tr>\n<tr>\n<td width=\"216\"><strong>39<\/strong><\/td>\n<td width=\"316\">25 cm<\/td>\n<\/tr>\n<tr>\n<td width=\"216\"><strong>40<\/strong><\/td>\n<td width=\"316\">25.5 cm<\/td>\n<\/tr>\n<tr>\n<td width=\"216\"><strong>41<\/strong><\/td>\n<td width=\"316\">26 cm<\/td>\n<\/tr>\n<\/tbody>\n<\/table>\n<div class=\"wrap-content\">\n<div class=\"main-container container\">\n<div class=\"row\">\n<section class=\"main-content sidebar-left-false\">\n<div class=\"product-page page\">\n<div class=\"page-content\">\n<div id=\"ProductSizing\" class=\"product-sizing modal fade in\" tabindex=\"-1\" role=\"dialog\" aria-hidden=\"false\">\n<div class=\"modal-dialog\">\n<div class=\"modal-content\">\n<div class=\"widget html_editor\">\n<p>&nbsp;<\/p>\n<\/div>\n<p>&nbsp;<\/p>\n<\/div>\n<\/div>\n<\/div>\n<\/div>\n<\/div>\n<\/section>\n<\/div>\n<\/div>\n<\/div>\n<div class=\"wrap-footer\">\n<footer class=\"\">\n<div class=\"container\">\n<div class=\"footer-newsletter-box\"><\/div>\n<\/div>\n<\/footer>\n<\/div>\n<table>\n<tbody>\n<tr>\n<td width=\"302\">Model Name<\/td>\n<td width=\"302\">Beige High Heels with a Bow<\/td>\n<\/tr>\n<tr>\n<td width=\"302\">Color<\/td>\n<td width=\"302\">Silver<\/td>\n<\/tr>\n<tr>\n<td width=\"302\">Sizes<\/td>\n<td width=\"302\">36 37\u00a0 38\u00a0 39 40, 41<\/td>\n<\/tr>\n<tr>\n<td width=\"302\">Material<\/td>\n<td width=\"302\">Artificial leather<\/td>\n<\/tr>\n<tr>\n<td width=\"302\">Type of heel<\/td>\n<td width=\"302\">Pin<\/td>\n<\/tr>\n<tr>\n<td width=\"302\">Style<\/td>\n<td width=\"302\">Elegant \/ Classic<\/td>\n<\/tr>\n<tr>\n<td width=\"302\">Collection<\/td>\n<td width=\"302\">Spring \/ Fall \/ Summer<\/td>\n<\/tr>\n<\/tbody>\n<\/table>\n<div class=\"tabs tabs-bb clear mb-80\">\n<div class=\"tab-content\">\n<div id=\"tab-description\" class=\"tab-pane fade in woocommerce-Tabs-panel--description active\">\n<p style=\"text-align: center;\">\n<\/div>\n<\/div>\n<\/div>\n<section class=\"up-sells upsells products mb-80\"><\/section>\n<p style=\"text-align: left;\">Product Code : 66-1<\/p>","protected":false},"excerpt":{"rendered":"<p>Szpilki Be\u017cowe Z Kokard\u0105 Szpilki z Srebrn\u0105 Kokard\u0105 \u2013 Klasa i B\u0142ysk w Jednym Kroku Dodaj odrobin\u0119 blasku do ka\u017cdej stylizacji dzi\u0119ki naszym wyj\u0105tkowym szpilkom z eleganck\u0105 srebrn\u0105 kokard\u0105. To po\u0142\u0105czenie klasycznego fasonu z subtelnym, ale wyrazistym akcentem, kt\u00f3ry przyci\u0105ga spojrzenia. Wykonane z wysokiej jako\u015bci materia\u0142\u00f3w, zapewniaj\u0105 komfort noszenia i doskona\u0142e dopasowanie do stopy. Smuk\u0142y<\/p>\n<div class=\"klb-readmore post-buttons\"><a class=\"button black outline size-sm\" href=\"https:\/\/madelinefashion.pl\/en\/product\/szpilki-bezowe-z-kokarda\/\">Read More <i class=\"klbth-icon-right-arrow\"><\/i><\/a><\/div>","protected":false},"featured_media":598560,"template":"","meta":[],"product_brand":[],"product_cat":[400,395],"product_tag":[440],"class_list":{"0":"post-572988","1":"product","2":"type-product","3":"status-publish","4":"has-post-thumbnail","6":"product_cat-buty","7":"product_cat-nowosci","8":"product_tag-szpilki","10":"first","11":"instock","12":"purchasable","13":"product-type-variable"},"_links":{"self":[{"href":"https:\/\/madelinefashion.pl\/en\/wp-json\/wp\/v2\/product\/572988","targetHints":{"allow":["GET"]}}],"collection":[{"href":"https:\/\/madelinefashion.pl\/en\/wp-json\/wp\/v2\/product"}],"about":[{"href":"https:\/\/madelinefashion.pl\/en\/wp-json\/wp\/v2\/types\/product"}],"wp:featuredmedia":[{"embeddable":true,"href":"https:\/\/madelinefashion.pl\/en\/wp-json\/wp\/v2\/media\/598560"}],"wp:attachment":[{"href":"https:\/\/madelinefashion.pl\/en\/wp-json\/wp\/v2\/media?parent=572988"}],"wp:term":[{"taxonomy":"product_brand","embeddable":true,"href":"https:\/\/madelinefashion.pl\/en\/wp-json\/wp\/v2\/product_brand?post=572988"},{"taxonomy":"product_cat","embeddable":true,"href":"https:\/\/madelinefashion.pl\/en\/wp-json\/wp\/v2\/product_cat?post=572988"},{"taxonomy":"product_tag","embeddable":true,"href":"https:\/\/madelinefashion.pl\/en\/wp-json\/wp\/v2\/product_tag?post=572988"}],"curies":[{"name":"wp","href":"https:\/\/api.w.org\/{rel}","templated":true}]}}