{"id":573451,"date":"2025-07-22T14:27:13","date_gmt":"2025-07-22T12:27:13","guid":{"rendered":"https:\/\/madelinefashion.pl\/?post_type=product&#038;p=573451"},"modified":"2026-03-19T17:41:46","modified_gmt":"2026-03-19T16:41:46","slug":"sukienka-maxi-satynowa-evento-sliwkowa","status":"publish","type":"product","link":"https:\/\/madelinefashion.pl\/en\/product\/sukienka-maxi-satynowa-evento-sliwkowa\/","title":{"rendered":"Evento Plum Satin Maxi Dress"},"content":{"rendered":"<h3 style=\"text-align: center;\">Evento Plum Satin Maxi Dress<\/h3>\n<p style=\"text-align: center;\" data-start=\"130\" data-end=\"343\">Dress <strong data-start=\"139\" data-end=\"149\">Evento<\/strong> from <strong data-start=\"153\" data-end=\"175\">Madelinefashion.pl<\/strong> This is a choice for women seeking elegance with a modern twist. Made of high-quality satin, it looks incredibly stylish and is comfortable to wear.<\/p>\n<p style=\"text-align: center;\" data-start=\"345\" data-end=\"655\">This dress features a high neckline, lending it a classic, timeless character. The slightly flared cut from the waist subtly accentuates the silhouette, while the slit at the leg adds a feminine touch and a touch of lightness. The dress fastens at the back with a concealed zipper, allowing for a perfect fit. Crafted from satin, it&#039;s perfect for weddings, elegant receptions, banquets, and other events requiring exceptional styling.<\/p>\n<p style=\"text-align: center;\"><span style=\"font-size: 10pt;\"><br \/>\n<\/span><span style=\"font-size: 10pt;\"><b>\u00a0<\/b>If you can&#039;t decide which color, <strong>size<\/strong> is the best for you, <strong>contact us<\/strong> through <a href=\"https:\/\/www.facebook.com\/madelinefashionbutik\" target=\"_blank\" rel=\"noopener\">Facebook<\/a> or <a href=\"https:\/\/madelinefashion.pl\/en\/kontakt\/\">phone<\/a>. If the size is not available on the website, please contact us.\u00a0\u00a0<\/span><\/p>\n<h3 style=\"text-align: center;\">DRESS DIMENSIONS:<\/h3>\n<div class=\"additional-details\" style=\"text-align: center;\">\n<table width=\"556\">\n<tbody>\n<tr>\n<td width=\"205\"><strong>SIZE<\/strong><\/td>\n<td><strong>Bust<\/strong><\/td>\n<td><strong>Waist<\/strong><\/td>\n<td><strong>Hips<\/strong><\/td>\n<\/tr>\n<tr>\n<td width=\"205\"><strong>36<\/strong><\/td>\n<td>88-94<\/td>\n<td>68<\/td>\n<td>\u00a0any<\/td>\n<\/tr>\n<tr>\n<td width=\"205\"><strong>38<\/strong><\/td>\n<td>92-96<\/td>\n<td>72<\/td>\n<td>\u00a0any<\/td>\n<\/tr>\n<tr>\n<td width=\"205\"><strong>40<\/strong><\/td>\n<td>96-102<\/td>\n<td>76<\/td>\n<td>\u00a0any<\/td>\n<\/tr>\n<\/tbody>\n<\/table>\n<p>&nbsp;<\/p>\n<\/div>\n<p style=\"text-align: center;\"><span style=\"font-size: 10pt;\">total length approx. 160 cm <\/span>(the dress can be shortened on your own)<\/p>\n<p style=\"text-align: center;\"><span style=\"font-size: 10pt;\">The dress is also available in other colors - see our other products.<\/span><\/p>\n<p style=\"text-align: center;\"><span style=\"font-size: 10pt;\">Dimensions may slightly differ from the given +\/- 2cm.\u00a0<\/span><\/p>\n<p style=\"text-align: center;\"><span style=\"font-size: 10pt;\"><strong>\u00a0<\/strong>\u00a0<\/span><\/p>\n<table width=\"620\">\n<tbody>\n<tr>\n<td width=\"302\">Model name<\/td>\n<td width=\"302\">Evento Satin Maxi Dress<\/td>\n<\/tr>\n<tr>\n<td width=\"302\">Color<\/td>\n<td width=\"302\">Purple, Plum<\/td>\n<\/tr>\n<tr>\n<td width=\"302\">Cleavage<\/td>\n<td width=\"302\">built-up<\/td>\n<\/tr>\n<tr>\n<td width=\"302\">Sizes<\/td>\n<td width=\"302\">36 38 40<\/td>\n<\/tr>\n<tr>\n<td width=\"302\">Fashion<\/td>\n<td width=\"302\">Flared<\/td>\n<\/tr>\n<tr>\n<td width=\"302\">Material<\/td>\n<td width=\"302\">Viscose, Polyester, Cotton<\/td>\n<\/tr>\n<tr>\n<td width=\"302\">Length<\/td>\n<td width=\"302\">To the ground<\/td>\n<\/tr>\n<\/tbody>\n<\/table>\n<p style=\"text-align: center;\">We invite you to visit our store, located at 2 Moniuszki Street in the heart of Konstantyn\u00f3w \u0141\u00f3dzki. In our professional salon, you&#039;ll find a wide selection of wedding dresses that will fulfill your deepest dreams of a perfect day. Our team of experienced consultants will help you choose the perfect dress, tailored to your expectations and figure. We cordially invite you to visit \u2013 see how special your day can be!<\/p>\n<p style=\"text-align: center;\"><span style=\"font-size: 10pt;\">In order to match <strong>perfect dresses<\/strong> we invite you to contact us by phone or contact us <a href=\"https:\/\/www.facebook.com\/madelinefashionbutik\" target=\"_blank\" rel=\"noopener\">Facebook<\/a> .<\/span><br \/>\n<span style=\"font-size: 10pt;\">Our team will help <strong>Choose the right one<\/strong> . <strong>We can make each dress at the request of the buyer\u00a0<\/strong><strong>measure carefully.\u00a0<\/strong><\/span><\/p>\n<div class=\"additional-details\" style=\"text-align: center;\">\n<p style=\"text-align: center;\"><span style=\"font-size: 10pt;\">\u00a0<\/span><\/p>\n<\/div>","protected":false},"excerpt":{"rendered":"<p>Sukienka Maxi Satynowa Evento \u015aliwkowa Sukienka Evento od Madelinefashion.pl to propozycja dla kobiet szukaj\u0105cych elegancji w nowoczesnym wydaniu. Wykonana z wysokiej jako\u015bci satyny, prezentuje si\u0119 niezwykle stylowo i zapewnia komfort noszenia. Model posiada zabudowany dekolt, kt\u00f3ry nadaje ca\u0142o\u015bci klasycznego, ponadczasowego charakteru. Delikatnie rozkloszowany kr\u00f3j od pasa subtelnie podkre\u015bla sylwetk\u0119, a rozci\u0119cie na nodze dodaje kobiecego<\/p>\n<div class=\"klb-readmore post-buttons\"><a class=\"button black outline size-sm\" href=\"https:\/\/madelinefashion.pl\/en\/product\/sukienka-maxi-satynowa-evento-sliwkowa\/\">Read More <i class=\"klbth-icon-right-arrow\"><\/i><\/a><\/div>","protected":false},"featured_media":575546,"template":"","meta":[],"product_brand":[],"product_cat":[124,395,692,568],"product_tag":[626,163],"class_list":{"0":"post-573451","1":"product","2":"type-product","3":"status-publish","4":"has-post-thumbnail","6":"product_cat-sukienki-okolicznosciowe","7":"product_cat-nowosci","8":"product_cat-sukienki-na-studniowke","9":"product_cat-sukienki-rozkloszowane-szyfonowe","10":"product_tag-fioletowe-sukienki","11":"product_tag-sukienki-dlugie","13":"first","14":"instock","15":"purchasable","16":"product-type-variable"},"_links":{"self":[{"href":"https:\/\/madelinefashion.pl\/en\/wp-json\/wp\/v2\/product\/573451","targetHints":{"allow":["GET"]}}],"collection":[{"href":"https:\/\/madelinefashion.pl\/en\/wp-json\/wp\/v2\/product"}],"about":[{"href":"https:\/\/madelinefashion.pl\/en\/wp-json\/wp\/v2\/types\/product"}],"wp:featuredmedia":[{"embeddable":true,"href":"https:\/\/madelinefashion.pl\/en\/wp-json\/wp\/v2\/media\/575546"}],"wp:attachment":[{"href":"https:\/\/madelinefashion.pl\/en\/wp-json\/wp\/v2\/media?parent=573451"}],"wp:term":[{"taxonomy":"product_brand","embeddable":true,"href":"https:\/\/madelinefashion.pl\/en\/wp-json\/wp\/v2\/product_brand?post=573451"},{"taxonomy":"product_cat","embeddable":true,"href":"https:\/\/madelinefashion.pl\/en\/wp-json\/wp\/v2\/product_cat?post=573451"},{"taxonomy":"product_tag","embeddable":true,"href":"https:\/\/madelinefashion.pl\/en\/wp-json\/wp\/v2\/product_tag?post=573451"}],"curies":[{"name":"wp","href":"https:\/\/api.w.org\/{rel}","templated":true}]}}