{"id":5735,"date":"2021-03-19T02:06:57","date_gmt":"2021-03-19T01:06:57","guid":{"rendered":"https:\/\/madelinefashion.pl\/?post_type=product&#038;p=5735"},"modified":"2026-01-20T10:34:43","modified_gmt":"2026-01-20T09:34:43","slug":"t-shirt-mickey-love-biala","status":"publish","type":"product","link":"https:\/\/madelinefashion.pl\/en\/product\/t-shirt-mickey-love-biala\/","title":{"rendered":"T-shirt Mickey Love White"},"content":{"rendered":"<h3 style=\"text-align: center;\">T-shirt Mickey Love White<\/h3>\n<p style=\"text-align: center;\"><strong>Black T-shirt with original Mickey print\u00a0<\/strong>I love You - with a decorative bow. It is a blouse that will match most styles - due to the unique pattern. Pleasant to the touch, breathable material will provide you with comfort. A simple, universal T-shirt you can wear all year round, regardless of the season. Combine it with a denim katana and denim pants. Available in our store in various colors. It is a model in which you will not pass unnoticed. <span style=\"font-size: 10pt;\">\u00a0Recommended for people who wear sizes from S to XL<\/span><\/p>\n<h3 style=\"text-align: center;\">Dimensions :<\/h3>\n<p style=\"text-align: center;\"><strong>S \/ M\u00a0<\/strong><\/p>\n<ul>\n<li style=\"text-align: center;\">\u00a0\u00a0\u00a0\u00a0\u00a0\u00a0\u00a0 Overall length: 61 cm<\/li>\n<li style=\"text-align: center;\">\u00a0 \u00a0 \u00a0 \u00a0 Width from armpit to armpit: 38 cm -48 cm<\/li>\n<li style=\"text-align: center;\">Bottom width: 38 cm - 52 cm<\/li>\n<\/ul>\n<p>&nbsp;<\/p>\n<p style=\"text-align: center;\"><strong>L \/ XL<\/strong><\/p>\n<ul>\n<li style=\"text-align: center;\">\u00a0\u00a0\u00a0\u00a0\u00a0\u00a0\u00a0 Overall length: 63 cm<\/li>\n<li style=\"text-align: center;\">\u00a0 \u00a0 \u00a0 \u00a0 Width from armpit to armpit: 41 cm -50 cm<\/li>\n<li style=\"text-align: center;\">Bottom width: 40 cm - 55 cm<\/li>\n<\/ul>\n<p style=\"text-align: center;\">Dimensions may slightly differ from the given +\/- 2cm. All dimensions given are measured flat.<\/p>\n<table>\n<tbody>\n<tr>\n<td width=\"302\">Model name<\/td>\n<td width=\"302\">Mickey Love T-Shirt<\/td>\n<\/tr>\n<tr>\n<td width=\"302\">Color<\/td>\n<td width=\"302\">White<\/td>\n<\/tr>\n<tr>\n<td width=\"302\">Sizes<\/td>\n<td width=\"302\">Universal<\/td>\n<\/tr>\n<tr>\n<td width=\"302\">Fashion<\/td>\n<td width=\"302\">Matched<\/td>\n<\/tr>\n<tr>\n<td width=\"302\">Material<\/td>\n<td width=\"302\">95 % Cotton 5% Elastane<\/td>\n<\/tr>\n<\/tbody>\n<\/table>\n<p style=\"text-align: center;\">The model has\u00a0<strong>166<\/strong>\u00a0cm tall, he wears it every day\u00a0<strong>size S.<\/strong><\/p>\n<p style=\"text-align: center;\">","protected":false},"excerpt":{"rendered":"<p>T-shirt Mickey Love Bia\u0142a Czarny T-shirt z oryginalnym nadrukiem Mickey\u00a0I love You &#8211; z ozdobn\u0105 kokarda. Jest to bluzka , kt\u00f3ra b\u0119dzie pasowa\u0142a do wi\u0119kszo\u015bci stylizacji\u2013 ze wzgl\u0119du na niepowtarzalny wz\u00f3r. Przyjemny w dotyku, oddychaj\u0105cy materia\u0142 zapewni Ci komfort noszenia. Prosty, uniwersalny T-shirt mo\u017cesz nosi\u0107 przez ca\u0142y rok, niezale\u017cnie od pory roku. Po\u0142\u0105cz go z<\/p>\n<div class=\"klb-readmore post-buttons\"><a class=\"button black outline size-sm\" href=\"https:\/\/madelinefashion.pl\/en\/product\/t-shirt-mickey-love-biala\/\">Read More <i class=\"klbth-icon-right-arrow\"><\/i><\/a><\/div>","protected":false},"featured_media":5734,"template":"","meta":[],"product_brand":[],"product_cat":[85],"product_tag":[251,479],"class_list":{"0":"post-5735","1":"product","2":"type-product","3":"status-publish","4":"has-post-thumbnail","6":"product_cat-t-shirty","7":"product_tag-bluzka-biala","8":"product_tag-bluzki-z-krotkim-rekawem","9":"pa_rozmiar-s-m","10":"pa_rozmiar-l-xl","12":"first","13":"instock","14":"sale","15":"purchasable","16":"product-type-variable"},"_links":{"self":[{"href":"https:\/\/madelinefashion.pl\/en\/wp-json\/wp\/v2\/product\/5735","targetHints":{"allow":["GET"]}}],"collection":[{"href":"https:\/\/madelinefashion.pl\/en\/wp-json\/wp\/v2\/product"}],"about":[{"href":"https:\/\/madelinefashion.pl\/en\/wp-json\/wp\/v2\/types\/product"}],"wp:featuredmedia":[{"embeddable":true,"href":"https:\/\/madelinefashion.pl\/en\/wp-json\/wp\/v2\/media\/5734"}],"wp:attachment":[{"href":"https:\/\/madelinefashion.pl\/en\/wp-json\/wp\/v2\/media?parent=5735"}],"wp:term":[{"taxonomy":"product_brand","embeddable":true,"href":"https:\/\/madelinefashion.pl\/en\/wp-json\/wp\/v2\/product_brand?post=5735"},{"taxonomy":"product_cat","embeddable":true,"href":"https:\/\/madelinefashion.pl\/en\/wp-json\/wp\/v2\/product_cat?post=5735"},{"taxonomy":"product_tag","embeddable":true,"href":"https:\/\/madelinefashion.pl\/en\/wp-json\/wp\/v2\/product_tag?post=5735"}],"curies":[{"name":"wp","href":"https:\/\/api.w.org\/{rel}","templated":true}]}}