{"id":573500,"date":"2025-07-22T15:22:34","date_gmt":"2025-07-22T13:22:34","guid":{"rendered":"https:\/\/madelinefashion.pl\/?post_type=product&#038;p=573500"},"modified":"2025-09-25T11:21:34","modified_gmt":"2025-09-25T09:21:34","slug":"sukienka-maxi-dopasowana-ombre-pudrowy-roz","status":"publish","type":"product","link":"https:\/\/madelinefashion.pl\/en\/product\/sukienka-maxi-dopasowana-ombre-pudrowy-roz\/","title":{"rendered":"Fitted Maxi Dress Ombre Powder Pink"},"content":{"rendered":"<h3 style=\"text-align: center;\">Fitted Maxi Dress Ombre Powder Pink<\/h3>\n<p style=\"text-align: center;\" data-start=\"158\" data-end=\"419\">Dress <strong data-start=\"167\" data-end=\"198\">Maxi Fitted Ombre Pink<\/strong> This is a unique option for women who want to attract attention and emphasize their figure in an elegant way. This model is available in the boutique. <strong data-start=\"340\" data-end=\"362\">Madelinefashion.pl<\/strong> It impresses with its meticulous craftsmanship and attention to every detail. The dress is made of high-quality material with a striking silver finish that shimmers beautifully in the light. The fitted cut accentuates the figure, and the slit on the leg adds sensuality. A decorative, gently falling train adorns the side, giving the style a unique character. Silver embellishments on the side slim the silhouette and add an elegant touch. The model fastens at the back with a lace-up corset, ensuring comfort and a perfect fit. Perfect for special occasions \u2013 weddings, galas, and formal receptions. Available in sizes S-XL. <strong>from Madelinefashion<\/strong> is an excellent choice for a wedding, prom, New Year&#039;s Eve and other elegant special events. Available in our e-shop in several color variants, so do not hesitate and choose the one that is perfect for you. If you can&#039;t decide which color, <strong>size<\/strong> is the best for you, <strong>contact us<\/strong> through <a href=\"https:\/\/www.facebook.com\/madelinefashionbutik\" target=\"_blank\" rel=\"noopener\">Facebook<\/a> or <a href=\"https:\/\/madelinefashion.pl\/en\/kontakt\/\">phone<\/a>. If the size is not available on the website, please contact us.<\/p>\n<h3 style=\"text-align: center;\">DRESS DIMENSIONS:<\/h3>\n<table width=\"556\">\n<tbody>\n<tr>\n<td><strong>SIZE<\/strong><\/td>\n<td><strong>Bust<\/strong><\/td>\n<td><strong>Waist<\/strong><\/td>\n<td><strong>Hips<\/strong><\/td>\n<\/tr>\n<tr>\n<td><strong>34<\/strong><\/td>\n<td>84-86<\/td>\n<td>64-68<\/td>\n<td>\u00a082-90<\/td>\n<\/tr>\n<tr>\n<td><strong>36<\/strong><\/td>\n<td>88-90<\/td>\n<td>68-72<\/td>\n<td>\u00a086-92<\/td>\n<\/tr>\n<tr>\n<td><strong>38<\/strong><\/td>\n<td>92-94<\/td>\n<td>72-76<\/td>\n<td>\u00a090-96<\/td>\n<\/tr>\n<tr>\n<td><strong>40<\/strong><\/td>\n<td>96-98<\/td>\n<td>76-80<\/td>\n<td>\u00a094-106<\/td>\n<\/tr>\n<tr>\n<td><strong>42<\/strong><\/td>\n<td>100-104<\/td>\n<td>80-84<\/td>\n<td>\u00a098-108<\/td>\n<\/tr>\n<tr>\n<td><strong>44<\/strong><\/td>\n<td>102-106<\/td>\n<td>84-88<\/td>\n<td>\u00a0102-112<\/td>\n<\/tr>\n<tr>\n<td><strong>46<\/strong><\/td>\n<td>106-110<\/td>\n<td>88-92<\/td>\n<td>106-118<\/td>\n<\/tr>\n<\/tbody>\n<\/table>\n<p>&nbsp;<\/p>\n<p style=\"text-align: center;\"><span style=\"font-size: 10pt;\">\u00a0 <\/span><\/p>\n<p style=\"text-align: center;\"><span style=\"font-size: 10pt;\">total length approx. 157 cm\u00a0<\/span><\/p>\n<p style=\"text-align: center;\"><span style=\"font-size: 10pt;\">The dress is also available in other colors - see our other products.<\/span><\/p>\n<p style=\"text-align: center;\"><span style=\"font-size: 10pt;\">Dimensions may slightly differ from the given +\/- 2cm.\u00a0<\/span><\/p>\n<p style=\"text-align: center;\"><span style=\"font-size: 10pt;\"><strong>\u00a0<\/strong>\u00a0<\/span><\/p>\n<table width=\"620\">\n<tbody>\n<tr>\n<td width=\"302\">Model name<\/td>\n<td width=\"302\">Fitted Ombre Maxi Dress<\/td>\n<\/tr>\n<tr>\n<td width=\"302\">Color<\/td>\n<td width=\"302\">Pink<\/td>\n<\/tr>\n<tr>\n<td width=\"302\">Mark<\/td>\n<td width=\"302\">MadelineFashion<\/td>\n<\/tr>\n<tr>\n<td width=\"302\">Sizes<\/td>\n<td width=\"302\">36 38 40<\/td>\n<\/tr>\n<tr>\n<td width=\"302\">Fashion<\/td>\n<td width=\"302\">Matched<\/td>\n<\/tr>\n<tr>\n<td width=\"302\">Material<\/td>\n<td width=\"302\">Viscose, Polyester, Cotton<\/td>\n<\/tr>\n<tr>\n<td width=\"302\">Length<\/td>\n<td width=\"302\">To the ground<\/td>\n<\/tr>\n<\/tbody>\n<\/table>\n<p style=\"text-align: center;\"><span style=\"font-size: 10pt;\">\u00a0<\/span><\/p>\n<p>&nbsp;<\/p>\n<p style=\"text-align: center;\"><span style=\"font-size: 10pt;\">In order to match <strong>perfect dresses<\/strong> we invite you to contact us by phone or contact us <a href=\"https:\/\/www.facebook.com\/madelinefashionbutik\" target=\"_blank\" rel=\"noopener\">Facebook<\/a> .<\/span><br \/>\n<span style=\"font-size: 10pt;\">Our team will help <strong>Choose the right one<\/strong> . <strong>We can make each dress at the request of the buyer\u00a0<\/strong><strong>measure carefully.\u00a0<\/strong><\/span><\/p>\n<div class=\"additional-details\" style=\"text-align: center;\">\n<p style=\"text-align: center;\"><span style=\"font-size: 10pt;\">\u00a0<\/span><\/p>\n<\/div>","protected":false},"excerpt":{"rendered":"<p>Sukienka Maxi Dopasowana Ombre Pudrowy R\u00f3\u017c Sukienka Maxi Dopasowana Ombre R\u00f3\u017cowa to wyj\u0105tkowa propozycja dla kobiet, kt\u00f3re chc\u0105 przyci\u0105ga\u0107 spojrzenia i podkre\u015bli\u0107 swoj\u0105 sylwetk\u0119 w elegancki spos\u00f3b. Model dost\u0119pny w butiku Madelinefashion.pl zachwyca starannym wykonaniem i dba\u0142o\u015bci\u0105 o ka\u017cdy detal. Sukienka wykonana jest z wysokiej jako\u015bci materia\u0142u z efektownym, srebrnym wyko\u0144czeniem, kt\u00f3re pi\u0119knie mieni si\u0119<\/p>\n<div class=\"klb-readmore post-buttons\"><a class=\"button black outline size-sm\" href=\"https:\/\/madelinefashion.pl\/en\/product\/sukienka-maxi-dopasowana-ombre-pudrowy-roz\/\">Read More <i class=\"klbth-icon-right-arrow\"><\/i><\/a><\/div>","protected":false},"featured_media":575528,"template":"","meta":[],"product_brand":[],"product_cat":[124,395],"product_tag":[257,163,215],"class_list":{"0":"post-573500","1":"product","2":"type-product","3":"status-publish","4":"has-post-thumbnail","6":"product_cat-sukienki-okolicznosciowe","7":"product_cat-nowosci","8":"product_tag-madelinefashion","9":"product_tag-sukienki-dlugie","10":"product_tag-sukienki-rozowe","12":"first","13":"instock","14":"product-type-variable"},"_links":{"self":[{"href":"https:\/\/madelinefashion.pl\/en\/wp-json\/wp\/v2\/product\/573500","targetHints":{"allow":["GET"]}}],"collection":[{"href":"https:\/\/madelinefashion.pl\/en\/wp-json\/wp\/v2\/product"}],"about":[{"href":"https:\/\/madelinefashion.pl\/en\/wp-json\/wp\/v2\/types\/product"}],"wp:featuredmedia":[{"embeddable":true,"href":"https:\/\/madelinefashion.pl\/en\/wp-json\/wp\/v2\/media\/575528"}],"wp:attachment":[{"href":"https:\/\/madelinefashion.pl\/en\/wp-json\/wp\/v2\/media?parent=573500"}],"wp:term":[{"taxonomy":"product_brand","embeddable":true,"href":"https:\/\/madelinefashion.pl\/en\/wp-json\/wp\/v2\/product_brand?post=573500"},{"taxonomy":"product_cat","embeddable":true,"href":"https:\/\/madelinefashion.pl\/en\/wp-json\/wp\/v2\/product_cat?post=573500"},{"taxonomy":"product_tag","embeddable":true,"href":"https:\/\/madelinefashion.pl\/en\/wp-json\/wp\/v2\/product_tag?post=573500"}],"curies":[{"name":"wp","href":"https:\/\/api.w.org\/{rel}","templated":true}]}}