{"id":575802,"date":"2025-08-12T14:09:09","date_gmt":"2025-08-12T12:09:09","guid":{"rendered":"https:\/\/madelinefashion.pl\/?post_type=product&#038;p=575802"},"modified":"2026-02-10T14:32:52","modified_gmt":"2026-02-10T13:32:52","slug":"futerko-krotkie-dlugi-wlos-biale-z-kolnierzem","status":"publish","type":"product","link":"https:\/\/madelinefashion.pl\/en\/product\/futerko-krotkie-dlugi-wlos-biale-z-kolnierzem\/","title":{"rendered":"Short Long Hair White Fur with Collar"},"content":{"rendered":"<h3 style=\"text-align: center;\">Short Long Hair White Fur with Collar<\/h3>\n<p style=\"text-align: center;\">Are you looking for a unique outerwear piece for special occasions or everyday outings? <strong data-start=\"358\" data-end=\"410\">Short fur with long hair in white<\/strong> It&#039;s a combination of style, comfort, and elegance. This model with a striking collar adds a touch of chic and class, enhancing any outfit\u2014from an evening dress to a casual look with jeans.<\/p>\n<p style=\"text-align: center;\">Dimensions:<\/p>\n<p><strong>S \/ M<\/strong><\/p>\n<p style=\"text-align: center;\">Overall length: 45 cm<br \/>\nWidth from armpit to armpit: 56 cm x2<br \/>\nSleeve length from the shoulder: 61 cm<br \/>\nSleeve length from armpit: 44 cm<\/p>\n<p style=\"text-align: center;\"><strong>L \/ XL<\/strong><\/p>\n<p style=\"text-align: center;\">Overall length: 47 cm<br \/>\nWidth from armpit to armpit: 60 cm x2<br \/>\nSleeve length from the shoulder: 65 cm<br \/>\nSleeve length from armpit: 46 cm<\/p>\n<p style=\"text-align: center;\">Composition:<\/p>\n<p style=\"text-align: center;\">100% polyester<\/p>\n<p style=\"text-align: center;\">\n<p>Dimensions may slightly differ from the given +\/- 2cm. All dimensions are provided <strong>measured flat<\/strong>.\u00a0<strong>X2 dimension<\/strong><\/p>\n<table width=\"605\">\n<tbody>\n<tr>\n<td width=\"302\">Model name<\/td>\n<td width=\"302\">Short Long Hair White Fur<\/td>\n<\/tr>\n<tr>\n<td width=\"302\">Color<\/td>\n<td width=\"302\">White<\/td>\n<\/tr>\n<tr>\n<td width=\"302\">Sizes<\/td>\n<td width=\"302\">\u00a0S \/ ML \/ XL<\/td>\n<\/tr>\n<tr>\n<td width=\"302\">Collection<\/td>\n<td width=\"302\">Spring \/ Autumn \/ Winter<\/td>\n<\/tr>\n<tr>\n<td width=\"302\">Collar<\/td>\n<td width=\"302\">Yes<\/td>\n<\/tr>\n<tr>\n<td width=\"302\">Quality<\/td>\n<td width=\"302\">Premium<\/td>\n<\/tr>\n<tr>\n<td width=\"302\">Fastening<\/td>\n<td width=\"302\">Napa<\/td>\n<\/tr>\n<\/tbody>\n<\/table>\n<p style=\"text-align: center;\">The model has\u00a0<strong>169<\/strong>\u00a0cm tall, wears a size every day\u00a0<strong>S.<\/strong><\/p>\n<p style=\"text-align: center;\">Bust width 91 cm<\/p>\n<p style=\"text-align: center;\">Waist width 71 cm<\/p>\n<p style=\"text-align: center;\">Hip width 96 cm<\/p>\n<p style=\"text-align: center;\"><span style=\"font-size: 10pt;\">\u00a0<\/span><\/p>\n<p style=\"text-align: center;\">","protected":false},"excerpt":{"rendered":"<p>Futerko Kr\u00f3tkie D\u0142ugi W\u0142os Bia\u0142e z Ko\u0142nierzem Szukasz wyj\u0105tkowego okrycia wierzchniego na specjalne okazje lub codzienne wyj\u015bcia? Kr\u00f3tkie futerko z d\u0142ugim w\u0142osem w kolorze bia\u0142ym to po\u0142\u0105czenie stylu, wygody i elegancji. Model z efektownym ko\u0142nierzem dodaje szyku i klasy, podkre\u015blaj\u0105c ka\u017cd\u0105 stylizacj\u0119 \u2013 od wieczorowej sukienki po casualowy look z jeansami. Wymiary: S\/M D\u0142ugo\u015b\u0107 ca\u0142kowita:<\/p>\n<div class=\"klb-readmore post-buttons\"><a class=\"button black outline size-sm\" href=\"https:\/\/madelinefashion.pl\/en\/product\/futerko-krotkie-dlugi-wlos-biale-z-kolnierzem\/\">Read More <i class=\"klbth-icon-right-arrow\"><\/i><\/a><\/div>","protected":false},"featured_media":575811,"template":"","meta":[],"product_brand":[],"product_cat":[117,395],"product_tag":[],"class_list":{"0":"post-575802","1":"product","2":"type-product","3":"status-publish","4":"has-post-thumbnail","6":"product_cat-kurtki","7":"product_cat-nowosci","8":"pa_rozmiar-s-m","9":"pa_rozmiar-m-l","11":"first","12":"instock","13":"sale","14":"purchasable","15":"product-type-variable"},"_links":{"self":[{"href":"https:\/\/madelinefashion.pl\/en\/wp-json\/wp\/v2\/product\/575802","targetHints":{"allow":["GET"]}}],"collection":[{"href":"https:\/\/madelinefashion.pl\/en\/wp-json\/wp\/v2\/product"}],"about":[{"href":"https:\/\/madelinefashion.pl\/en\/wp-json\/wp\/v2\/types\/product"}],"wp:featuredmedia":[{"embeddable":true,"href":"https:\/\/madelinefashion.pl\/en\/wp-json\/wp\/v2\/media\/575811"}],"wp:attachment":[{"href":"https:\/\/madelinefashion.pl\/en\/wp-json\/wp\/v2\/media?parent=575802"}],"wp:term":[{"taxonomy":"product_brand","embeddable":true,"href":"https:\/\/madelinefashion.pl\/en\/wp-json\/wp\/v2\/product_brand?post=575802"},{"taxonomy":"product_cat","embeddable":true,"href":"https:\/\/madelinefashion.pl\/en\/wp-json\/wp\/v2\/product_cat?post=575802"},{"taxonomy":"product_tag","embeddable":true,"href":"https:\/\/madelinefashion.pl\/en\/wp-json\/wp\/v2\/product_tag?post=575802"}],"curies":[{"name":"wp","href":"https:\/\/api.w.org\/{rel}","templated":true}]}}