{"id":579117,"date":"2025-09-17T11:58:28","date_gmt":"2025-09-17T09:58:28","guid":{"rendered":"https:\/\/madelinefashion.pl\/?post_type=product&#038;p=579117"},"modified":"2026-04-10T15:05:54","modified_gmt":"2026-04-10T13:05:54","slug":"suknia-maxi-tiulowa-estella-czarna","status":"publish","type":"product","link":"https:\/\/madelinefashion.pl\/en\/product\/suknia-maxi-tiulowa-estella-czarna\/","title":{"rendered":"Estella Black Tulle Maxi Dress"},"content":{"rendered":"<h3 style=\"text-align: center;\">Estella Black Tulle Maxi Dress<\/h3>\n<p style=\"text-align: center;\"><span style=\"font-size: 10pt;\"><strong>\u00a0Beautiful long dress<\/strong>\u00a0with tulle and a beautiful top adorned with gorgeous crystals. It beautifully highlights feminine shapes \u2013 the bottom of the dress is made entirely of tulle.\u00a0 <\/span><span style=\"font-size: 10pt;\">The dress has cups sewn in at the front, so you do not need to wear a bra. Hole <a href=\"https:\/\/madelinefashion.pl\/en\/sukienki-i-kombinezony\/sukienki-okolicznosciowe\/\">dresses<\/a> It was made of several layers of light tulle. Beautifully delicate\u00a0<strong>dress<\/strong>. It has\u00a0<strong>bare shoulders<\/strong>, tied at the back, fits perfectly to the figure. \u00a0<strong>Fitted cut<\/strong> dresses bring out feminine features. They&#039;re the perfect choice for all kinds of special occasions.\u00a0 <\/span><span style=\"font-size: 10pt;\">Available in sizes <strong>XS SML\u00a0 <\/strong>. Dresses <strong>Madeline Fashion<\/strong> is an excellent choice for a wedding, prom, New Year&#039;s Eve and other elegant special events. If you can&#039;t decide which one <strong>size<\/strong> is the best for you, <strong>contact us<\/strong> through <a href=\"https:\/\/www.facebook.com\/madelinefashionbutik\" target=\"_blank\" rel=\"noopener\">Facebook<\/a> or <a href=\"https:\/\/madelinefashion.pl\/en\/kontakt\/\">phone<\/a>. If the size is not available on the website, please contact us.\u00a0<\/span><\/p>\n<h3 style=\"text-align: center;\">DRESS DIMENSIONS:<\/h3>\n<p><img fetchpriority=\"high\" decoding=\"async\" class=\"size-medium wp-image-16801 aligncenter\" src=\"https:\/\/madelinefashion.pl\/wp-content\/uploads\/2021\/08\/wymiary-suknia-300x194.png\" alt=\"\" width=\"300\" height=\"194\" title=\"\"><\/p>\n<table width=\"556\">\n<tbody>\n<tr>\n<td><strong>SIZE<\/strong><\/td>\n<td><strong>Bust<\/strong><\/td>\n<td><strong>Waist<\/strong><\/td>\n<td><strong>Hips<\/strong><\/td>\n<\/tr>\n<tr>\n<td><strong>34<\/strong><\/td>\n<td>84-86<\/td>\n<td>64<\/td>\n<td>\u00a0any<\/td>\n<\/tr>\n<tr>\n<td><strong>36<\/strong><\/td>\n<td>88-90<\/td>\n<td>68<\/td>\n<td>\u00a0any<\/td>\n<\/tr>\n<tr>\n<td><strong>38<\/strong><\/td>\n<td>\u00a092-94<\/td>\n<td>72<\/td>\n<td>\u00a0any<\/td>\n<\/tr>\n<tr>\n<td><strong>40<\/strong><\/td>\n<td>96-98<\/td>\n<td>76<\/td>\n<td>\u00a0any<\/td>\n<\/tr>\n<\/tbody>\n<\/table>\n<p style=\"text-align: center;\"><span style=\"font-size: 10pt;\"><span style=\"font-size: 10pt;\">The dress is also available in <\/span><strong style=\"font-size: 10pt;\">other color variants<\/strong><span style=\"font-size: 10pt;\"> - we encourage you to familiarize yourself with our other products.\u00a0<\/span>total length approx. 157 cm\u00a0\u00a0<\/span><\/p>\n<p style=\"text-align: center;\"><span style=\"font-size: 10pt;\">Dimensions may slightly differ from the given +\/- 2cm.\u00a0<\/span><\/p>\n<p style=\"text-align: center;\"><span style=\"font-size: 10pt;\"><strong>\u00a0<\/strong>\u00a0<\/span><\/p>\n<table width=\"618\">\n<tbody>\n<tr>\n<td width=\"302\">Model name<\/td>\n<td width=\"302\">Estella Black Tulle Maxi Dress<\/td>\n<\/tr>\n<tr>\n<td width=\"302\">Color<\/td>\n<td width=\"302\">Black<\/td>\n<\/tr>\n<tr>\n<td width=\"302\">Mark<\/td>\n<td width=\"302\">Madeline Fashion<\/td>\n<\/tr>\n<tr>\n<td width=\"302\">Sizes<\/td>\n<td width=\"302\">36 38 40<\/td>\n<\/tr>\n<tr>\n<td width=\"302\">Fashion<\/td>\n<td width=\"302\">Matched<\/td>\n<\/tr>\n<tr>\n<td width=\"302\">Material<\/td>\n<td width=\"302\">Viscose, Polyester, Cotton<\/td>\n<\/tr>\n<tr>\n<td width=\"302\">Length<\/td>\n<td width=\"302\">To the ground<\/td>\n<\/tr>\n<\/tbody>\n<\/table>\n<p style=\"text-align: center;\"><span style=\"font-size: 10pt;\">\u00a0<\/span><\/p>\n<p>&nbsp;<\/p>\n<p style=\"text-align: center;\"><span style=\"font-size: 10pt;\">In order to match <strong>perfect dresses<\/strong> we invite you to contact us by phone or contact us <a href=\"https:\/\/www.facebook.com\/madelinefashionbutik\" target=\"_blank\" rel=\"noopener\">Facebook<\/a> .<\/span><br \/>\n<span style=\"font-size: 10pt;\">Our team will help <strong>Choose the right one<\/strong> . <strong>We can make each dress at the request of the buyer\u00a0<\/strong><strong>measure carefully.\u00a0<\/strong><\/span><\/p>\n<div class=\"additional-details\" style=\"text-align: center;\">\n<p style=\"text-align: center;\"><span style=\"font-size: 10pt;\">\u00a0<\/span><\/p>\n<\/div>","protected":false},"excerpt":{"rendered":"<p>Suknia Maxi Tiulowa Estella Czarna \u00a0Pi\u0119kna d\u0142uga suknia\u00a0z tiulem i pi\u0119kn\u0105 g\u00f3r\u0105 zdobion\u0105 cudownymi kryszta\u0142kami. Pi\u0119knie eksponuje kobiece kszta\u0142ty- d\u00f3\u0142 sukienki wykonany w ca\u0142o\u015bci z tiulowego materia\u0142u.\u00a0 Sukienka posiada z przodu wszyte miseczki, dzi\u0119ki czemu nie trzeba zak\u0142ada\u0107 biustonosza.\u00a0 D\u00f3\u0142 sukienki zosta\u0142 wykonany z kilku warstw lekkiego tiulu. Przepi\u0119kna delikatna\u00a0sukienka.\u00a0 Posiada\u00a0odkryte ramiona,\u00a0 wi\u0105zana z ty\u0142u<\/p>\n<div class=\"klb-readmore post-buttons\"><a class=\"button black outline size-sm\" href=\"https:\/\/madelinefashion.pl\/en\/product\/suknia-maxi-tiulowa-estella-czarna\/\">Read More <i class=\"klbth-icon-right-arrow\"><\/i><\/a><\/div>","protected":false},"featured_media":579103,"template":"","meta":[],"product_brand":[],"product_cat":[124,563,692,561],"product_tag":[213,257,163],"class_list":{"0":"post-579117","1":"product","2":"type-product","3":"status-publish","4":"has-post-thumbnail","6":"product_cat-sukienki-okolicznosciowe","7":"product_cat-sukienki-gorsetowe","8":"product_cat-sukienki-na-studniowke","9":"product_cat-sukienki-tiulowe","10":"product_tag-sukienka-czarna","11":"product_tag-madelinefashion","12":"product_tag-sukienki-dlugie","14":"first","15":"instock","16":"sale","17":"purchasable","18":"product-type-variable"},"_links":{"self":[{"href":"https:\/\/madelinefashion.pl\/en\/wp-json\/wp\/v2\/product\/579117","targetHints":{"allow":["GET"]}}],"collection":[{"href":"https:\/\/madelinefashion.pl\/en\/wp-json\/wp\/v2\/product"}],"about":[{"href":"https:\/\/madelinefashion.pl\/en\/wp-json\/wp\/v2\/types\/product"}],"wp:featuredmedia":[{"embeddable":true,"href":"https:\/\/madelinefashion.pl\/en\/wp-json\/wp\/v2\/media\/579103"}],"wp:attachment":[{"href":"https:\/\/madelinefashion.pl\/en\/wp-json\/wp\/v2\/media?parent=579117"}],"wp:term":[{"taxonomy":"product_brand","embeddable":true,"href":"https:\/\/madelinefashion.pl\/en\/wp-json\/wp\/v2\/product_brand?post=579117"},{"taxonomy":"product_cat","embeddable":true,"href":"https:\/\/madelinefashion.pl\/en\/wp-json\/wp\/v2\/product_cat?post=579117"},{"taxonomy":"product_tag","embeddable":true,"href":"https:\/\/madelinefashion.pl\/en\/wp-json\/wp\/v2\/product_tag?post=579117"}],"curies":[{"name":"wp","href":"https:\/\/api.w.org\/{rel}","templated":true}]}}