{"id":580432,"date":"2025-10-03T15:04:36","date_gmt":"2025-10-03T13:04:36","guid":{"rendered":"https:\/\/madelinefashion.pl\/?post_type=product&#038;p=580432"},"modified":"2026-04-24T11:43:39","modified_gmt":"2026-04-24T09:43:39","slug":"sukienka-dopasowana-maxi-cekinowa-fortuna-czekoladowa","status":"publish","type":"product","link":"https:\/\/madelinefashion.pl\/en\/product\/sukienka-dopasowana-maxi-cekinowa-fortuna-czekoladowa\/","title":{"rendered":"Fortuna Chocolate Sequin Fitted Maxi Dress"},"content":{"rendered":"<h3 style=\"text-align: center;\">Fortuna Chocolate Sequin Fitted Maxi Dress<\/h3>\n<p style=\"text-align: center;\"><span style=\"font-size: 10pt;\">Beautiful long <strong>evening dress decorated with sequins<\/strong>\u00a0 shimmering. A long evening dress in the color of powder pink o <strong>slim fit. <\/strong>It beautifully displays feminine shapes. Long sparkling dress w <strong>glamor style<\/strong> has beads on the shoulders. It is made of flexible material. A long strappy dress with a V-neckline <strong>beautifully exposes the bust<\/strong>. Moreover<strong> the model has an open back<\/strong>\u00a0and a zipper for easy donning. See our offer <strong><a href=\"https:\/\/madelinefashion.pl\/en\/sukienki-i-kombinezony\/sukienki-okolicznosciowe\/\">evening dresses<\/a>\u00a0and select a model, <\/strong>in which you will be <strong>look like a star and you will stand out from the crowd. The maxi dress shimmers fabulously in the light of the lamps. <\/strong>One cannot be indifferent to her.<strong> Dress in maxi version to the ground.<\/strong><\/span><span style=\"font-size: 10pt;\"><strong> S.<\/strong>The dress has cups sewn into the front, so you don&#039;t need to wear a bra. <strong>Fortuna dress <\/strong>\u00a0is a phenomenal premium dress in which every woman can feel like a movie star. This is one of the glamor style clothes that allows you to shine during the most exquisite outings. <strong>S.<\/strong><strong>Fortuna direction <\/strong>available <\/span><span style=\"font-size: 10pt;\">\u00a0in sizes <b>36 38 42 44 46 48 50 <\/b>\u00a0Dresses <strong>from Madelinefashion<\/strong> an excellent choice for <strong>wedding, prom, New Year&#039;s Eve and other elegant special events<\/strong>. Available in our e-shop in several color variants, so do not hesitate and choose the one that is perfect for you. If you can&#039;t decide which color, <strong>size<\/strong> is the best for you, <strong>contact us<\/strong> through <a href=\"https:\/\/www.facebook.com\/madelinefashionbutik\" target=\"_blank\" rel=\"noopener\">Facebook<\/a> or <a href=\"https:\/\/madelinefashion.pl\/en\/kontakt\/\">phone<\/a>. If the size is not available on the website, please contact us.\u00a0 <strong>In the information after purchase, you can enter your dimensions<\/strong> Waist and Bust we will choose the right size for you !!\u00a0<\/span><\/p>\n<h3 style=\"text-align: center;\">DRESS DIMENSIONS:<\/h3>\n<table width=\"556\">\n<tbody>\n<tr>\n<td><strong>SIZE<\/strong><\/td>\n<td>Bust<\/td>\n<td>Waist<\/td>\n<td>Hips<\/td>\n<\/tr>\n<tr>\n<td><strong>34<\/strong><\/td>\n<td>84-86<\/td>\n<td>64-68<\/td>\n<td>\u00a082-90<\/td>\n<\/tr>\n<tr>\n<td><strong>36<\/strong><\/td>\n<td>88-90<\/td>\n<td>68-72<\/td>\n<td>\u00a086-92<\/td>\n<\/tr>\n<tr>\n<td><strong>38<\/strong><\/td>\n<td>92-94<\/td>\n<td>72-76<\/td>\n<td>\u00a090-96<\/td>\n<\/tr>\n<tr>\n<td><strong>40<\/strong><\/td>\n<td>96-98<\/td>\n<td>76-82<\/td>\n<td>\u00a094-106<\/td>\n<\/tr>\n<tr>\n<td><strong>42<\/strong><\/td>\n<td>102-108<\/td>\n<td>84-88<\/td>\n<td>\u00a0102-110<\/td>\n<\/tr>\n<tr>\n<td><strong>44<\/strong><\/td>\n<td>106-112<\/td>\n<td>88-92<\/td>\n<td>\u00a0104-112<\/td>\n<\/tr>\n<tr>\n<td><strong>46<\/strong><\/td>\n<td>110-116<\/td>\n<td>92-98<\/td>\n<td>\u00a0106-114<\/td>\n<\/tr>\n<tr>\n<td><strong>48<\/strong><\/td>\n<td>114-120<\/td>\n<td>96-102<\/td>\n<td>\u00a0108-122<\/td>\n<\/tr>\n<tr>\n<td><strong>50<\/strong><\/td>\n<td>118-124<\/td>\n<td>100-106<\/td>\n<td>\u00a0114-126<\/td>\n<\/tr>\n<\/tbody>\n<\/table>\n<p style=\"text-align: center;\">The dress is also available in other colors - see our other products. total length approx. 157 cm<\/p>\n<p style=\"text-align: center;\">Dimensions may slightly differ from the given +\/- 2cm.<\/p>\n<p style=\"text-align: center;\"><strong>\u00a0<\/strong><\/p>\n<p>&nbsp;<\/p>\n<table>\n<tbody>\n<tr>\n<td width=\"302\">Model name<\/td>\n<td width=\"302\">Fortuna Sequin Fitted Maxi Dress<\/td>\n<\/tr>\n<tr>\n<td width=\"302\">Color<\/td>\n<td width=\"302\">Chocolate brown<\/td>\n<\/tr>\n<tr>\n<td width=\"302\">Mark<\/td>\n<td width=\"302\">Madelinefashion<\/td>\n<\/tr>\n<tr>\n<td width=\"302\">Sizes<\/td>\n<td width=\"302\">36 38 40 42 44 46<\/td>\n<\/tr>\n<tr>\n<td width=\"302\">Fashion<\/td>\n<td width=\"302\">Matched<\/td>\n<\/tr>\n<tr>\n<td width=\"302\">Material<\/td>\n<td width=\"302\">Viscose, Polyester, Cotton<\/td>\n<\/tr>\n<tr>\n<td width=\"302\">Length<\/td>\n<td width=\"302\">To the ground<\/td>\n<\/tr>\n<\/tbody>\n<\/table>\n<p style=\"text-align: center;\">In order to match\u00a0<strong>perfect dresses<\/strong>\u00a0we invite you to contact us by phone or via our facebook.<br \/>\nOur team will help\u00a0<strong>Choose the right one<\/strong>\u00a0.\u00a0<strong>We can make each dress at the request of the buyer\u00a0<\/strong><strong>measure carefully.\u00a0<\/strong><\/p>\n<div class=\"additional-details\">\n<p style=\"text-align: center;\">\n<\/div>","protected":false},"excerpt":{"rendered":"<p>Sukienka Dopasowana Maxi Cekinowa Fortuna Czekoladowa Pi\u0119kna d\u0142uga suknia wieczorowa zdobiona cekinami\u00a0 mieni\u0105ca. D\u0142uga wieczorowa suknia w kolorze pudrowego r\u00f3\u017cu o dopasowanym kroju . Pi\u0119knie eksponuje kobiece kszta\u0142ty. D\u0142uga mieni\u0105ca suknia w stylu glamour posiada koraliki na ramionach. Uszyta jest z z elastycznego materia\u0142u. D\u0142uga suknia na rami\u0105czkach\u00a0 z dekoltem\u00a0 w liter\u0119 V pi\u0119knie eksponuje<\/p>\n<div class=\"klb-readmore post-buttons\"><a class=\"button black outline size-sm\" href=\"https:\/\/madelinefashion.pl\/en\/product\/sukienka-dopasowana-maxi-cekinowa-fortuna-czekoladowa\/\">Read More <i class=\"klbth-icon-right-arrow\"><\/i><\/a><\/div>","protected":false},"featured_media":582435,"template":"","meta":[],"product_brand":[],"product_cat":[124,395,558,564],"product_tag":[257,636,163],"class_list":{"0":"post-580432","1":"product","2":"type-product","3":"status-publish","4":"has-post-thumbnail","6":"product_cat-sukienki-okolicznosciowe","7":"product_cat-nowosci","8":"product_cat-sukienki-cekinowe","9":"product_cat-sukienki-plus-size","10":"product_tag-madelinefashion","11":"product_tag-sukienki-czekoladowe","12":"product_tag-sukienki-dlugie","14":"first","15":"instock","16":"sale","17":"purchasable","18":"product-type-variable"},"_links":{"self":[{"href":"https:\/\/madelinefashion.pl\/en\/wp-json\/wp\/v2\/product\/580432","targetHints":{"allow":["GET"]}}],"collection":[{"href":"https:\/\/madelinefashion.pl\/en\/wp-json\/wp\/v2\/product"}],"about":[{"href":"https:\/\/madelinefashion.pl\/en\/wp-json\/wp\/v2\/types\/product"}],"wp:featuredmedia":[{"embeddable":true,"href":"https:\/\/madelinefashion.pl\/en\/wp-json\/wp\/v2\/media\/582435"}],"wp:attachment":[{"href":"https:\/\/madelinefashion.pl\/en\/wp-json\/wp\/v2\/media?parent=580432"}],"wp:term":[{"taxonomy":"product_brand","embeddable":true,"href":"https:\/\/madelinefashion.pl\/en\/wp-json\/wp\/v2\/product_brand?post=580432"},{"taxonomy":"product_cat","embeddable":true,"href":"https:\/\/madelinefashion.pl\/en\/wp-json\/wp\/v2\/product_cat?post=580432"},{"taxonomy":"product_tag","embeddable":true,"href":"https:\/\/madelinefashion.pl\/en\/wp-json\/wp\/v2\/product_tag?post=580432"}],"curies":[{"name":"wp","href":"https:\/\/api.w.org\/{rel}","templated":true}]}}