{"id":580511,"date":"2025-10-03T16:03:16","date_gmt":"2025-10-03T14:03:16","guid":{"rendered":"https:\/\/madelinefashion.pl\/?post_type=product&#038;p=580511"},"modified":"2026-04-24T11:33:49","modified_gmt":"2026-04-24T09:33:49","slug":"sukienka-gorsetowa-z-rozcieciem-elvira-cekinowa-zlota","status":"publish","type":"product","link":"https:\/\/madelinefashion.pl\/en\/product\/sukienka-gorsetowa-z-rozcieciem-elvira-cekinowa-zlota\/","title":{"rendered":"Elvira Sequined Gold Slit Corset Dress"},"content":{"rendered":"<h3 style=\"text-align: center;\">Elvira Sequined Gold Slit Corset Dress<\/h3>\n<p style=\"text-align: center;\"><strong>Elvira<\/strong>\u00a0This is a beautiful dress with thin straps. The bodice is corset-style. A silicone band is sewn into the bust to keep the dress in place. The lace-up back allows for a perfect fit. <strong>Fitted dress<\/strong> This model features a flared skirt that flows beautifully with movement. It has a slit up the leg, which beautifully highlights it. Despite its simplicity, the dress is sure to make a huge impression. This sequin dress is perfect for weddings, proms, homecoming parties, New Year&#039;s Eve, and other special occasions. Shine in style! This <strong data-start=\"314\" data-end=\"364\">sequin corset dress tied at the back<\/strong> This is a proposal for women who like to attract attention and emphasize their femininity. The fitted cut and stiffened bodice beautifully shape the figure, while the adjustable ties at the back not only add charm but also allow for a perfect fit. Heavily embellished with shimmering sequins, the dress shimmers in the light and looks phenomenal when dancing and moving. Perfect for parties, New Year&#039;s Eve, weddings, proms, or elegant receptions. Choose <strong data-start=\"1152\" data-end=\"1196\">sensual look and timeless elegance<\/strong> \u2013 This sequin corset dress is a must-have in your wardrobe! If you can&#039;t decide which color or size is best for you, please contact us via <a href=\"https:\/\/www.facebook.com\/madelinefashionbutik\" target=\"_blank\" rel=\"noopener\">Facebook<\/a> or <a href=\"https:\/\/madelinefashion.pl\/en\/kontakt\/\">phone<\/a>. If the size is not available on the website, please contact us.<\/p>\n<h3 style=\"text-align: center;\">DRESS DIMENSIONS:<\/h3>\n<table width=\"556\">\n<tbody>\n<tr>\n<td><strong>SIZE<\/strong><\/td>\n<td><strong>Bust<\/strong><\/td>\n<td><strong>Waist<\/strong><\/td>\n<td><strong>Hips<\/strong><\/td>\n<\/tr>\n<tr>\n<td><strong>34<\/strong><\/td>\n<td>84-86<\/td>\n<td>64-68<\/td>\n<td>\u00a082-90<\/td>\n<\/tr>\n<tr>\n<td><strong>36<\/strong><\/td>\n<td>88-90<\/td>\n<td>68-72<\/td>\n<td>\u00a086-92<\/td>\n<\/tr>\n<tr>\n<td><strong>38<\/strong><\/td>\n<td>92-94<\/td>\n<td>72-76<\/td>\n<td>\u00a090-96<\/td>\n<\/tr>\n<tr>\n<td><strong>40<\/strong><\/td>\n<td>96-98<\/td>\n<td>76-80<\/td>\n<td>\u00a094-106<\/td>\n<\/tr>\n<\/tbody>\n<\/table>\n<p style=\"text-align: center;\"><span style=\"font-size: 10pt;\">\u00a0 <\/span><\/p>\n<p style=\"text-align: center;\"><span style=\"font-size: 10pt;\">total length approx. 157 cm <\/span>(the dress can be shortened on your own)<\/p>\n<p style=\"text-align: center;\"><span style=\"font-size: 10pt;\">The dress is also available in <strong>other color variants<\/strong> - we encourage you to familiarize yourself with our other products.\u00a0<\/span><\/p>\n<p style=\"text-align: center;\"><span style=\"font-size: 10pt;\">Dimensions may slightly differ from the given +\/- 2cm.\u00a0<\/span><\/p>\n<p style=\"text-align: center;\"><span style=\"font-size: 10pt;\"><strong>\u00a0<\/strong>\u00a0<\/span><\/p>\n<table width=\"618\">\n<tbody>\n<tr>\n<td width=\"302\">Model name<\/td>\n<td width=\"302\">Elvira Corset Dress with Slit<\/td>\n<\/tr>\n<tr>\n<td width=\"302\">Color<\/td>\n<td width=\"302\">Golden<\/td>\n<\/tr>\n<tr>\n<td width=\"302\">Type<\/td>\n<td width=\"302\">Corset<\/td>\n<\/tr>\n<tr>\n<td width=\"302\">Sizes<\/td>\n<td width=\"302\">34 36 38 40<\/td>\n<\/tr>\n<tr>\n<td width=\"302\">Fashion<\/td>\n<td width=\"302\">Matched<\/td>\n<\/tr>\n<tr>\n<td width=\"302\">Material<\/td>\n<td width=\"302\">Viscose, Polyester, Cotton<\/td>\n<\/tr>\n<tr>\n<td width=\"302\">Length<\/td>\n<td width=\"302\">To the ground<\/td>\n<\/tr>\n<\/tbody>\n<\/table>\n<p style=\"text-align: center;\"><span style=\"font-size: 10pt;\">* For larger sizes, please contact us by phone\u00a0\u00a0<\/span><\/p>\n<p style=\"text-align: center;\"><span style=\"font-size: 10pt;\">In order to match <strong>perfect dresses<\/strong> we invite you to contact us by phone or contact us <a href=\"https:\/\/www.facebook.com\/madelinefashionbutik\" target=\"_blank\" rel=\"noopener\">Facebook<\/a> .<\/span><br \/>\n<span style=\"font-size: 10pt;\">Our team will help <strong>Choose the right one<\/strong> . <strong>We can make each dress at the request of the buyer\u00a0<\/strong><strong>measure carefully.\u00a0<\/strong><\/span><\/p>\n<div class=\"additional-details\" style=\"text-align: center;\">\n<p style=\"text-align: center;\"><span style=\"font-size: 10pt;\">\u00a0<\/span><\/p>\n<\/div>","protected":false},"excerpt":{"rendered":"<p>Sukienka Gorsetowa Z Rozci\u0119ciem Elvira Cekinowa Z\u0142ota Elvira\u00a0to przepi\u0119kna sukienka\u00a0 na cienkich rami\u0105czkach. G\u00f3ra sukienki jest gorsetowa. Przy biu\u015bcie wszyty jest silikonowy pasek, kt\u00f3ry utrzyma sukienk\u0119 na miejscu. Wi\u0105zany ty\u0142 daje mo\u017cliwo\u015b\u0107 idealnego dopasowania sukienki. Dopasowana sukienka to model z rozkloszowanym do\u0142em, kt\u00f3ry pi\u0119knie si\u0119 uk\u0142ada w ruchu. Ma rozci\u0119cie na nog\u0119, kt\u00f3re \u0142adnie j\u0105<\/p>\n<div class=\"klb-readmore post-buttons\"><a class=\"button black outline size-sm\" href=\"https:\/\/madelinefashion.pl\/en\/product\/sukienka-gorsetowa-z-rozcieciem-elvira-cekinowa-zlota\/\">Read More <i class=\"klbth-icon-right-arrow\"><\/i><\/a><\/div>","protected":false},"featured_media":580523,"template":"","meta":[],"product_brand":[],"product_cat":[124,558,569,563],"product_tag":[163,445],"class_list":{"0":"post-580511","1":"product","2":"type-product","3":"status-publish","4":"has-post-thumbnail","6":"product_cat-sukienki-okolicznosciowe","7":"product_cat-sukienki-cekinowe","8":"product_cat-sukienki-dopasowane","9":"product_cat-sukienki-gorsetowe","10":"product_tag-sukienki-dlugie","11":"product_tag-sukienki-zlote","13":"first","14":"instock","15":"sale","16":"purchasable","17":"product-type-variable"},"_links":{"self":[{"href":"https:\/\/madelinefashion.pl\/en\/wp-json\/wp\/v2\/product\/580511","targetHints":{"allow":["GET"]}}],"collection":[{"href":"https:\/\/madelinefashion.pl\/en\/wp-json\/wp\/v2\/product"}],"about":[{"href":"https:\/\/madelinefashion.pl\/en\/wp-json\/wp\/v2\/types\/product"}],"wp:featuredmedia":[{"embeddable":true,"href":"https:\/\/madelinefashion.pl\/en\/wp-json\/wp\/v2\/media\/580523"}],"wp:attachment":[{"href":"https:\/\/madelinefashion.pl\/en\/wp-json\/wp\/v2\/media?parent=580511"}],"wp:term":[{"taxonomy":"product_brand","embeddable":true,"href":"https:\/\/madelinefashion.pl\/en\/wp-json\/wp\/v2\/product_brand?post=580511"},{"taxonomy":"product_cat","embeddable":true,"href":"https:\/\/madelinefashion.pl\/en\/wp-json\/wp\/v2\/product_cat?post=580511"},{"taxonomy":"product_tag","embeddable":true,"href":"https:\/\/madelinefashion.pl\/en\/wp-json\/wp\/v2\/product_tag?post=580511"}],"curies":[{"name":"wp","href":"https:\/\/api.w.org\/{rel}","templated":true}]}}