{"id":582398,"date":"2025-10-22T12:08:45","date_gmt":"2025-10-22T10:08:45","guid":{"rendered":"https:\/\/madelinefashion.pl\/?post_type=product&#038;p=582398"},"modified":"2026-04-21T15:39:56","modified_gmt":"2026-04-21T13:39:56","slug":"sukienka-maxi-cekinowa-fotina-czekoladowa","status":"publish","type":"product","link":"https:\/\/madelinefashion.pl\/en\/product\/sukienka-maxi-cekinowa-fotina-czekoladowa\/","title":{"rendered":"Fotina Chocolate Sequin Maxi Dress"},"content":{"rendered":"<h3 style=\"text-align: center;\">Fotina Chocolate Sequin Maxi Dress<\/h3>\n<p style=\"text-align: center;\">Model <em data-start=\"54\" data-end=\"62\">Fotina<\/em> This elegant sequin maxi dress in a chocolate shade captivates not only with its color but also with its refined details. The off-the-shoulder cut beautifully highlights the shoulders, while the high slit adds a sensual touch. The dress features sewn-in boning to accentuate the silhouette, decorative beading on the shoulders, and a self-tie back for a perfect fit. This is a unique choice for prom, a gala, or an evening out. <strong>Fotina dress <\/strong>available in sizes <strong>Plus Size 42 44 46 48 50 <\/strong>\u00a0Dresses <strong>Madelinefashion\u00a0<\/strong> an excellent choice for <strong>wedding, prom, New Year&#039;s Eve and other elegant special events<\/strong>. Available in our e-shop in several color variants, so do not hesitate and choose the one that is perfect for you. If you can&#039;t decide which color, <strong>size<\/strong> is the best for you, <strong>contact us<\/strong> through <a href=\"https:\/\/www.facebook.com\/madelinefashionbutik\" target=\"_blank\" rel=\"noopener\">Facebook<\/a> or <a href=\"https:\/\/madelinefashion.pl\/en\/kontakt\/\">phone<\/a>. If the size is not available on the website, please contact us.\u00a0 <strong>In the information after purchase, you can enter your dimensions<\/strong> Waist and Bust we will choose the right size for you !!<\/p>\n<h3 style=\"text-align: center;\">DRESS DIMENSIONS:<\/h3>\n<table width=\"556\">\n<tbody>\n<tr>\n<td><strong>SIZE<\/strong><\/td>\n<td><strong>Bust<\/strong><\/td>\n<td><strong>Waist<\/strong><\/td>\n<td><strong>Hips<\/strong><\/td>\n<\/tr>\n<tr>\n<td><strong>42<\/strong><\/td>\n<td>102-108<\/td>\n<td>84-88<\/td>\n<td>\u00a0102-110<\/td>\n<\/tr>\n<tr>\n<td><strong>44<\/strong><\/td>\n<td>106-112<\/td>\n<td>88-92<\/td>\n<td>\u00a0104-112<\/td>\n<\/tr>\n<tr>\n<td><strong>46<\/strong><\/td>\n<td>110-116<\/td>\n<td>92-98<\/td>\n<td>\u00a0106-114<\/td>\n<\/tr>\n<tr>\n<td><strong>48<\/strong><\/td>\n<td>114-120<\/td>\n<td>96-102<\/td>\n<td>\u00a0108-122<\/td>\n<\/tr>\n<tr>\n<td><strong>50<\/strong><\/td>\n<td>118-124<\/td>\n<td>100-106<\/td>\n<td>\u00a0114-126<\/td>\n<\/tr>\n<\/tbody>\n<\/table>\n<p style=\"text-align: center;\">total length approx. 157 cm<\/p>\n<p style=\"text-align: center;\">The dress is also available in other colors - see our other products.<\/p>\n<p style=\"text-align: center;\">Dimensions may slightly differ from the given +\/- 2cm.<\/p>\n<p style=\"text-align: center;\"><strong>\u00a0<\/strong><\/p>\n<p>&nbsp;<\/p>\n<table>\n<tbody>\n<tr>\n<td width=\"302\">Model name<\/td>\n<td width=\"302\">Fotina Chocolate Sequin Maxi Dress<\/td>\n<\/tr>\n<tr>\n<td width=\"302\">Color<\/td>\n<td width=\"302\"><span style=\"font-size: 13.3333px;\">Brown, Chocolate<\/span><\/td>\n<\/tr>\n<tr>\n<td width=\"302\">Mark<\/td>\n<td width=\"302\">Madelinefashion<\/td>\n<\/tr>\n<tr>\n<td width=\"302\">Sizes<\/td>\n<td width=\"302\">40 42 44 46 48 50<\/td>\n<\/tr>\n<tr>\n<td width=\"302\">Fashion<\/td>\n<td width=\"302\">Matched<\/td>\n<\/tr>\n<tr>\n<td width=\"302\">Material<\/td>\n<td width=\"302\">Viscose, Polyester, Cotton<\/td>\n<\/tr>\n<tr>\n<td width=\"302\">Length<\/td>\n<td width=\"302\">Maxi<\/td>\n<\/tr>\n<\/tbody>\n<\/table>\n<p style=\"text-align: center;\">In order to match\u00a0<strong>perfect dresses<\/strong>\u00a0we invite you to contact us by phone or via our facebook.<br \/>\nOur team will help\u00a0<strong>Choose the right one<\/strong>\u00a0.\u00a0<strong>We can make each dress at the request of the buyer\u00a0<\/strong><strong>measure carefully.\u00a0<\/strong><\/p>\n<div class=\"additional-details\">\n<p style=\"text-align: center;\">\n<\/div>","protected":false},"excerpt":{"rendered":"<p>Sukienka Maxi Cekinowa Fotina Czekoladowa Model Fotina to elegancka maxi sukienka cekinowa w odcieniu czekolady, kt\u00f3ra przyci\u0105ga uwag\u0119 nie tylko kolorem, ale i dopracowanymi detalami. Fason w typie hiszpanki pi\u0119knie eksponuje ramiona, a wysokie rozci\u0119cie na nodze dodaje zmys\u0142owo\u015bci. Sukienka posiada wszyte fiszbiny, kt\u00f3re podkre\u015blaj\u0105 sylwetk\u0119, ozdobne koraliki na ramionach oraz wi\u0105zany ty\u0142, pozwalaj\u0105cy na<\/p>\n<div class=\"klb-readmore post-buttons\"><a class=\"button black outline size-sm\" href=\"https:\/\/madelinefashion.pl\/en\/product\/sukienka-maxi-cekinowa-fotina-czekoladowa\/\">Read More <i class=\"klbth-icon-right-arrow\"><\/i><\/a><\/div>","protected":false},"featured_media":582397,"template":"","meta":[],"product_brand":[],"product_cat":[124,395,558,564],"product_tag":[257,385,636],"class_list":{"0":"post-582398","1":"product","2":"type-product","3":"status-publish","4":"has-post-thumbnail","6":"product_cat-sukienki-okolicznosciowe","7":"product_cat-nowosci","8":"product_cat-sukienki-cekinowe","9":"product_cat-sukienki-plus-size","10":"product_tag-madelinefashion","11":"product_tag-plus-size","12":"product_tag-sukienki-czekoladowe","14":"first","15":"instock","16":"sale","17":"purchasable","18":"product-type-variable"},"_links":{"self":[{"href":"https:\/\/madelinefashion.pl\/en\/wp-json\/wp\/v2\/product\/582398","targetHints":{"allow":["GET"]}}],"collection":[{"href":"https:\/\/madelinefashion.pl\/en\/wp-json\/wp\/v2\/product"}],"about":[{"href":"https:\/\/madelinefashion.pl\/en\/wp-json\/wp\/v2\/types\/product"}],"wp:featuredmedia":[{"embeddable":true,"href":"https:\/\/madelinefashion.pl\/en\/wp-json\/wp\/v2\/media\/582397"}],"wp:attachment":[{"href":"https:\/\/madelinefashion.pl\/en\/wp-json\/wp\/v2\/media?parent=582398"}],"wp:term":[{"taxonomy":"product_brand","embeddable":true,"href":"https:\/\/madelinefashion.pl\/en\/wp-json\/wp\/v2\/product_brand?post=582398"},{"taxonomy":"product_cat","embeddable":true,"href":"https:\/\/madelinefashion.pl\/en\/wp-json\/wp\/v2\/product_cat?post=582398"},{"taxonomy":"product_tag","embeddable":true,"href":"https:\/\/madelinefashion.pl\/en\/wp-json\/wp\/v2\/product_tag?post=582398"}],"curies":[{"name":"wp","href":"https:\/\/api.w.org\/{rel}","templated":true}]}}