{"id":583551,"date":"2025-11-07T11:29:47","date_gmt":"2025-11-07T10:29:47","guid":{"rendered":"https:\/\/madelinefashion.pl\/?post_type=product&#038;p=583551"},"modified":"2026-03-01T12:57:37","modified_gmt":"2026-03-01T11:57:37","slug":"bransoletka-z-cyrkonii-cleopatra-3c1","status":"publish","type":"product","link":"https:\/\/madelinefashion.pl\/en\/product\/bransoletka-z-cyrkonii-cleopatra-3c1\/","title":{"rendered":"Cleopatra 3C1 Cubic Zirconia Bracelet"},"content":{"rendered":"<h3 style=\"text-align: center;\" align=\"CENTER\">Cleopatra 3C1 Cubic Zirconia Bracelet<\/h3>\n<p style=\"text-align: center;\" data-start=\"236\" data-end=\"580\">Bracelet <strong data-start=\"248\" data-end=\"261\">Cleopatra<\/strong> is a combination of exceptional elegance and timeless charm. Made of surgical steel, decorated <strong data-start=\"373\" data-end=\"400\">shiny zircons<\/strong>, captivates with its subtle yet luxurious appearance. Its design is inspired by classic beauty \u2013 a symbol of femininity, style, and self-confidence.<\/p>\n<p style=\"text-align: center;\" data-start=\"582\" data-end=\"844\">This <strong data-start=\"585\" data-end=\"613\">bracelet with cubic zirconias<\/strong> It perfectly highlights the wrist and beautifully reflects light, adding sparkle to any outfit \u2013 both everyday and evening. It&#039;s the perfect gift for a special someone or an elegant addition to your own jewelry collection.<\/p>\n<p style=\"text-align: center;\">Bracelet circumference\u00a0 <strong>18 cm<\/strong><\/p>\n<p class=\"p2\" style=\"text-align: center;\">","protected":false},"excerpt":{"rendered":"<p>Bransoletka z Cyrkonii Cleopatra 3C1 Bransoletka Cleopatra to po\u0142\u0105czenie wyj\u0105tkowej elegancji i ponadczasowego uroku. Wykonana ze stali chirurgicznej, zdobiona b\u0142yszcz\u0105cymi cyrkoniami, zachwyca subtelnym, a jednocze\u015bnie luksusowym wygl\u0105dem. Jej design inspirowany jest klasycznym pi\u0119knem &#8211;\u00a0 symbolem kobieco\u015bci, stylu i pewno\u015bci siebie. Ta bransoletka z cyrkoniami doskonale podkre\u015bla nadgarstek i pi\u0119knie odbija \u015bwiat\u0142o, dodaj\u0105c blasku ka\u017cdej stylizacji<\/p>\n<div class=\"klb-readmore post-buttons\"><a class=\"button black outline size-sm\" href=\"https:\/\/madelinefashion.pl\/en\/product\/bransoletka-z-cyrkonii-cleopatra-3c1\/\">Read More <i class=\"klbth-icon-right-arrow\"><\/i><\/a><\/div>","protected":false},"featured_media":583552,"template":"","meta":[],"product_brand":[],"product_cat":[519],"product_tag":[],"class_list":{"0":"post-583551","1":"product","2":"type-product","3":"status-publish","4":"has-post-thumbnail","6":"product_cat-bizuteria-damska","8":"first","9":"instock","10":"sale","11":"purchasable","12":"product-type-simple"},"_links":{"self":[{"href":"https:\/\/madelinefashion.pl\/en\/wp-json\/wp\/v2\/product\/583551","targetHints":{"allow":["GET"]}}],"collection":[{"href":"https:\/\/madelinefashion.pl\/en\/wp-json\/wp\/v2\/product"}],"about":[{"href":"https:\/\/madelinefashion.pl\/en\/wp-json\/wp\/v2\/types\/product"}],"wp:featuredmedia":[{"embeddable":true,"href":"https:\/\/madelinefashion.pl\/en\/wp-json\/wp\/v2\/media\/583552"}],"wp:attachment":[{"href":"https:\/\/madelinefashion.pl\/en\/wp-json\/wp\/v2\/media?parent=583551"}],"wp:term":[{"taxonomy":"product_brand","embeddable":true,"href":"https:\/\/madelinefashion.pl\/en\/wp-json\/wp\/v2\/product_brand?post=583551"},{"taxonomy":"product_cat","embeddable":true,"href":"https:\/\/madelinefashion.pl\/en\/wp-json\/wp\/v2\/product_cat?post=583551"},{"taxonomy":"product_tag","embeddable":true,"href":"https:\/\/madelinefashion.pl\/en\/wp-json\/wp\/v2\/product_tag?post=583551"}],"curies":[{"name":"wp","href":"https:\/\/api.w.org\/{rel}","templated":true}]}}