{"id":584205,"date":"2025-11-14T17:09:31","date_gmt":"2025-11-14T16:09:31","guid":{"rendered":"https:\/\/madelinefashion.pl\/?post_type=product&#038;p=584205"},"modified":"2026-04-14T17:31:35","modified_gmt":"2026-04-14T15:31:35","slug":"sukienka-krotka-tiulowa-granatowa-ronia","status":"publish","type":"product","link":"https:\/\/madelinefashion.pl\/en\/product\/sukienka-krotka-tiulowa-granatowa-ronia\/","title":{"rendered":"Ronia Short Navy Tulle Dress"},"content":{"rendered":"<h3 style=\"text-align: center;\">Ronia Short Navy Tulle Dress<\/h3>\n<p style=\"text-align: center;\">\u00a0A beautiful short evening dress with a tulle skirt and a bodice adorned with exquisite embroidery and embellishments in the form of sparkling crystals and glitter. It beautifully accentuates the feminine curves. The dress beautifully highlights the back with a V-neckline. . <strong>Dream dress<\/strong>\u00a0 \u00a0off-the-shoulder straps and adorned top. The stitching gives an amazing effect, and the crystals sparkle wonderfully in the light.<strong> V-shaped neckline<\/strong>. Tapered at the waist, it perfectly emphasizes the waist. <strong>The back is exquisitely cut, v-shaped<\/strong>. Hole <a href=\"https:\/\/madelinefashion.pl\/en\/sukienki-i-kombinezony\/sukienki-okolicznosciowe\/\">dresses<\/a> It is made of several layers of lightweight tulle. Available in sizes<strong> SML<\/strong>. Dresses <strong>from Madelinefashion <\/strong>is an excellent choice for a wedding, prom, New Year&#039;s Eve and other elegant special events. If you can&#039;t decide which one <strong>size<\/strong> is the best for you, <strong>contact us<\/strong> through <a href=\"https:\/\/www.facebook.com\/madelinefashionbutik\" target=\"_blank\" rel=\"noopener\">Facebook<\/a> or <a href=\"https:\/\/madelinefashion.pl\/en\/kontakt\/\">phone<\/a>. If the size is not available on the website, please contact us.<\/p>\n<h3 style=\"text-align: center;\">DRESS DIMENSIONS:<\/h3>\n<table class=\"table table-bordered\" style=\"height: 98px;\" width=\"441\">\n<tbody>\n<tr>\n<td><strong>Size<\/strong><\/td>\n<td><strong>S \/ 36<\/strong><\/td>\n<td><strong>M \/ 38<\/strong><\/td>\n<td><strong>L \/ 40<\/strong><\/td>\n<\/tr>\n<tr>\n<td>Bust width (cm)<\/td>\n<td>44<\/td>\n<td>46<\/td>\n<td>48<\/td>\n<\/tr>\n<tr>\n<td>Waist width (cm)<\/td>\n<td>34<\/td>\n<td>37<\/td>\n<td>39<\/td>\n<\/tr>\n<tr>\n<td>Total length (cm)<\/td>\n<td>91<\/td>\n<td>92<\/td>\n<td>93<\/td>\n<\/tr>\n<\/tbody>\n<\/table>\n<p style=\"text-align: center;\"><span style=\"font-size: 13.3333px;\">The dress is measured laying flat <strong>dimension x2\u00a0<\/strong><\/span><\/p>\n<p style=\"text-align: center;\"><span style=\"font-size: 10pt;\">Dimensions may slightly differ from the given +\/- 2cm.\u00a0<\/span><\/p>\n<p style=\"text-align: center;\"><span style=\"font-size: 10pt;\"><strong>\u00a0<\/strong>\u00a0<\/span><\/p>\n<table width=\"618\">\n<tbody>\n<tr>\n<td width=\"302\">Model name<\/td>\n<td width=\"302\">Short Tulle Dress Navy Blue<\/td>\n<\/tr>\n<tr>\n<td width=\"302\">Color<\/td>\n<td width=\"302\">Navy<\/td>\n<\/tr>\n<tr>\n<td width=\"302\">Mark<\/td>\n<td width=\"302\">Madeline Fashion<\/td>\n<\/tr>\n<tr>\n<td width=\"302\">Sizes<\/td>\n<td width=\"302\">\u00a036 38 40<\/td>\n<\/tr>\n<tr>\n<td width=\"302\">Fashion<\/td>\n<td width=\"302\">Matched<\/td>\n<\/tr>\n<tr>\n<td width=\"302\">Material<\/td>\n<td width=\"302\">Viscose, Polyester, Cotton<\/td>\n<\/tr>\n<tr>\n<td width=\"302\">Length<\/td>\n<td width=\"302\">To the ground<\/td>\n<\/tr>\n<\/tbody>\n<\/table>\n<p style=\"text-align: center;\"><span style=\"font-size: 10pt;\">\u00a0<\/span><\/p>\n<p>&nbsp;<\/p>\n<p style=\"text-align: center;\"><span style=\"font-size: 10pt;\">In order to match <strong>perfect dresses<\/strong> we invite you to contact us by phone or contact us <a href=\"https:\/\/www.facebook.com\/madelinefashionbutik\" target=\"_blank\" rel=\"noopener\">Facebook<\/a> .<\/span><br \/>\n<span style=\"font-size: 10pt;\">Our team will help <strong>Choose the right one<\/strong> . <strong>We can make each dress at the request of the buyer\u00a0<\/strong><strong>measure carefully.\u00a0<\/strong><\/span><\/p>\n<div class=\"additional-details\" style=\"text-align: center;\">\n<p style=\"text-align: center;\"><span style=\"font-size: 10pt;\">\u00a0<\/span><\/p>\n<\/div>","protected":false},"excerpt":{"rendered":"<p>Sukienka Kr\u00f3tka Tiulowa Granatowa Ronia \u00a0Pi\u0119kna kr\u00f3tka suknia wieczorowa z tiulowym do\u0142em oraz\u00a0 g\u00f3r\u0105 zdobion\u0105 cudownymi haftami oraz zdobieniami w postaci mieni\u0105cych si\u0119 kryszta\u0142k\u00f3w i brokatu. Pi\u0119knie eksponuje kobiece kszta\u0142ty. Sukienka pi\u0119knie eksponuje plecy\u00a0 &#8211; dekolt w kszta\u0142cie litery v . Wymarzona suknia\u00a0 \u00a0na rami\u0105czkach z odkrytymi ramionami i zdobion\u0105 g\u00f3r\u0105. Przeszycia daj\u0105 niesamowity efekt,<\/p>\n<div class=\"klb-readmore post-buttons\"><a class=\"button black outline size-sm\" href=\"https:\/\/madelinefashion.pl\/en\/product\/sukienka-krotka-tiulowa-granatowa-ronia\/\">Read More <i class=\"klbth-icon-right-arrow\"><\/i><\/a><\/div>","protected":false},"featured_media":584202,"template":"","meta":[],"product_brand":[],"product_cat":[124,395,561],"product_tag":[725,257,262],"class_list":{"0":"post-584205","1":"product","2":"type-product","3":"status-publish","4":"has-post-thumbnail","6":"product_cat-sukienki-okolicznosciowe","7":"product_cat-nowosci","8":"product_cat-sukienki-tiulowe","9":"product_tag-granatowe-sukienki","10":"product_tag-madelinefashion","11":"product_tag-sukienki-krotkie","13":"first","14":"instock","15":"sale","16":"purchasable","17":"product-type-variable"},"_links":{"self":[{"href":"https:\/\/madelinefashion.pl\/en\/wp-json\/wp\/v2\/product\/584205","targetHints":{"allow":["GET"]}}],"collection":[{"href":"https:\/\/madelinefashion.pl\/en\/wp-json\/wp\/v2\/product"}],"about":[{"href":"https:\/\/madelinefashion.pl\/en\/wp-json\/wp\/v2\/types\/product"}],"wp:featuredmedia":[{"embeddable":true,"href":"https:\/\/madelinefashion.pl\/en\/wp-json\/wp\/v2\/media\/584202"}],"wp:attachment":[{"href":"https:\/\/madelinefashion.pl\/en\/wp-json\/wp\/v2\/media?parent=584205"}],"wp:term":[{"taxonomy":"product_brand","embeddable":true,"href":"https:\/\/madelinefashion.pl\/en\/wp-json\/wp\/v2\/product_brand?post=584205"},{"taxonomy":"product_cat","embeddable":true,"href":"https:\/\/madelinefashion.pl\/en\/wp-json\/wp\/v2\/product_cat?post=584205"},{"taxonomy":"product_tag","embeddable":true,"href":"https:\/\/madelinefashion.pl\/en\/wp-json\/wp\/v2\/product_tag?post=584205"}],"curies":[{"name":"wp","href":"https:\/\/api.w.org\/{rel}","templated":true}]}}