{"id":5848,"date":"2021-03-20T18:22:12","date_gmt":"2021-03-20T17:22:12","guid":{"rendered":"https:\/\/madelinefashion.pl\/?post_type=product&#038;p=5848"},"modified":"2026-01-15T12:43:35","modified_gmt":"2026-01-15T11:43:35","slug":"plaszcz-maxi-czerwony-z-flauszu","status":"publish","type":"product","link":"https:\/\/madelinefashion.pl\/en\/product\/plaszcz-maxi-czerwony-z-flauszu\/","title":{"rendered":"Red Maxi coat made of fleece"},"content":{"rendered":"<h2 style=\"text-align: center;\">Red Maxi coat made of fleece<\/h2>\n<p style=\"text-align: center;\"><strong>Maxi coat<\/strong> tied it <strong>must-have<\/strong> in every woman&#039;s closet. Color <strong>red<\/strong> attracts <strong>sight<\/strong> every time it appears in seasonal collections. Timeless color - always in fashion. One outfit can be the focal point to create looks for many different occasions. The red coat of fleece is\u00a0<strong>ideal <\/strong>suggestion on <strong>spring, autumn<\/strong> and delicate <strong>winter<\/strong>. . It is a combination of elegance, modernity and functionality - The red coat fits into every figure and styling The coat is universal - it is suitable for any occasion, it will be perfect at any time of the year, additionally made of fleece makes it perfectly arranged. Effectively protects against cold and gives the whole original look.<\/p>\n<h2 style=\"text-align: center;\">The coat is perfect for any occasion<\/h2>\n<p style=\"text-align: center;\">Size\u00a0<strong>universal <\/strong>\u00a0recommended for ladies wearing size\u00a0<strong>S, M, L, XL<\/strong> which is a huge advantage of this model. In the offer <strong>we have<\/strong> <strong>also<\/strong> bigger <strong>PLUS SIZE<\/strong> recommended for ladies in size <strong>44,46,48,50<\/strong> . <b>N<\/b>on our website you will find a fleece coat: <b><a href=\"https:\/\/madelinefashion.pl\/en\/kurtki-i-plaszcze\/plaszcze\/plaszcze-krotkie\/\">short coat<\/a>, <a href=\"https:\/\/madelinefashion.pl\/en\/kurtki-i-plaszcze\/plaszcze\/plaszcze-dlugie\/\">long coat<\/a> maxi coat and coat <a href=\"https:\/\/madelinefashion.pl\/en\/plaszcz-plus-size\/\">plus size<\/a>. Choose length o<\/b>appropriate<b> for myself. <\/b>The coat is also available in others <strong>color variants<\/strong> - we encourage you to familiarize yourself with our other products. If you cannot decide which color, size is best for you, please contact us through <a href=\"https:\/\/www.facebook.com\/madelinefashionbutik\" target=\"_blank\" rel=\"noopener\">Facebook<\/a> or phone.<\/p>\n<h2 style=\"text-align: center;\">Long coat dimensions:<\/h2>\n<ul style=\"text-align: center;\">\n<li>total length back: 122 cm<\/li>\n<li>width from armpit to armpit: 52 cm<\/li>\n<li>sleeve length from the shoulder: 62 cm<\/li>\n<li>sleeve length from armpit: 47 cm<\/li>\n<li>recommended maximum bust circumference: 125-130 cm<\/li>\n<li>bicep width: 36 cm<\/li>\n<\/ul>\n<p style=\"text-align: center;\">Dimensions may slightly differ from the given +\/- 2cm. All dimensions given are measured flat.<\/p>\n<p>&nbsp;<\/p>\n<h2 style=\"text-align: center;\">Product characteristics:<\/h2>\n<ul>\n<li style=\"text-align: center;\">tied<\/li>\n<li style=\"text-align: center;\">envelope<\/li>\n<li style=\"text-align: center;\">belt included<\/li>\n<li style=\"text-align: center;\">pockets<\/li>\n<li style=\"text-align: center;\">available in many color variants<\/li>\n<\/ul>\n<p>&nbsp;<\/p>\n<p style=\"text-align: center;\"><strong>\u00a0<\/strong><\/p>\n<table width=\"618\">\n<tbody>\n<tr>\n<td width=\"302\">Model name<\/td>\n<td width=\"302\">Maxi fleece coat<\/td>\n<\/tr>\n<tr>\n<td width=\"302\">Color<\/td>\n<td width=\"302\">Red<\/td>\n<\/tr>\n<tr>\n<td width=\"302\">Collection<\/td>\n<td width=\"302\">Spring \/ Autumn \/ Winter<\/td>\n<\/tr>\n<tr>\n<td width=\"302\">Sizes<\/td>\n<td width=\"302\">Universal<\/td>\n<\/tr>\n<tr>\n<td width=\"302\">Fashion<\/td>\n<td width=\"302\">Oversize<\/td>\n<\/tr>\n<tr>\n<td width=\"302\">Hood<\/td>\n<td width=\"302\">Without the hood<\/td>\n<\/tr>\n<tr>\n<td width=\"302\">Pockets<\/td>\n<td width=\"302\">Yes<\/td>\n<\/tr>\n<tr>\n<td width=\"302\">Material<\/td>\n<td width=\"302\">Petersham<\/td>\n<\/tr>\n<\/tbody>\n<\/table>\n<p>&nbsp;<\/p>\n<div class=\"tabs tabs-bb clear mb-80\">\n<div class=\"tab-content\">\n<div id=\"tab-description\" class=\"tab-pane fade in woocommerce-Tabs-panel--description active\">\n<p style=\"text-align: center;\">The model has\u00a0<strong>169<\/strong>\u00a0cm tall, wears a size every day\u00a0<strong>S.<\/strong><\/p>\n<p style=\"text-align: center;\">The width at the bust is 92 cm<\/p>\n<p style=\"text-align: center;\">Waist width 62 cm<\/p>\n<p style=\"text-align: center;\">The width at the hips is 94 cm<\/p>\n<\/div>\n<\/div>\n<\/div>","protected":false},"excerpt":{"rendered":"<p>P\u0142aszcz Maxi Czerwony z Flauszu P\u0142aszcz Maxi wi\u0105zany to must-have w szafie ka\u017cdej kobiety. Kolor czerwony przyci\u0105ga wzrok za ka\u017cdym razem, gdy tylko pojawia si\u0119 w sezonowych kolekcjach. Ponadczasowy kolor &#8211; zawsze w modzie . Jedna kreacja mo\u017ce by\u0107 g\u0142\u00f3wnym punktem do stworzenia stylizacji na wiele r\u00f3\u017cnych okazji. Czerwony p\u0142aszcz z flauszu to\u00a0idealna propozycja na<\/p>\n<div class=\"klb-readmore post-buttons\"><a class=\"button black outline size-sm\" href=\"https:\/\/madelinefashion.pl\/en\/product\/plaszcz-maxi-czerwony-z-flauszu\/\">Read More <i class=\"klbth-icon-right-arrow\"><\/i><\/a><\/div>","protected":false},"featured_media":60186,"template":"","meta":[],"product_brand":[],"product_cat":[120,279],"product_tag":[510,285],"class_list":{"0":"post-5848","1":"product","2":"type-product","3":"status-publish","4":"has-post-thumbnail","6":"product_cat-plaszcze-dlugie","7":"product_cat-plaszcze-wiosenne","8":"product_tag-plaszcze-flauszowe","9":"product_tag-plaszcze-maxi","11":"first","12":"outofstock","13":"sale","14":"purchasable","15":"product-type-simple"},"_links":{"self":[{"href":"https:\/\/madelinefashion.pl\/en\/wp-json\/wp\/v2\/product\/5848","targetHints":{"allow":["GET"]}}],"collection":[{"href":"https:\/\/madelinefashion.pl\/en\/wp-json\/wp\/v2\/product"}],"about":[{"href":"https:\/\/madelinefashion.pl\/en\/wp-json\/wp\/v2\/types\/product"}],"wp:featuredmedia":[{"embeddable":true,"href":"https:\/\/madelinefashion.pl\/en\/wp-json\/wp\/v2\/media\/60186"}],"wp:attachment":[{"href":"https:\/\/madelinefashion.pl\/en\/wp-json\/wp\/v2\/media?parent=5848"}],"wp:term":[{"taxonomy":"product_brand","embeddable":true,"href":"https:\/\/madelinefashion.pl\/en\/wp-json\/wp\/v2\/product_brand?post=5848"},{"taxonomy":"product_cat","embeddable":true,"href":"https:\/\/madelinefashion.pl\/en\/wp-json\/wp\/v2\/product_cat?post=5848"},{"taxonomy":"product_tag","embeddable":true,"href":"https:\/\/madelinefashion.pl\/en\/wp-json\/wp\/v2\/product_tag?post=5848"}],"curies":[{"name":"wp","href":"https:\/\/api.w.org\/{rel}","templated":true}]}}