{"id":585192,"date":"2025-11-25T11:39:16","date_gmt":"2025-11-25T10:39:16","guid":{"rendered":"https:\/\/madelinefashion.pl\/?post_type=product&#038;p=585192"},"modified":"2026-03-19T14:23:11","modified_gmt":"2026-03-19T13:23:11","slug":"bolerko-futrzane-ecru-z-broszka","status":"publish","type":"product","link":"https:\/\/madelinefashion.pl\/en\/product\/bolerko-futrzane-ecru-z-broszka\/","title":{"rendered":"Ecru Fur Bolero With Brooch"},"content":{"rendered":"<h3 style=\"text-align: center;\">Ecru Fur Bolero With Brooch<\/h3>\n<p style=\"text-align: center;\">A bolero is a great option for the bride, but not only. It fastens at the neck with a brooch that shimmers beautifully, while remaining delicate and elegant. The bolero falls to the hips, allowing for unrestricted movement while providing coverage around the shoulders, d\u00e9colletage, and neck. Available in a neutral ecru color, it also complements other shades of white and beige, and looks beautiful on any figure. Brooch included.<br \/>\n<strong>Composition: 49% polyester, 25% viscose, 15% acrylic<\/strong><\/p>\n<h3 style=\"text-align: center;\">Dimensions:<\/h3>\n<p style=\"text-align: center;\">From armpit to armpit 58cm<br \/>\nTotal length 56 cm<br \/>\nSleeve length from the armpit 42 cm<br \/>\nSleeve length from shoulder 59 cm<\/p>\n<p>&nbsp;<\/p>\n<p style=\"text-align: center;\"><span style=\"font-size: 10pt;\">Dimensions may slightly differ from the given +\/- 2cm.\u00a0<\/span><\/p>\n<p style=\"text-align: center;\"><span style=\"font-size: 10pt;\"><strong>\u00a0<\/strong>\u00a0<\/span><\/p>\n<p style=\"text-align: center;\">\u00a0The model has\u00a0<strong>169<\/strong>\u00a0cm tall, wears a size every day\u00a0<strong>S.<\/strong><\/p>\n<p style=\"text-align: center;\">Bust width 91 cm<\/p>\n<p style=\"text-align: center;\">Waist width 71 cm<\/p>\n<p style=\"text-align: center;\">Hip width 96 cm<\/p>\n<p>&nbsp;<\/p>\n<p style=\"text-align: center;\">","protected":false},"excerpt":{"rendered":"<p>Bolerko Futrzane Ecru Z Broszk\u0105 Bolerko to \u015bwietna propozycja dla Panny m\u0142odej, ale nie tylko. Jest zapinane pod szyj\u0105 broszk\u0105, kt\u00f3ra pi\u0119knie si\u0119 mieni, jednocze\u015bnie jest delikatna i gustowna. Bolerko si\u0119ga okolic bioder, dzi\u0119ki czemu nie kr\u0119puje ruch\u00f3w, ale zapewnia okrycie okolic, ramion, dekoltu oraz szyi. Wyst\u0119puje w neutralnym kolorze ecru, przez co pasuje r\u00f3wnie\u017c<\/p>\n<div class=\"klb-readmore post-buttons\"><a class=\"button black outline size-sm\" href=\"https:\/\/madelinefashion.pl\/en\/product\/bolerko-futrzane-ecru-z-broszka\/\">Read More <i class=\"klbth-icon-right-arrow\"><\/i><\/a><\/div>","protected":false},"featured_media":585189,"template":"","meta":[],"product_brand":[],"product_cat":[116,395],"product_tag":[],"class_list":{"0":"post-585192","1":"product","2":"type-product","3":"status-publish","4":"has-post-thumbnail","6":"product_cat-bolerka","7":"product_cat-nowosci","9":"first","10":"instock","11":"purchasable","12":"product-type-simple"},"_links":{"self":[{"href":"https:\/\/madelinefashion.pl\/en\/wp-json\/wp\/v2\/product\/585192","targetHints":{"allow":["GET"]}}],"collection":[{"href":"https:\/\/madelinefashion.pl\/en\/wp-json\/wp\/v2\/product"}],"about":[{"href":"https:\/\/madelinefashion.pl\/en\/wp-json\/wp\/v2\/types\/product"}],"wp:featuredmedia":[{"embeddable":true,"href":"https:\/\/madelinefashion.pl\/en\/wp-json\/wp\/v2\/media\/585189"}],"wp:attachment":[{"href":"https:\/\/madelinefashion.pl\/en\/wp-json\/wp\/v2\/media?parent=585192"}],"wp:term":[{"taxonomy":"product_brand","embeddable":true,"href":"https:\/\/madelinefashion.pl\/en\/wp-json\/wp\/v2\/product_brand?post=585192"},{"taxonomy":"product_cat","embeddable":true,"href":"https:\/\/madelinefashion.pl\/en\/wp-json\/wp\/v2\/product_cat?post=585192"},{"taxonomy":"product_tag","embeddable":true,"href":"https:\/\/madelinefashion.pl\/en\/wp-json\/wp\/v2\/product_tag?post=585192"}],"curies":[{"name":"wp","href":"https:\/\/api.w.org\/{rel}","templated":true}]}}