{"id":585207,"date":"2025-11-25T11:43:46","date_gmt":"2025-11-25T10:43:46","guid":{"rendered":"https:\/\/madelinefashion.pl\/?post_type=product&#038;p=585207"},"modified":"2026-02-06T15:20:28","modified_gmt":"2026-02-06T14:20:28","slug":"bolerko-futrzane-dlugi-wlos-ecru","status":"publish","type":"product","link":"https:\/\/madelinefashion.pl\/en\/product\/bolerko-futrzane-dlugi-wlos-ecru\/","title":{"rendered":"Long Hair Fur Bolero Ecru"},"content":{"rendered":"<h3 style=\"text-align: center;\">Long Hair Fur Bolero Ecru<\/h3>\n<p style=\"text-align: center;\" data-start=\"198\" data-end=\"399\">Discover the incredibly elegant <strong data-start=\"226\" data-end=\"262\">long-haired fur bolero<\/strong>, that will add luxury to any outfit. This unique model was created for women who value chic, class, and a unique look.<\/p>\n<p style=\"text-align: center;\" data-start=\"401\" data-end=\"648\">This bolero is made of soft, pleasant-to-touch fur with longer pile, which drapes beautifully and looks stunning both in motion and in photos. Perfect for evening dresses, weddings, proms, and special occasions.<\/p>\n<p style=\"text-align: center;\" data-start=\"650\" data-end=\"673\"><strong data-start=\"652\" data-end=\"671\">Product features:<\/strong><\/p>\n<ul style=\"text-align: center;\" data-start=\"674\" data-end=\"937\">\n<li data-start=\"674\" data-end=\"711\">\n<p data-start=\"676\" data-end=\"711\">luxurious fur with long hair<\/p>\n<\/li>\n<li data-start=\"712\" data-end=\"761\">\n<p data-start=\"714\" data-end=\"761\">elegant clasp with a small, discreet hook<\/p>\n<\/li>\n<li data-start=\"762\" data-end=\"817\">\n<p data-start=\"764\" data-end=\"817\">beautifully highlights the shoulders and adds class to the styling<\/p>\n<\/li>\n<li data-start=\"818\" data-end=\"877\">\n<p data-start=\"820\" data-end=\"877\">a great choice for weddings, balls, holidays and photo sessions<\/p>\n<\/li>\n<li data-start=\"878\" data-end=\"937\">\n<p data-start=\"880\" data-end=\"937\">perfect for colder days \u2013 provides comfort and warmth<\/p>\n<\/li>\n<\/ul>\n<p style=\"text-align: center;\" data-start=\"939\" data-end=\"1030\">Add a touch of glamour to your style and feel special in our fur bolero.<\/p>\n<h3 style=\"text-align: center;\">Dimensions:<\/h3>\n<p style=\"text-align: center;\">From armpit to armpit 58cm<br \/>\nTotal length 56 cm<br \/>\nSleeve length from the armpit 42 cm<br \/>\nSleeve length from shoulder 59 cm<\/p>\n<p>&nbsp;<\/p>\n<p style=\"text-align: center;\"><span style=\"font-size: 10pt;\">Dimensions may slightly differ from the given +\/- 2cm.\u00a0<\/span><\/p>\n<p style=\"text-align: center;\"><span style=\"font-size: 10pt;\"><strong>\u00a0<\/strong>\u00a0<\/span><\/p>\n<p style=\"text-align: center;\">\u00a0The model has\u00a0<strong>169<\/strong>\u00a0cm tall, wears a size every day\u00a0<strong>S.<\/strong><\/p>\n<p style=\"text-align: center;\">Bust width 91 cm<\/p>\n<p style=\"text-align: center;\">Waist width 71 cm<\/p>\n<p style=\"text-align: center;\">Hip width 96 cm<\/p>\n<p>&nbsp;<\/p>\n<p style=\"text-align: center;\">","protected":false},"excerpt":{"rendered":"<p>Bolerko Futrzane D\u0142ugi W\u0142os Ecru Odkryj niezwykle eleganckie bolerko futrzane z d\u0142ugim w\u0142osem, kt\u00f3re doda luksusu ka\u017cdej stylizacji. To wyj\u0105tkowy model stworzony z my\u015bl\u0105 o kobietach ceni\u0105cych szyk, klas\u0119 i niepowtarzalny wygl\u0105d. Bolerko wykonane jest z mi\u0119kkiego, przyjemnego w dotyku futerka o d\u0142u\u017cszym w\u0142osiu, kt\u00f3re pi\u0119knie si\u0119 uk\u0142ada i prezentuje zjawiskowo zar\u00f3wno w ruchu, jak<\/p>\n<div class=\"klb-readmore post-buttons\"><a class=\"button black outline size-sm\" href=\"https:\/\/madelinefashion.pl\/en\/product\/bolerko-futrzane-dlugi-wlos-ecru\/\">Read More <i class=\"klbth-icon-right-arrow\"><\/i><\/a><\/div>","protected":false},"featured_media":585208,"template":"","meta":[],"product_brand":[],"product_cat":[116,395],"product_tag":[],"class_list":{"0":"post-585207","1":"product","2":"type-product","3":"status-publish","4":"has-post-thumbnail","6":"product_cat-bolerka","7":"product_cat-nowosci","9":"first","10":"instock","11":"purchasable","12":"product-type-simple"},"_links":{"self":[{"href":"https:\/\/madelinefashion.pl\/en\/wp-json\/wp\/v2\/product\/585207","targetHints":{"allow":["GET"]}}],"collection":[{"href":"https:\/\/madelinefashion.pl\/en\/wp-json\/wp\/v2\/product"}],"about":[{"href":"https:\/\/madelinefashion.pl\/en\/wp-json\/wp\/v2\/types\/product"}],"wp:featuredmedia":[{"embeddable":true,"href":"https:\/\/madelinefashion.pl\/en\/wp-json\/wp\/v2\/media\/585208"}],"wp:attachment":[{"href":"https:\/\/madelinefashion.pl\/en\/wp-json\/wp\/v2\/media?parent=585207"}],"wp:term":[{"taxonomy":"product_brand","embeddable":true,"href":"https:\/\/madelinefashion.pl\/en\/wp-json\/wp\/v2\/product_brand?post=585207"},{"taxonomy":"product_cat","embeddable":true,"href":"https:\/\/madelinefashion.pl\/en\/wp-json\/wp\/v2\/product_cat?post=585207"},{"taxonomy":"product_tag","embeddable":true,"href":"https:\/\/madelinefashion.pl\/en\/wp-json\/wp\/v2\/product_tag?post=585207"}],"curies":[{"name":"wp","href":"https:\/\/api.w.org\/{rel}","templated":true}]}}