{"id":587713,"date":"2025-12-12T13:02:30","date_gmt":"2025-12-12T12:02:30","guid":{"rendered":"https:\/\/madelinefashion.pl\/?post_type=product&#038;p=587713"},"modified":"2026-04-10T15:05:36","modified_gmt":"2026-04-10T13:05:36","slug":"sukienka-tiulowa-gorsetowa-blekitna-limoncello","status":"publish","type":"product","link":"https:\/\/madelinefashion.pl\/en\/product\/sukienka-tiulowa-gorsetowa-blekitna-limoncello\/","title":{"rendered":"Limoncello Blue Tulle Corset Dress"},"content":{"rendered":"<h3 style=\"text-align: center;\">Limoncello Blue Tulle Corset Dress<\/h3>\n<p style=\"text-align: center;\">Exclusive long <strong>an evening dress with a tulle bottom and a top decorated with wonderful floral embroidery.<\/strong>\u00a0<strong>It beautifully displays feminine shapes<\/strong>\u2013 The bottom of the dress is made entirely of tulle material. The dress beautifully exposes the back \u2013 the neckline is cut into a V-neck at both the front and back. . <strong>Blue dress<\/strong> It has sewn-in cups at the front, eliminating the need to wear a bra. Available in sizes 36, 38, and 40. The bottom is lined with a sheer lining. \u00a0<strong>Madelinefashion dresses<\/strong> It&#039;s a perfect choice for weddings, proms, New Year&#039;s Eve, and other elegant occasions. The Limoncello dress<b>\u00a0<\/b>The V-neckline beautifully showcases the bust. The off-the-shoulder design subtly accentuates the d\u00e9colletage and collarbones, while the stiffened bodice beautifully shapes the waist and ensures a perfect fit. Delicate layers of tulle give the dress a light, airy feel and a unique, girlish charm. It&#039;s the perfect choice for <strong>women<\/strong>, who dreams of a unique style \u2013 full of romance, nature and delicate beauty. If you can&#039;t decide which one <strong>size<\/strong> is the best for you, <strong>contact us<\/strong> through <a href=\"https:\/\/www.facebook.com\/madelinefashionbutik\" target=\"_blank\" rel=\"noopener\">Facebook<\/a> or <a href=\"https:\/\/madelinefashion.pl\/en\/kontakt\/\">phone<\/a>. If the size is not available on the website, please contact us.<\/p>\n<h3 style=\"text-align: center;\">DRESS DIMENSIONS:<\/h3>\n<table width=\"556\">\n<tbody>\n<tr>\n<td><strong>SIZE<\/strong><\/td>\n<td><strong>Bust<\/strong><\/td>\n<td><strong>Waist<\/strong><\/td>\n<td><strong>Hips<\/strong><\/td>\n<\/tr>\n<tr>\n<td><strong>36<\/strong><\/td>\n<td>88-90<\/td>\n<td>68<\/td>\n<td>\u00a0any<\/td>\n<\/tr>\n<tr>\n<td><strong>38<\/strong><\/td>\n<td>\u00a092-94<\/td>\n<td>72<\/td>\n<td>\u00a0any<\/td>\n<\/tr>\n<tr>\n<td><strong>40<\/strong><\/td>\n<td>96-98<\/td>\n<td>76<\/td>\n<td>\u00a0any<\/td>\n<\/tr>\n<\/tbody>\n<\/table>\n<p style=\"text-align: center;\"><span style=\"font-size: 10pt;\">total length approx. 160 cm\u00a0<\/span><\/p>\n<p style=\"text-align: center;\"><span style=\"font-size: 10pt;\">The dress is also available in other colors - see our other products.<\/span><\/p>\n<p style=\"text-align: center;\"><span style=\"font-size: 10pt;\">Dimensions may slightly differ from the given +\/- 2cm.\u00a0<\/span><\/p>\n<p style=\"text-align: center;\"><span style=\"font-size: 10pt;\"><strong>\u00a0<\/strong>\u00a0<\/span><\/p>\n<table width=\"620\">\n<tbody>\n<tr>\n<td width=\"302\">Model name<\/td>\n<td width=\"302\">Limoncello Tulle Corset Dress<\/td>\n<\/tr>\n<tr>\n<td width=\"302\">Color<\/td>\n<td width=\"302\">Blue<\/td>\n<\/tr>\n<tr>\n<td width=\"302\">Cleavage<\/td>\n<td width=\"302\">Style V<\/td>\n<\/tr>\n<tr>\n<td width=\"302\">Sizes<\/td>\n<td width=\"302\">36 38 40<\/td>\n<\/tr>\n<tr>\n<td width=\"302\">Cleavage<\/td>\n<td width=\"302\">Spanish<\/td>\n<\/tr>\n<tr>\n<td width=\"302\">Material<\/td>\n<td width=\"302\">Viscose, Polyester,<\/td>\n<\/tr>\n<tr>\n<td width=\"302\">Length<\/td>\n<td width=\"302\">To the ground<\/td>\n<\/tr>\n<\/tbody>\n<\/table>\n<p style=\"text-align: center;\">We invite you to our showroom<strong> wedding dresses<\/strong>, located at 2 Moniuszki Street in the heart of Konstantyn\u00f3w \u0141\u00f3dzki. In our professional salon, you&#039;ll find a wide selection of wedding dresses that will fulfill your deepest dreams of a perfect day. A team of experienced consultants will help you choose the perfect gown, tailored to your expectations and figure. We cordially invite you to visit us and see how special your day can be!<\/p>\n<p style=\"text-align: center;\"><span style=\"font-size: 10pt;\">In order to match <strong>perfect dresses<\/strong> we invite you to contact us by phone or contact us <a href=\"https:\/\/www.facebook.com\/madelinefashionbutik\" target=\"_blank\" rel=\"noopener\">Facebook<\/a> .<\/span><br \/>\n<span style=\"font-size: 10pt;\">Our team will help <strong>Choose the right one<\/strong> . <strong>We can make each dress at the request of the buyer\u00a0<\/strong><strong>measure carefully.\u00a0<\/strong><\/span><\/p>\n<div class=\"additional-details\" style=\"text-align: center;\">\n<p style=\"text-align: center;\"><span style=\"font-size: 10pt;\">\u00a0<\/span><\/p>\n<\/div>","protected":false},"excerpt":{"rendered":"<p>Sukienka Tiulowa Gorsetowa B\u0142\u0119kitna Limoncello Ekskluzywna d\u0142uga suknia wieczorowa z tiulowym do\u0142em oraz\u00a0 g\u00f3r\u0105 zdobion\u0105 cudownymi haftami w postaci kwiat\u00f3w.\u00a0Pi\u0119knie eksponuje kobiece kszta\u0142ty\u2013 d\u00f3\u0142 sukienki wykonany w ca\u0142o\u015bci z tiulowego si\u0119 materia\u0142u.\u00a0\u00a0Sukienka pi\u0119knie eksponuje plecy\u00a0 \u2013 dekolt wyci\u0119ty w szpic zar\u00f3wno z przodu jak i ty\u0142u . Sukienka b\u0142\u0119kitna posiada z przodu wszyte miseczki, dzi\u0119ki<\/p>\n<div class=\"klb-readmore post-buttons\"><a class=\"button black outline size-sm\" href=\"https:\/\/madelinefashion.pl\/en\/product\/sukienka-tiulowa-gorsetowa-blekitna-limoncello\/\">Read More <i class=\"klbth-icon-right-arrow\"><\/i><\/a><\/div>","protected":false},"featured_media":587574,"template":"","meta":[],"product_brand":[],"product_cat":[124,80,395,561],"product_tag":[257,730,163,261],"class_list":{"0":"post-587713","1":"product","2":"type-product","3":"status-publish","4":"has-post-thumbnail","6":"product_cat-sukienki-okolicznosciowe","7":"product_cat-sukienki-i-kombinezony","8":"product_cat-nowosci","9":"product_cat-sukienki-tiulowe","10":"product_tag-madelinefashion","11":"product_tag-sukienki-blekitne","12":"product_tag-sukienki-dlugie","13":"product_tag-sukienki-niebieskie","15":"first","16":"instock","17":"sale","18":"featured","19":"purchasable","20":"product-type-variable"},"_links":{"self":[{"href":"https:\/\/madelinefashion.pl\/en\/wp-json\/wp\/v2\/product\/587713","targetHints":{"allow":["GET"]}}],"collection":[{"href":"https:\/\/madelinefashion.pl\/en\/wp-json\/wp\/v2\/product"}],"about":[{"href":"https:\/\/madelinefashion.pl\/en\/wp-json\/wp\/v2\/types\/product"}],"wp:featuredmedia":[{"embeddable":true,"href":"https:\/\/madelinefashion.pl\/en\/wp-json\/wp\/v2\/media\/587574"}],"wp:attachment":[{"href":"https:\/\/madelinefashion.pl\/en\/wp-json\/wp\/v2\/media?parent=587713"}],"wp:term":[{"taxonomy":"product_brand","embeddable":true,"href":"https:\/\/madelinefashion.pl\/en\/wp-json\/wp\/v2\/product_brand?post=587713"},{"taxonomy":"product_cat","embeddable":true,"href":"https:\/\/madelinefashion.pl\/en\/wp-json\/wp\/v2\/product_cat?post=587713"},{"taxonomy":"product_tag","embeddable":true,"href":"https:\/\/madelinefashion.pl\/en\/wp-json\/wp\/v2\/product_tag?post=587713"}],"curies":[{"name":"wp","href":"https:\/\/api.w.org\/{rel}","templated":true}]}}