{"id":588606,"date":"2025-12-18T17:31:21","date_gmt":"2025-12-18T16:31:21","guid":{"rendered":"https:\/\/madelinefashion.pl\/?post_type=product&#038;p=588606"},"modified":"2026-03-01T12:57:37","modified_gmt":"2026-03-01T11:57:37","slug":"kolczyki-srebrne","status":"publish","type":"product","link":"https:\/\/madelinefashion.pl\/en\/product\/kolczyki-srebrne\/","title":{"rendered":"Silver Earrings"},"content":{"rendered":"<h3 style=\"text-align: center;\" align=\"CENTER\">Silver Earrings<\/h3>\n<p style=\"text-align: center;\">Kolczyki d\u0142ugie, zdobione kryszta\u0142kami , wykonane ze stali chirurgicznej \/ szlachetnej. D\u0142ugo\u015b\u0107\u00a0 9 cm . Rodzaj zapi\u0119cia: sztyft zamkni\u0119ty.<br \/>\nWe know perfectly well that properly fitted surgical steel earrings can work wonders not only in terms of appearance but also comfort and safety. Firstly, they beautifully slim and brighten the face, reducing its age and perfectly accentuating the entire look. Secondly, thanks to the highest quality materials, they minimize the risk of allergies and the unpleasant symptoms associated with them.<\/p>\n<p style=\"text-align: center;\"><strong>Discover the secret of women who attract attention with fashionable jewelry and create great styles with it!\u00a0<\/strong><\/p>\n<p class=\"p2\" style=\"text-align: center;\">","protected":false},"excerpt":{"rendered":"<p>Kolczyki Srebrne Kolczyki d\u0142ugie, zdobione kryszta\u0142kami , wykonane ze stali chirurgicznej \/ szlachetnej. D\u0142ugo\u015b\u0107\u00a0 9 cm . Rodzaj zapi\u0119cia: sztyft zamkni\u0119ty. Doskonale wiemy, \u017ce odpowiednio dopasowane kolczyki ze stali chirurgicznej potrafi\u0105 zdzia\u0142a\u0107 prawdziwe cuda nie tylko pod wzgl\u0119dem wizualnym, ale tak\u017ce wygody i bezpiecze\u0144stwa. Po pierwsze pi\u0119kne wysmuklaj\u0105 i roz\u015bwietlaj\u0105 twarz, odejmuj\u0105c jej lat i<\/p>\n<div class=\"klb-readmore post-buttons\"><a class=\"button black outline size-sm\" href=\"https:\/\/madelinefashion.pl\/en\/product\/kolczyki-srebrne\/\">Read More <i class=\"klbth-icon-right-arrow\"><\/i><\/a><\/div>","protected":false},"featured_media":588598,"template":"","meta":[],"product_brand":[],"product_cat":[519],"product_tag":[],"class_list":{"0":"post-588606","1":"product","2":"type-product","3":"status-publish","4":"has-post-thumbnail","6":"product_cat-bizuteria-damska","8":"first","9":"instock","10":"sale","11":"purchasable","12":"product-type-simple"},"_links":{"self":[{"href":"https:\/\/madelinefashion.pl\/en\/wp-json\/wp\/v2\/product\/588606","targetHints":{"allow":["GET"]}}],"collection":[{"href":"https:\/\/madelinefashion.pl\/en\/wp-json\/wp\/v2\/product"}],"about":[{"href":"https:\/\/madelinefashion.pl\/en\/wp-json\/wp\/v2\/types\/product"}],"wp:featuredmedia":[{"embeddable":true,"href":"https:\/\/madelinefashion.pl\/en\/wp-json\/wp\/v2\/media\/588598"}],"wp:attachment":[{"href":"https:\/\/madelinefashion.pl\/en\/wp-json\/wp\/v2\/media?parent=588606"}],"wp:term":[{"taxonomy":"product_brand","embeddable":true,"href":"https:\/\/madelinefashion.pl\/en\/wp-json\/wp\/v2\/product_brand?post=588606"},{"taxonomy":"product_cat","embeddable":true,"href":"https:\/\/madelinefashion.pl\/en\/wp-json\/wp\/v2\/product_cat?post=588606"},{"taxonomy":"product_tag","embeddable":true,"href":"https:\/\/madelinefashion.pl\/en\/wp-json\/wp\/v2\/product_tag?post=588606"}],"curies":[{"name":"wp","href":"https:\/\/api.w.org\/{rel}","templated":true}]}}