{"id":588742,"date":"2025-12-20T14:38:46","date_gmt":"2025-12-20T13:38:46","guid":{"rendered":"https:\/\/madelinefashion.pl\/?post_type=product&#038;p=588742"},"modified":"2026-04-10T15:05:32","modified_gmt":"2026-04-10T13:05:32","slug":"sukienka-tiulowa-na-ramiaczkach-fererro-bordowa","status":"publish","type":"product","link":"https:\/\/madelinefashion.pl\/en\/product\/sukienka-tiulowa-na-ramiaczkach-fererro-bordowa\/","title":{"rendered":"Fererro Burgundy Tulle Strap Dress"},"content":{"rendered":"<h3 style=\"text-align: center;\">Fererro Burgundy Tulle Strap Dress<\/h3>\n<p style=\"text-align: center;\"><strong>\u00a0Beautiful long premium evening dress made of tulle material<\/strong>. Beautifully accentuates feminine curves \u2013 crafted from delicate, airy tulle. The dress beautifully highlights the back. This premium burgundy strapless dress features a beautiful, striking top. It features sewn-in cups at the front, eliminating the need for a bra. This corset dress with a beautifully embellished top and tulle skirt is the quintessence of elegance and femininity, perfect for special occasions. The upper part of the dress features a fitted corset with supportive cups that accentuate the waist and silhouette. Embroidery and sparkling crystal embellishments add a unique touch. The thin straps tie at the back for a perfect fit. Available in sizes XS SML XL. If you can&#039;t decide which color to choose, <strong>size<\/strong> is the best for you, <strong>contact us<\/strong> through <a href=\"https:\/\/www.facebook.com\/madelinefashionbutik\" target=\"_blank\" rel=\"noopener\">Facebook<\/a> or <a href=\"https:\/\/madelinefashion.pl\/en\/kontakt\/\">phone<\/a>. If the size is not available on the website, please contact us.<\/p>\n<h3 style=\"text-align: center;\">DRESS DIMENSIONS:<\/h3>\n<p>&nbsp;<\/p>\n<table width=\"500\">\n<tbody>\n<tr>\n<td><strong>SIZE<\/strong><\/td>\n<td><strong>Bust<\/strong><\/td>\n<td><strong>Waist<\/strong><\/td>\n<td width=\"76\"><strong>Hips<\/strong><\/td>\n<\/tr>\n<tr>\n<td><strong>34<\/strong><\/td>\n<td>84-86<\/td>\n<td>64<\/td>\n<td width=\"76\">\u00a0any<\/td>\n<\/tr>\n<tr>\n<td><strong>36<\/strong><\/td>\n<td>88-90<\/td>\n<td>68<\/td>\n<td width=\"76\">\u00a0any<\/td>\n<\/tr>\n<tr>\n<td><strong>38<\/strong><\/td>\n<td>\u00a092-94<\/td>\n<td>72<\/td>\n<td width=\"76\">\u00a0any<\/td>\n<\/tr>\n<tr>\n<td><strong>40<\/strong><\/td>\n<td>96-98<\/td>\n<td>76<\/td>\n<td width=\"76\">\u00a0any<\/td>\n<\/tr>\n<tr>\n<td><strong>42<\/strong><\/td>\n<td>98-102<\/td>\n<td>82<\/td>\n<td width=\"76\">\u00a0any<\/td>\n<\/tr>\n<\/tbody>\n<\/table>\n<p style=\"text-align: center;\"><span style=\"font-size: 10pt;\">total length approx. 157 cm\u00a0\u00a0<\/span><\/p>\n<p style=\"text-align: center;\"><span style=\"font-size: 10pt;\">The dress is also available in <strong>other color variants<\/strong> - we encourage you to familiarize yourself with our other products.\u00a0<\/span><\/p>\n<p style=\"text-align: center;\"><span style=\"font-size: 10pt;\">Dimensions may slightly differ from the given +\/- 2cm.\u00a0<\/span><\/p>\n<p style=\"text-align: center;\"><span style=\"font-size: 10pt;\"><strong>\u00a0<\/strong>\u00a0<\/span><\/p>\n<table style=\"height: 239px;\" width=\"757\">\n<tbody>\n<tr>\n<td width=\"302\">Model name<\/td>\n<td width=\"302\">Fererro Tulle Strap Dress<\/td>\n<\/tr>\n<tr>\n<td width=\"302\">Color<\/td>\n<td width=\"302\">Claret<\/td>\n<\/tr>\n<tr>\n<td width=\"302\">Material<\/td>\n<td width=\"302\">Tulle<\/td>\n<\/tr>\n<tr>\n<td width=\"302\">Sizes<\/td>\n<td width=\"302\">\u00a034 36 38 40<\/td>\n<\/tr>\n<tr>\n<td width=\"302\">Fashion<\/td>\n<td width=\"302\">Matched<\/td>\n<\/tr>\n<tr>\n<td width=\"302\">Material<\/td>\n<td width=\"302\">Polyester<\/td>\n<\/tr>\n<tr>\n<td width=\"302\">Length<\/td>\n<td width=\"302\">To the ground<\/td>\n<\/tr>\n<\/tbody>\n<\/table>\n<p style=\"text-align: center;\"><span style=\"font-size: 10pt;\">* For larger sizes, please contact us by phone\u00a0\u00a0<\/span><\/p>\n<p style=\"text-align: center;\"><span style=\"font-size: 10pt;\">In order to match <strong>perfect dresses<\/strong> we invite you to contact us by phone or contact us <a href=\"https:\/\/www.facebook.com\/madelinefashionbutik\" target=\"_blank\" rel=\"noopener\">Facebook<\/a> .<\/span><br \/>\n<span style=\"font-size: 10pt;\">Our team will help <strong>Choose the right one<\/strong> . <strong>We can make each dress at the request of the buyer\u00a0<\/strong><strong>measure carefully.\u00a0<\/strong><\/span><\/p>\n<div class=\"additional-details\" style=\"text-align: center;\">\n<p style=\"text-align: center;\"><span style=\"font-size: 10pt;\">\u00a0<\/span><\/p>\n<\/div>","protected":false},"excerpt":{"rendered":"<p>Sukienka Tiulowa Na Rami\u0105czkach Fererro Bordowa \u00a0Pi\u0119kna d\u0142uga suknia wieczorowa premium\u00a0 z tiulowego materia\u0142u. Pi\u0119knie eksponuje kobiece kszta\u0142ty- wykonana z delikatnego, zwiewnego tiulu.\u00a0 Sukienka pi\u0119knie eksponuje plecy. Sukienka bordowa premium na rami\u0105czkach z pi\u0119kn\u0105, efektown\u0105 g\u00f3r\u0105. Posiada z przodu wszyte miseczki, dzi\u0119ki czemu nie trzeba zak\u0142ada\u0107 biustonosza. Sukienka gorsetowa z pi\u0119knie zdobion\u0105 g\u00f3r\u0105 i tiulowym<\/p>\n<div class=\"klb-readmore post-buttons\"><a class=\"button black outline size-sm\" href=\"https:\/\/madelinefashion.pl\/en\/product\/sukienka-tiulowa-na-ramiaczkach-fererro-bordowa\/\">Read More <i class=\"klbth-icon-right-arrow\"><\/i><\/a><\/div>","protected":false},"featured_media":588741,"template":"","meta":[],"product_brand":[],"product_cat":[124,395,563,692],"product_tag":[216,163],"class_list":{"0":"post-588742","1":"product","2":"type-product","3":"status-publish","4":"has-post-thumbnail","6":"product_cat-sukienki-okolicznosciowe","7":"product_cat-nowosci","8":"product_cat-sukienki-gorsetowe","9":"product_cat-sukienki-na-studniowke","10":"product_tag-sukienki-bordowe","11":"product_tag-sukienki-dlugie","13":"first","14":"instock","15":"sale","16":"purchasable","17":"product-type-variable"},"_links":{"self":[{"href":"https:\/\/madelinefashion.pl\/en\/wp-json\/wp\/v2\/product\/588742","targetHints":{"allow":["GET"]}}],"collection":[{"href":"https:\/\/madelinefashion.pl\/en\/wp-json\/wp\/v2\/product"}],"about":[{"href":"https:\/\/madelinefashion.pl\/en\/wp-json\/wp\/v2\/types\/product"}],"wp:featuredmedia":[{"embeddable":true,"href":"https:\/\/madelinefashion.pl\/en\/wp-json\/wp\/v2\/media\/588741"}],"wp:attachment":[{"href":"https:\/\/madelinefashion.pl\/en\/wp-json\/wp\/v2\/media?parent=588742"}],"wp:term":[{"taxonomy":"product_brand","embeddable":true,"href":"https:\/\/madelinefashion.pl\/en\/wp-json\/wp\/v2\/product_brand?post=588742"},{"taxonomy":"product_cat","embeddable":true,"href":"https:\/\/madelinefashion.pl\/en\/wp-json\/wp\/v2\/product_cat?post=588742"},{"taxonomy":"product_tag","embeddable":true,"href":"https:\/\/madelinefashion.pl\/en\/wp-json\/wp\/v2\/product_tag?post=588742"}],"curies":[{"name":"wp","href":"https:\/\/api.w.org\/{rel}","templated":true}]}}