{"id":590450,"date":"2026-01-09T15:20:20","date_gmt":"2026-01-09T14:20:20","guid":{"rendered":"https:\/\/madelinefashion.pl\/?post_type=product&#038;p=590450"},"modified":"2026-04-28T11:36:17","modified_gmt":"2026-04-28T09:36:17","slug":"sukienka-tiulowa-brokatowa-na-ramiaczkach-astra-czarna","status":"publish","type":"product","link":"https:\/\/madelinefashion.pl\/en\/product\/sukienka-tiulowa-brokatowa-na-ramiaczkach-astra-czarna\/","title":{"rendered":"Astra Black Glitter Tulle Dress with Straps"},"content":{"rendered":"<h3 style=\"text-align: center;\">Astra Black Glitter Tulle Dress with Straps<\/h3>\n<p style=\"text-align: center;\" data-start=\"204\" data-end=\"519\">This unique dress is the epitome of elegance, femininity, and luxury. Made from <strong data-start=\"284\" data-end=\"316\">delicate, airy tulle<\/strong>, which flows beautifully in motion, creating a light, romantic effect. The dress <strong data-start=\"395\" data-end=\"434\">perfectly highlights feminine shapes<\/strong>, emphasizing the waist and silhouette, while ensuring comfort and ease of wearing. The upper part of the dress is <strong data-start=\"545\" data-end=\"595\">fitted corset with stiffening cups<\/strong>, thanks to which there is no need for an additional bra. The corset beautifully shapes the bust, emphasizes the waist and gives the silhouette a harmonious shape. Decorations in the form of <strong data-start=\"757\" data-end=\"799\">embroidery and sparkling crystals<\/strong> add a luxurious character to the dress and a subtle shine with every movement. The dress has <strong data-start=\"895\" data-end=\"927\">thin, delicate straps<\/strong>, and the lacing at the back allows for a perfect fit, providing comfort and ensuring that every detail fits perfectly. The tulle hem of the dress <strong data-start=\"1073\" data-end=\"1137\">falls airily, creating an impressive, slightly flared line<\/strong>, which looks phenomenal both in motion and while posing. The model is <strong data-start=\"1220\" data-end=\"1251\">perfect for special occasions<\/strong> \u2014 weddings, balls, banquets and other elegant events. <strong data-start=\"1309\" data-end=\"1341\">Corset top and tulle bottom<\/strong> They create a combination of classic and modern style, making the dress suitable for a variety of body shapes and making every woman feel special. The dress is available in <strong data-start=\"1518\" data-end=\"1545\">sizes XS, S, M and L<\/strong>, and a variety of colors allow you to match it to your individual preferences. If you can&#039;t decide which color or size is best for you, please contact us via <strong data-start=\"1727\" data-end=\"1752\">Facebook or phone<\/strong> \u2014 Our advisors will be happy to help you choose the perfect option. If your desired size isn&#039;t available on the website, please contact us \u2014 we can often order it for you or recommend an alternative. .<strong data-start=\"1950\" data-end=\"2085\">This dress is a combination of elegance, classic style and modern style - created to make every woman feel unique and dazzling.<\/strong><\/p>\n<h3 style=\"text-align: center;\">DRESS DIMENSIONS:<\/h3>\n<p><img fetchpriority=\"high\" decoding=\"async\" class=\"size-medium wp-image-16801 aligncenter\" src=\"https:\/\/madelinefashion.pl\/wp-content\/uploads\/2021\/08\/wymiary-suknia-300x194.png\" alt=\"\" width=\"300\" height=\"194\" title=\"\"><\/p>\n<table width=\"500\">\n<tbody>\n<tr>\n<td><strong>SIZE<\/strong><\/td>\n<td><strong>Bust<\/strong><\/td>\n<td><strong>Waist<\/strong><\/td>\n<td width=\"73\"><strong>Hips<\/strong><\/td>\n<\/tr>\n<tr>\n<td><strong>34<\/strong><\/td>\n<td>84-86<\/td>\n<td>64<\/td>\n<td width=\"73\">\u00a0any<\/td>\n<\/tr>\n<tr>\n<td><strong>36<\/strong><\/td>\n<td>88-90<\/td>\n<td>68<\/td>\n<td width=\"73\">\u00a0any<\/td>\n<\/tr>\n<tr>\n<td><strong>38<\/strong><\/td>\n<td>\u00a092-94<\/td>\n<td>72<\/td>\n<td width=\"73\">\u00a0any<\/td>\n<\/tr>\n<tr>\n<td><strong>40<\/strong><\/td>\n<td>96-98<\/td>\n<td>76<\/td>\n<td width=\"73\">\u00a0any<\/td>\n<\/tr>\n<\/tbody>\n<\/table>\n<p style=\"text-align: center;\"><span style=\"font-size: 10pt;\">\u00a0<\/span><\/p>\n<p style=\"text-align: center;\"><span style=\"font-size: 10pt;\">total length approx. 157 cm\u00a0\u00a0<\/span><\/p>\n<p style=\"text-align: center;\"><span style=\"font-size: 10pt;\">The dress is also available in <strong>other color variants<\/strong> - we encourage you to familiarize yourself with our other products.\u00a0<\/span><\/p>\n<p style=\"text-align: center;\"><span style=\"font-size: 10pt;\">Dimensions may slightly differ from the given +\/- 2cm.\u00a0<\/span><\/p>\n<p style=\"text-align: center;\"><span style=\"font-size: 10pt;\"><strong>\u00a0<\/strong>\u00a0<\/span><\/p>\n<table style=\"height: 239px;\" width=\"757\">\n<tbody>\n<tr>\n<td width=\"302\">Model name<\/td>\n<td width=\"302\">Astra Black Tulle Strap Dress<\/td>\n<\/tr>\n<tr>\n<td width=\"302\">Color<\/td>\n<td width=\"302\">Black<\/td>\n<\/tr>\n<tr>\n<td width=\"302\">Material<\/td>\n<td width=\"302\">Tulle<\/td>\n<\/tr>\n<tr>\n<td width=\"302\">Sizes<\/td>\n<td width=\"302\">\u00a034 36 38 40<\/td>\n<\/tr>\n<tr>\n<td width=\"302\">Fashion<\/td>\n<td width=\"302\">Matched<\/td>\n<\/tr>\n<tr>\n<td width=\"302\">Material<\/td>\n<td width=\"302\">Viscose, Polyester, Cotton<\/td>\n<\/tr>\n<tr>\n<td width=\"302\">Length<\/td>\n<td width=\"302\">To the ground<\/td>\n<\/tr>\n<\/tbody>\n<\/table>\n<p style=\"text-align: center;\"><span style=\"font-size: 10pt;\">* For larger sizes, please contact us by phone\u00a0\u00a0<\/span><\/p>\n<p style=\"text-align: center;\"><span style=\"font-size: 10pt;\">In order to match <strong>perfect dresses<\/strong> we invite you to contact us by phone or contact us <a href=\"https:\/\/www.facebook.com\/madelinefashionbutik\" target=\"_blank\" rel=\"noopener\">Facebook<\/a> .<\/span><br \/>\n<span style=\"font-size: 10pt;\">Our team will help <strong>Choose the right one<\/strong> . <strong>We can make each dress at the request of the buyer\u00a0<\/strong><strong>measure carefully.\u00a0<\/strong><\/span><\/p>\n<div class=\"additional-details\" style=\"text-align: center;\">\n<p style=\"text-align: center;\"><span style=\"font-size: 10pt;\">\u00a0<\/span><\/p>\n<\/div>","protected":false},"excerpt":{"rendered":"<p>Sukienka Tiulowa Brokatowa Na Rami\u0105czkach Astra Czarna Ta wyj\u0105tkowa suknia to kwintesencja elegancji, kobieco\u015bci i luksusu. Wykonana z delikatnego, zwiewnego tiulu, kt\u00f3ry pi\u0119knie uk\u0142ada si\u0119 w ruchu, tworz\u0105c lekki, romantyczny efekt. Sukienka idealnie eksponuje kobiece kszta\u0142ty, podkre\u015blaj\u0105c tali\u0119 i sylwetk\u0119, a jednocze\u015bnie zapewnia wygod\u0119 i swobod\u0119 noszenia. G\u00f3rna cz\u0119\u015b\u0107 sukienki to dopasowany gorset z miseczkami<\/p>\n<div class=\"klb-readmore post-buttons\"><a class=\"button black outline size-sm\" href=\"https:\/\/madelinefashion.pl\/en\/product\/sukienka-tiulowa-brokatowa-na-ramiaczkach-astra-czarna\/\">Read More <i class=\"klbth-icon-right-arrow\"><\/i><\/a><\/div>","protected":false},"featured_media":592116,"template":"","meta":[],"product_brand":[],"product_cat":[124,395,692,561],"product_tag":[213,163],"class_list":{"0":"post-590450","1":"product","2":"type-product","3":"status-publish","4":"has-post-thumbnail","6":"product_cat-sukienki-okolicznosciowe","7":"product_cat-nowosci","8":"product_cat-sukienki-na-studniowke","9":"product_cat-sukienki-tiulowe","10":"product_tag-sukienka-czarna","11":"product_tag-sukienki-dlugie","13":"first","14":"instock","15":"sale","16":"purchasable","17":"product-type-variable"},"_links":{"self":[{"href":"https:\/\/madelinefashion.pl\/en\/wp-json\/wp\/v2\/product\/590450","targetHints":{"allow":["GET"]}}],"collection":[{"href":"https:\/\/madelinefashion.pl\/en\/wp-json\/wp\/v2\/product"}],"about":[{"href":"https:\/\/madelinefashion.pl\/en\/wp-json\/wp\/v2\/types\/product"}],"wp:featuredmedia":[{"embeddable":true,"href":"https:\/\/madelinefashion.pl\/en\/wp-json\/wp\/v2\/media\/592116"}],"wp:attachment":[{"href":"https:\/\/madelinefashion.pl\/en\/wp-json\/wp\/v2\/media?parent=590450"}],"wp:term":[{"taxonomy":"product_brand","embeddable":true,"href":"https:\/\/madelinefashion.pl\/en\/wp-json\/wp\/v2\/product_brand?post=590450"},{"taxonomy":"product_cat","embeddable":true,"href":"https:\/\/madelinefashion.pl\/en\/wp-json\/wp\/v2\/product_cat?post=590450"},{"taxonomy":"product_tag","embeddable":true,"href":"https:\/\/madelinefashion.pl\/en\/wp-json\/wp\/v2\/product_tag?post=590450"}],"curies":[{"name":"wp","href":"https:\/\/api.w.org\/{rel}","templated":true}]}}