{"id":5912,"date":"2021-03-21T02:01:41","date_gmt":"2021-03-21T01:01:41","guid":{"rendered":"https:\/\/madelinefashion.pl\/?post_type=product&#038;p=5912"},"modified":"2026-01-20T10:34:43","modified_gmt":"2026-01-20T09:34:43","slug":"bluzka-boho-blekitna-tarja","status":"publish","type":"product","link":"https:\/\/madelinefashion.pl\/en\/product\/bluzka-boho-blekitna-tarja\/","title":{"rendered":"Boho Blue Tarja blouse"},"content":{"rendered":"<h2 style=\"text-align: center;\">Boho Blue Tarja blouse<\/h2>\n<p style=\"text-align: center;\"><strong>Blue boho blouse with frills.<\/strong> Lovely cotton blouse in a boho style with embroidered patterns. Decorated at the front with frills that add charm to it. Made of soft, pleasant to the body cotton. Available in our store in several color variants.<\/p>\n<h2 style=\"text-align: center;\">\u00a0 \u00a0 \u00a0Dimensions:<\/h2>\n<ul>\n<li style=\"text-align: center;\">overall length: 64 cm<\/li>\n<li style=\"text-align: center;\">width from armpit to armpit: 46-48 cm<\/li>\n<li style=\"text-align: center;\">width at the bottom: 52 cm<\/li>\n<\/ul>\n<table>\n<tbody>\n<tr>\n<td width=\"302\">Model name<\/td>\n<td width=\"302\">Boho Tarja blouse<\/td>\n<\/tr>\n<tr>\n<td width=\"302\">Color<\/td>\n<td width=\"302\">Blue<\/td>\n<\/tr>\n<tr>\n<td width=\"302\">Sizes<\/td>\n<td width=\"302\">Universal<\/td>\n<\/tr>\n<tr>\n<td width=\"302\">Style<\/td>\n<td width=\"302\">Boho<\/td>\n<\/tr>\n<tr>\n<td width=\"302\">Material<\/td>\n<td width=\"302\">95 % Cotton 5% Elastane<\/td>\n<\/tr>\n<\/tbody>\n<\/table>\n<p>&nbsp;<\/p>\n<p>&nbsp;<\/p>\n<p style=\"text-align: center;\">\u00a0<strong>Recommended<\/strong> for people wearing size from <strong>X<\/strong><strong>S.\u00a0<\/strong>down <strong>L.<\/strong><\/p>\n<p style=\"text-align: center;\">","protected":false},"excerpt":{"rendered":"<p>Bluzka Boho B\u0142\u0119kitna Tarja Bluzka boho w kolorze b\u0142\u0119kitnym z falbankami . Urocza bawe\u0142niana bluzka w stylu boho w haftowane wzory. Ozdobiona z przodu falbankami, kt\u00f3re dodaj\u0105 jej wdzi\u0119ku. Wykonana z mi\u0119kkiej, przyjemnej dla cia\u0142a bawe\u0142ny. Dost\u0119pna w naszym sklepie w kilku wariantach kolorystycznych. \u00a0 \u00a0 \u00a0Wymiary: d\u0142ugo\u015b\u0107 ca\u0142kowita : 64 cm szeroko\u015b\u0107 od pachy<\/p>\n<div class=\"klb-readmore post-buttons\"><a class=\"button black outline size-sm\" href=\"https:\/\/madelinefashion.pl\/en\/product\/bluzka-boho-blekitna-tarja\/\">Read More <i class=\"klbth-icon-right-arrow\"><\/i><\/a><\/div>","protected":false},"featured_media":5893,"template":"","meta":[],"product_brand":[],"product_cat":[77],"product_tag":[],"class_list":{"0":"post-5912","1":"product","2":"type-product","3":"status-publish","4":"has-post-thumbnail","6":"product_cat-bluzki","8":"first","9":"instock","10":"sale","11":"purchasable","12":"product-type-simple"},"_links":{"self":[{"href":"https:\/\/madelinefashion.pl\/en\/wp-json\/wp\/v2\/product\/5912","targetHints":{"allow":["GET"]}}],"collection":[{"href":"https:\/\/madelinefashion.pl\/en\/wp-json\/wp\/v2\/product"}],"about":[{"href":"https:\/\/madelinefashion.pl\/en\/wp-json\/wp\/v2\/types\/product"}],"wp:featuredmedia":[{"embeddable":true,"href":"https:\/\/madelinefashion.pl\/en\/wp-json\/wp\/v2\/media\/5893"}],"wp:attachment":[{"href":"https:\/\/madelinefashion.pl\/en\/wp-json\/wp\/v2\/media?parent=5912"}],"wp:term":[{"taxonomy":"product_brand","embeddable":true,"href":"https:\/\/madelinefashion.pl\/en\/wp-json\/wp\/v2\/product_brand?post=5912"},{"taxonomy":"product_cat","embeddable":true,"href":"https:\/\/madelinefashion.pl\/en\/wp-json\/wp\/v2\/product_cat?post=5912"},{"taxonomy":"product_tag","embeddable":true,"href":"https:\/\/madelinefashion.pl\/en\/wp-json\/wp\/v2\/product_tag?post=5912"}],"curies":[{"name":"wp","href":"https:\/\/api.w.org\/{rel}","templated":true}]}}