{"id":59137,"date":"2022-09-22T11:07:10","date_gmt":"2022-09-22T09:07:10","guid":{"rendered":"https:\/\/madelinefashion.pl\/?post_type=product&#038;p=59137"},"modified":"2026-01-15T12:43:13","modified_gmt":"2026-01-15T11:43:13","slug":"plaszcz-w-pepitke-maxi-czarny","status":"publish","type":"product","link":"https:\/\/madelinefashion.pl\/en\/product\/plaszcz-w-pepitke-maxi-czarny\/","title":{"rendered":"Black Maxi Black coat"},"content":{"rendered":"<h2 style=\"text-align: center;\">Black Maxi Black coat<\/h2>\n<p style=\"text-align: center;\"><strong>Black Maxi Black coat <\/strong>buttoned up it&#039;s real <strong>season hit<\/strong>. It is a combination of elegance, modernity and functionality - the coat fits into every figure and styling. Made of a very fashionable and extremely pleasant material. Warm, perfect for spring and autumn. <strong>Elegant coat<\/strong> straight female <strong>classic cut<\/strong>. The maxi-length coat has functional pockets on the front. The timeless cut of the coat will complete any styling. In our online store you will find a large selection of coats. Perfect for everyday wear, but with the right accessories, you can also create an original evening outfit <strong>a romantic walk and a business trip<\/strong>. <strong>A stylish houndstooth coat is a proposal that will be perfect for any wardrobe. Classic cut and design will always look good and fit in with the current trends. Recommended for ladies wearing size SML XL<\/strong><\/p>\n<p>&nbsp;<\/p>\n<h2 style=\"text-align: center;\">Coat dimensions:<\/h2>\n<p style=\"text-align: center;\">Total length - 117cm<br \/>\nThe width from armpit to armpit - 52 - 58 cm<br \/>\nThe width in the hips - 52 cm<br \/>\nSleeve LENGTH - 68 cm<br \/>\nWidth in hips - 54 - 60 cm<\/p>\n<p style=\"text-align: center;\">Dimensions may slightly differ from the given +\/- 2cm. All dimensions given are measured flat.<\/p>\n<p style=\"text-align: center;\"><strong>\u00a0<\/strong><\/p>\n<table width=\"499\">\n<tbody>\n<tr>\n<td width=\"302\">Model name<\/td>\n<td width=\"302\">Maxi fur coat<\/td>\n<\/tr>\n<tr>\n<td width=\"302\">Color<\/td>\n<td width=\"302\">Black<\/td>\n<\/tr>\n<tr>\n<td width=\"302\">Collection<\/td>\n<td width=\"302\">Spring \/ Autumn \/ Winter<\/td>\n<\/tr>\n<tr>\n<td width=\"302\">Sizes<\/td>\n<td width=\"302\">Universal<\/td>\n<\/tr>\n<tr>\n<td width=\"302\">Fashion<\/td>\n<td width=\"302\">Matched<\/td>\n<\/tr>\n<tr>\n<td width=\"302\">Hood<\/td>\n<td width=\"302\">Not<\/td>\n<\/tr>\n<tr>\n<td width=\"302\">Fastening<\/td>\n<td width=\"302\">Button<\/td>\n<\/tr>\n<tr>\n<td width=\"302\">Material<\/td>\n<td width=\"302\">100 % Polyester<\/td>\n<\/tr>\n<\/tbody>\n<\/table>\n<p style=\"text-align: center;\">The model has\u00a0<strong>169<\/strong>\u00a0cm tall, wears a size every day\u00a0<strong>S.<\/strong><\/p>\n<p style=\"text-align: center;\">The width at the bust is 92 cm<\/p>\n<p style=\"text-align: center;\">Waist width 62 cm<\/p>\n<p style=\"text-align: center;\">The width at the hips is 94 cm<\/p>","protected":false},"excerpt":{"rendered":"<p>P\u0142aszcz w Pepitk\u0119 Maxi Czarny P\u0142aszcz w Pepitk\u0119 Maxi Czarny zapinany na guziki to prawdziwy hit sezonu. Jest to po\u0142\u0105czenie elegancji, nowoczesno\u015bci i funkcjonalno\u015bci \u2013\u00a0 p\u0142aszczyk wpisuje si\u0119 w ka\u017cd\u0105 sylwetk\u0119 i stylizacj\u0119. Wykonany z bardzo modnego i niezwykle przyjemnego materia\u0142u. Ciep\u0142y, idealny na wiosn\u0119 i jesie\u0144. Elegancki p\u0142aszcz damski o prostym, klasycznym kroju. P\u0142aszczyk<\/p>\n<div class=\"klb-readmore post-buttons\"><a class=\"button black outline size-sm\" href=\"https:\/\/madelinefashion.pl\/en\/product\/plaszcz-w-pepitke-maxi-czarny\/\">Read More <i class=\"klbth-icon-right-arrow\"><\/i><\/a><\/div>","protected":false},"featured_media":59113,"template":"","meta":[],"product_brand":[],"product_cat":[120,279],"product_tag":[],"class_list":{"0":"post-59137","1":"product","2":"type-product","3":"status-publish","4":"has-post-thumbnail","6":"product_cat-plaszcze-dlugie","7":"product_cat-plaszcze-wiosenne","8":"pa_rozmiar-m","9":"pa_rozmiar-l","10":"pa_rozmiar-s","12":"first","13":"outofstock","14":"sale","15":"purchasable","16":"product-type-simple"},"_links":{"self":[{"href":"https:\/\/madelinefashion.pl\/en\/wp-json\/wp\/v2\/product\/59137","targetHints":{"allow":["GET"]}}],"collection":[{"href":"https:\/\/madelinefashion.pl\/en\/wp-json\/wp\/v2\/product"}],"about":[{"href":"https:\/\/madelinefashion.pl\/en\/wp-json\/wp\/v2\/types\/product"}],"wp:featuredmedia":[{"embeddable":true,"href":"https:\/\/madelinefashion.pl\/en\/wp-json\/wp\/v2\/media\/59113"}],"wp:attachment":[{"href":"https:\/\/madelinefashion.pl\/en\/wp-json\/wp\/v2\/media?parent=59137"}],"wp:term":[{"taxonomy":"product_brand","embeddable":true,"href":"https:\/\/madelinefashion.pl\/en\/wp-json\/wp\/v2\/product_brand?post=59137"},{"taxonomy":"product_cat","embeddable":true,"href":"https:\/\/madelinefashion.pl\/en\/wp-json\/wp\/v2\/product_cat?post=59137"},{"taxonomy":"product_tag","embeddable":true,"href":"https:\/\/madelinefashion.pl\/en\/wp-json\/wp\/v2\/product_tag?post=59137"}],"curies":[{"name":"wp","href":"https:\/\/api.w.org\/{rel}","templated":true}]}}