{"id":5916,"date":"2021-03-21T02:11:39","date_gmt":"2021-03-21T01:11:39","guid":{"rendered":"https:\/\/madelinefashion.pl\/?post_type=product&#038;p=5916"},"modified":"2026-03-26T12:40:45","modified_gmt":"2026-03-26T11:40:45","slug":"bluzka-love-you-pudrowa","status":"publish","type":"product","link":"https:\/\/madelinefashion.pl\/en\/product\/bluzka-love-you-pudrowa\/","title":{"rendered":"Love You Powder blouse"},"content":{"rendered":"<h2 style=\"text-align: center;\">Love You Powder blouse<\/h2>\n<p style=\"text-align: center;\"><strong>Powder pink blouse with frills.<\/strong> Lovely cotton blouse with a print on the pocket. Decorated on the sleeves with frills that add charm to it. Made of soft, pleasant to the body cotton. Available in our store in several color variants.<\/p>\n<h2 style=\"text-align: center;\">\u00a0 \u00a0 \u00a0Dimensions:<\/h2>\n<ul>\n<li style=\"text-align: center;\">overall length: 64 cm<\/li>\n<li style=\"text-align: center;\">width from armpit to armpit: 46-48 cm<\/li>\n<li style=\"text-align: center;\">width at the bottom: 52 cm<\/li>\n<\/ul>\n<table>\n<tbody>\n<tr>\n<td width=\"302\">Model name<\/td>\n<td width=\"302\">Love You blouse<\/td>\n<\/tr>\n<tr>\n<td width=\"302\">Color<\/td>\n<td width=\"302\">Powder pink<\/td>\n<\/tr>\n<tr>\n<td width=\"302\">Sizes<\/td>\n<td width=\"302\">Universal<\/td>\n<\/tr>\n<tr>\n<td width=\"302\">Style<\/td>\n<td width=\"302\">Boho<\/td>\n<\/tr>\n<tr>\n<td width=\"302\">Material<\/td>\n<td width=\"302\">95 % Cotton 5% Elastane<\/td>\n<\/tr>\n<\/tbody>\n<\/table>\n<p>&nbsp;<\/p>\n<p>&nbsp;<\/p>\n<p style=\"text-align: center;\">\u00a0<strong>Recommended<\/strong> for people wearing size from <strong>X<\/strong><strong>S.\u00a0<\/strong>down <strong>L.<\/strong><\/p>\n<p style=\"text-align: center;\">","protected":false},"excerpt":{"rendered":"<p>Bluzka Love You Pudrowa Bluzka w kolorze pudrowego r\u00f3\u017cu z falbankami . Urocza bawe\u0142niana bluzka z nadrukiem na kieszonce. Ozdobiona na r\u0119kawkach falbankami, kt\u00f3re dodaj\u0105 jej wdzi\u0119ku. Wykonana z mi\u0119kkiej, przyjemnej dla cia\u0142a bawe\u0142ny. Dost\u0119pna w naszym sklepie w kilku wariantach kolorystycznych. \u00a0 \u00a0 \u00a0Wymiary: d\u0142ugo\u015b\u0107 ca\u0142kowita : 64 cm szeroko\u015b\u0107 od pachy do pachy:<\/p>\n<div class=\"klb-readmore post-buttons\"><a class=\"button black outline size-sm\" href=\"https:\/\/madelinefashion.pl\/en\/product\/bluzka-love-you-pudrowa\/\">Read More <i class=\"klbth-icon-right-arrow\"><\/i><\/a><\/div>","protected":false},"featured_media":5908,"template":"","meta":[],"product_brand":[],"product_cat":[77,380],"product_tag":[],"class_list":{"0":"post-5916","1":"product","2":"type-product","3":"status-publish","4":"has-post-thumbnail","6":"product_cat-bluzki","7":"product_cat-wyprzedaz","9":"first","10":"instock","11":"sale","12":"purchasable","13":"product-type-simple"},"_links":{"self":[{"href":"https:\/\/madelinefashion.pl\/en\/wp-json\/wp\/v2\/product\/5916","targetHints":{"allow":["GET"]}}],"collection":[{"href":"https:\/\/madelinefashion.pl\/en\/wp-json\/wp\/v2\/product"}],"about":[{"href":"https:\/\/madelinefashion.pl\/en\/wp-json\/wp\/v2\/types\/product"}],"wp:featuredmedia":[{"embeddable":true,"href":"https:\/\/madelinefashion.pl\/en\/wp-json\/wp\/v2\/media\/5908"}],"wp:attachment":[{"href":"https:\/\/madelinefashion.pl\/en\/wp-json\/wp\/v2\/media?parent=5916"}],"wp:term":[{"taxonomy":"product_brand","embeddable":true,"href":"https:\/\/madelinefashion.pl\/en\/wp-json\/wp\/v2\/product_brand?post=5916"},{"taxonomy":"product_cat","embeddable":true,"href":"https:\/\/madelinefashion.pl\/en\/wp-json\/wp\/v2\/product_cat?post=5916"},{"taxonomy":"product_tag","embeddable":true,"href":"https:\/\/madelinefashion.pl\/en\/wp-json\/wp\/v2\/product_tag?post=5916"}],"curies":[{"name":"wp","href":"https:\/\/api.w.org\/{rel}","templated":true}]}}