{"id":592031,"date":"2026-01-21T11:09:20","date_gmt":"2026-01-21T10:09:20","guid":{"rendered":"https:\/\/madelinefashion.pl\/?post_type=product&#038;p=592031"},"modified":"2026-04-10T15:05:23","modified_gmt":"2026-04-10T13:05:23","slug":"sukienka-tiulowa-gorsetowa-tiramisu-biala","status":"publish","type":"product","link":"https:\/\/madelinefashion.pl\/en\/product\/sukienka-tiulowa-gorsetowa-tiramisu-biala\/","title":{"rendered":"Tiramisu White Tulle Corset Dress"},"content":{"rendered":"<h3 style=\"text-align: center;\">Tiramisu White Tulle Corset Dress<\/h3>\n<p style=\"text-align: center;\"><strong>Tiramisu Tulle Dress<\/strong> This classic gown is a perfect choice for every woman who appreciates subtlety, elegance, and a romantic style. The bodice features a stiffened corset, beautifully accentuating the shoulders and neckline, while also shaping the figure and providing stable support. The lower portion of the gown features a slightly flared tulle skirt, lending the entire piece a light, delicate, ethereal feel. The layered tulle flows beautifully with movement, creating an airy, mist-like effect. This navy blue dress is perfect for any wedding ceremony\u2014from classic to romantic. Available in sizes 36\u201340, it&#039;s the perfect dress for special occasions like weddings, proms, and galas. Dresses <strong>Madelinefashion<\/strong>\u00a0is an excellent choice for a wedding, prom, New Year&#039;s Eve and other elegant special events. Available in our e-shop in several color variants, so do not hesitate and choose the one that is perfect for you. If you can&#039;t decide which color, <strong>size<\/strong> is the best for you, <strong>contact us<\/strong> through <a href=\"https:\/\/www.facebook.com\/madelinefashionbutik\" target=\"_blank\" rel=\"noopener\">Facebook<\/a> or <a href=\"https:\/\/madelinefashion.pl\/en\/kontakt\/\">phone<\/a>. If the size is not available on the website, please contact us.<\/p>\n<h3 style=\"text-align: center;\">DRESS DIMENSIONS:<\/h3>\n<p>&nbsp;<\/p>\n<table width=\"500\">\n<tbody>\n<tr>\n<td><strong>SIZE<\/strong><\/td>\n<td><strong>Bust<\/strong><\/td>\n<td><strong>Waist<\/strong><\/td>\n<td width=\"73\"><strong>Hips<\/strong><\/td>\n<\/tr>\n<tr>\n<td><strong>34<\/strong><\/td>\n<td>84-86<\/td>\n<td>64<\/td>\n<td width=\"73\">\u00a0any<\/td>\n<\/tr>\n<tr>\n<td><strong>36<\/strong><\/td>\n<td>88-90<\/td>\n<td>68<\/td>\n<td width=\"73\">\u00a0any<\/td>\n<\/tr>\n<tr>\n<td><strong>38<\/strong><\/td>\n<td>\u00a092-94<\/td>\n<td>72<\/td>\n<td width=\"73\">\u00a0any<\/td>\n<\/tr>\n<tr>\n<td><strong>40<\/strong><\/td>\n<td>96-98<\/td>\n<td>76<\/td>\n<td width=\"73\">\u00a0any<\/td>\n<\/tr>\n<\/tbody>\n<\/table>\n<p style=\"text-align: center;\"><span style=\"font-size: 10pt;\">\u00a0<\/span><\/p>\n<p style=\"text-align: center;\"><span style=\"font-size: 10pt;\">total length approx. 157 cm\u00a0\u00a0<\/span><\/p>\n<p style=\"text-align: center;\"><span style=\"font-size: 10pt;\">The dress is also available in <strong>other color variants<\/strong> - we encourage you to familiarize yourself with our other products.\u00a0<\/span><\/p>\n<p style=\"text-align: center;\"><span style=\"font-size: 10pt;\">Dimensions may slightly differ from the given +\/- 2cm.\u00a0<\/span><\/p>\n<p style=\"text-align: center;\"><span style=\"font-size: 10pt;\"><strong>\u00a0<\/strong>\u00a0<\/span><\/p>\n<table width=\"618\">\n<tbody>\n<tr>\n<td width=\"302\">Model name<\/td>\n<td width=\"302\">Tiramisu Tulle Corset Dress<\/td>\n<\/tr>\n<tr>\n<td width=\"302\">Color<\/td>\n<td width=\"302\">White<\/td>\n<\/tr>\n<tr>\n<td width=\"302\">Material<\/td>\n<td width=\"302\">Tulle<\/td>\n<\/tr>\n<tr>\n<td width=\"302\">Sizes<\/td>\n<td width=\"302\">36 38 40<\/td>\n<\/tr>\n<tr>\n<td width=\"302\">Fashion<\/td>\n<td width=\"302\">Matched<\/td>\n<\/tr>\n<tr>\n<td width=\"302\">Material<\/td>\n<td width=\"302\">Viscose, Polyester, Cotton<\/td>\n<\/tr>\n<tr>\n<td width=\"302\">Length<\/td>\n<td width=\"302\">To the ground<\/td>\n<\/tr>\n<\/tbody>\n<\/table>\n<p style=\"text-align: center;\"><span style=\"font-size: 10pt;\">* For larger sizes, please contact us by phone\u00a0\u00a0<\/span><\/p>\n<p style=\"text-align: center;\"><span style=\"font-size: 10pt;\">In order to match <strong>perfect dresses<\/strong> we invite you to contact us by phone or contact us <a href=\"https:\/\/www.facebook.com\/madelinefashionbutik\" target=\"_blank\" rel=\"noopener\">Facebook<\/a> .<\/span><br \/>\n<span style=\"font-size: 10pt;\">Our team will help <strong>Choose the right one<\/strong> . <strong>We can make each dress at the request of the buyer\u00a0<\/strong><strong>measure carefully.\u00a0<\/strong><\/span><\/p>\n<div class=\"additional-details\" style=\"text-align: center;\">\n<p style=\"text-align: center;\"><span style=\"font-size: 10pt;\">\u00a0<\/span><\/p>\n<\/div>","protected":false},"excerpt":{"rendered":"<p>Sukienka Tiulowa Gorsetowa Tiramisu Bia\u0142a Sukienka Tiulowa tiramisu to klasyczna propozycja dla ka\u017cdej kobiety, ceni\u0105cej subtelno\u015b\u0107, elegancj\u0119 i romantyczny styl. G\u00f3ra sukienki wykonana jest w formie usztywnianego gorsetu, kt\u00f3ry pi\u0119knie podkre\u015bla lini\u0119 ramion i dekolt, a jednocze\u015bnie modeluje sylwetk\u0119 i zapewnia stabilne podtrzymanie. Dolna cz\u0119\u015b\u0107 sukni to lekko rozkloszowany tiulowy d\u00f3\u0142, kt\u00f3ry nadaje ca\u0142o\u015bci lekko\u015bci<\/p>\n<div class=\"klb-readmore post-buttons\"><a class=\"button black outline size-sm\" href=\"https:\/\/madelinefashion.pl\/en\/product\/sukienka-tiulowa-gorsetowa-tiramisu-biala\/\">Read More <i class=\"klbth-icon-right-arrow\"><\/i><\/a><\/div>","protected":false},"featured_media":592024,"template":"","meta":[],"product_brand":[],"product_cat":[124,395,563,692,561],"product_tag":[219,163],"class_list":{"0":"post-592031","1":"product","2":"type-product","3":"status-publish","4":"has-post-thumbnail","6":"product_cat-sukienki-okolicznosciowe","7":"product_cat-nowosci","8":"product_cat-sukienki-gorsetowe","9":"product_cat-sukienki-na-studniowke","10":"product_cat-sukienki-tiulowe","11":"product_tag-sukienka-biala","12":"product_tag-sukienki-dlugie","14":"first","15":"instock","16":"sale","17":"purchasable","18":"product-type-variable"},"_links":{"self":[{"href":"https:\/\/madelinefashion.pl\/en\/wp-json\/wp\/v2\/product\/592031","targetHints":{"allow":["GET"]}}],"collection":[{"href":"https:\/\/madelinefashion.pl\/en\/wp-json\/wp\/v2\/product"}],"about":[{"href":"https:\/\/madelinefashion.pl\/en\/wp-json\/wp\/v2\/types\/product"}],"wp:featuredmedia":[{"embeddable":true,"href":"https:\/\/madelinefashion.pl\/en\/wp-json\/wp\/v2\/media\/592024"}],"wp:attachment":[{"href":"https:\/\/madelinefashion.pl\/en\/wp-json\/wp\/v2\/media?parent=592031"}],"wp:term":[{"taxonomy":"product_brand","embeddable":true,"href":"https:\/\/madelinefashion.pl\/en\/wp-json\/wp\/v2\/product_brand?post=592031"},{"taxonomy":"product_cat","embeddable":true,"href":"https:\/\/madelinefashion.pl\/en\/wp-json\/wp\/v2\/product_cat?post=592031"},{"taxonomy":"product_tag","embeddable":true,"href":"https:\/\/madelinefashion.pl\/en\/wp-json\/wp\/v2\/product_tag?post=592031"}],"curies":[{"name":"wp","href":"https:\/\/api.w.org\/{rel}","templated":true}]}}