{"id":592294,"date":"2026-01-22T15:06:49","date_gmt":"2026-01-22T14:06:49","guid":{"rendered":"https:\/\/madelinefashion.pl\/?post_type=product&#038;p=592294"},"modified":"2026-04-15T10:28:56","modified_gmt":"2026-04-15T08:28:56","slug":"sukienka-szyfonowa-na-ramiaczkach-hortensja-bordowa","status":"publish","type":"product","link":"https:\/\/madelinefashion.pl\/en\/product\/sukienka-szyfonowa-na-ramiaczkach-hortensja-bordowa\/","title":{"rendered":"Chiffon Dress with Straps Hydrangea Burgundy"},"content":{"rendered":"<h3 style=\"text-align: center;\">Sukienka Szyfonowa Na Rami\u0105czkach Hortensja Bordowa<\/h3>\n<p style=\"text-align: center;\"><span style=\"font-size: 10pt;\"><strong>\u00a0Pi\u0119kna d\u0142uga suknia wieczorowa z szyfonowego materia\u0142u<\/strong>. Pi\u0119knie eksponuje kobiece kszta\u0142ty- wykonana z delikatnego, zwiewnego tiulu.\u00a0 <\/span><span style=\"font-size: 10pt;\">Sukienka pi\u0119knie eksponuje plecy. Sukienka na rami\u0105czkach z pi\u0119kn\u0105, efektown\u0105 g\u00f3r\u0105. Posiada z przodu wszyte miseczki, dzi\u0119ki czemu nie trzeba zak\u0142ada\u0107 biustonosza. <\/span><span style=\"font-size: 10pt;\"><span class=\"relative -mx-px my-[-0.2rem] rounded px-px py-[0.2rem]\">Sukienka gorsetowa z pi\u0119knie zdobion\u0105 g\u00f3r\u0105 i szyfonowym do\u0142em to kwintesencja elegancji i kobieco\u015bci, idealna na wyj\u0105tkowe okazje.<\/span> <span class=\"relative -mx-px my-[-0.2rem] rounded px-px py-[0.2rem]\">G\u00f3rna cz\u0119\u015b\u0107 sukienki to dopasowany gorset z miseczkami usztywniaj\u0105cymi, kt\u00f3ry podkre\u015bla tali\u0119 i sylwetk\u0119.<\/span> <span class=\"relative -mx-px my-[-0.2rem] rounded px-px py-[0.2rem]\">Zdobienia w postaci haft\u00f3w i mieni\u0105cych si\u0119 kryszta\u0142k\u00f3w dodaj\u0105 jej wyj\u0105tkowego charakteru. Model posiada cienie rami\u0105czka oraz wi\u0105zanie gorsetowe z ty\u0142u dzi\u0119ki czemu mo\u017cemy j\u0105 idealnie dopasowa\u0107 sukienk\u0119 do sylwetki. <\/span><\/span><span style=\"font-size: 10pt;\">Dost\u0119pna w rozmiarach S M L .\u00a0 Je\u015bli nie mo\u017cesz zdecydowa\u0107, kt\u00f3ry kolor, <strong>rozmiar<\/strong> jest dla Ciebie najlepszy, <strong>skontaktuj si\u0119 z nami<\/strong> za po\u015brednictwem <a href=\"https:\/\/www.facebook.com\/madelinefashionbutik\" target=\"_blank\" rel=\"noopener\">Facebooka<\/a> lub <a href=\"https:\/\/madelinefashion.pl\/kontakt\/\">telefonu<\/a>. W przypadku braku rozmiaru na stronie prosimy o kontakt.\u00a0<\/span><\/p>\n<h3 style=\"text-align: center;\">WYMIARY SUKIENKI:<\/h3>\n<p><img fetchpriority=\"high\" decoding=\"async\" class=\"size-medium wp-image-16801 aligncenter\" src=\"https:\/\/madelinefashion.pl\/wp-content\/uploads\/2021\/08\/wymiary-suknia-300x194.png\" alt=\"\" width=\"300\" height=\"194\" title=\"\"><\/p>\n<table width=\"500\">\n<tbody>\n<tr>\n<td><strong>ROZMIAR<\/strong><\/td>\n<td><strong>Biust<\/strong><\/td>\n<td><strong>Talia<\/strong><\/td>\n<td width=\"73\"><strong>Biodra<\/strong><\/td>\n<\/tr>\n<tr>\n<td><strong>34<\/strong><\/td>\n<td>84-86<\/td>\n<td>64<\/td>\n<td width=\"73\">\u00a0dowolne<\/td>\n<\/tr>\n<tr>\n<td><strong>36<\/strong><\/td>\n<td>88-90<\/td>\n<td>68<\/td>\n<td width=\"73\">\u00a0dowolne<\/td>\n<\/tr>\n<tr>\n<td><strong>38<\/strong><\/td>\n<td>\u00a092-94<\/td>\n<td>72<\/td>\n<td width=\"73\">\u00a0dowolne<\/td>\n<\/tr>\n<tr>\n<td><strong>40<\/strong><\/td>\n<td>96-98<\/td>\n<td>76<\/td>\n<td width=\"73\">\u00a0dowolne<\/td>\n<\/tr>\n<\/tbody>\n<\/table>\n<p style=\"text-align: center;\"><span style=\"font-size: 10pt;\">\u00a0<\/span><\/p>\n<p style=\"text-align: center;\"><span style=\"font-size: 10pt;\">d\u0142ugo\u015b\u0107 ca\u0142kowita ok. 157 cm\u00a0\u00a0<\/span><\/p>\n<p style=\"text-align: center;\"><span style=\"font-size: 10pt;\">Sukienka dost\u0119pna r\u00f3wnie\u017c w <strong>innych wariantach kolorystycznych<\/strong> \u2013 zach\u0119camy do zapoznania si\u0119 z naszymi innymi produktami.\u00a0<\/span><\/p>\n<p style=\"text-align: center;\"><span style=\"font-size: 10pt;\">Wymiary mog\u0105 si\u0119 nieznacznie r\u00f3\u017cni\u0107 od podanych +\/-2cm.\u00a0<\/span><\/p>\n<p style=\"text-align: center;\"><span style=\"font-size: 10pt;\"><strong>\u00a0<\/strong>\u00a0<\/span><\/p>\n<table width=\"618\">\n<tbody>\n<tr>\n<td width=\"302\">Nazwa modelu<\/td>\n<td width=\"302\">Sukienka Szyfonowa Na Rami\u0105czkach Hortensja<\/td>\n<\/tr>\n<tr>\n<td width=\"302\">Kolor<\/td>\n<td width=\"302\">Bordo<\/td>\n<\/tr>\n<tr>\n<td width=\"302\">Materia\u0142<\/td>\n<td width=\"302\">Szyfon<\/td>\n<\/tr>\n<tr>\n<td width=\"302\">Rozmiary<\/td>\n<td width=\"302\">\u00a034 36 38 40<\/td>\n<\/tr>\n<tr>\n<td width=\"302\">Fason<\/td>\n<td width=\"302\">Rozkloszowany<\/td>\n<\/tr>\n<tr>\n<td width=\"302\">Materia\u0142<\/td>\n<td width=\"302\">Wiskoza, Poliester, Bawe\u0142na<\/td>\n<\/tr>\n<tr>\n<td width=\"302\">D\u0142ugo\u015b\u0107<\/td>\n<td width=\"302\">Do ziemi<\/td>\n<\/tr>\n<\/tbody>\n<\/table>\n<p style=\"text-align: center;\" align=\"center\">Zapraszamy do naszego salonu sukien \u015blubnych, kt\u00f3ry znajduje si\u0119 przy ul. Moniuszki 2 w sercu Konstantynowa \u0141\u00f3dzkiego. W naszym profesjonalnym salonie znajdziesz szerok\u0105 ofert\u0119 sukien \u015blubnych, kt\u00f3re spe\u0142ni\u0105 Twoje najskrytsze marzenia o idealnym dniu. Zesp\u00f3\u0142 do\u015bwiadczonych konsultantek pomo\u017ce Ci w doborze idealnej kreacji, dostosowanej do Twoich oczekiwa\u0144 i sylwetki. Serdecznie zapraszamy do odwiedzin \u2013 przekonaj si\u0119, jak wyj\u0105tkowy mo\u017ce by\u0107 Tw\u00f3j dzie\u0144!<\/p>\n<p>Ka\u017cd\u0105 sukienk\u0119 mo\u017cna w razie potrzeby dopasowa\u0107 do swojego wzrostu oraz wysoko\u015bci obcas\u00f3w. Je\u015bli oka\u017ce si\u0119 zbyt d\u0142uga, istnieje mo\u017cliwo\u015b\u0107 jej skr\u00f3cenia lub wykonania drobnych przer\u00f3bek u krawcowej we w\u0142asnym zakresie. Dzi\u0119ki temu bez problemu dopasujesz wybrany model do swoich wymiar\u00f3w i b\u0119dziesz mog\u0142a czu\u0107 si\u0119 w nim perfekcyjnie.<\/p>\n<p style=\"text-align: center;\" align=\"center\">W celu dobrania\u00a0<strong>idealnej Sukienki<\/strong>\u00a0zapraszamy do kontaktu telefonicznego b\u0105d\u017a kontaktu przez nasz <a href=\"https:\/\/www.facebook.com\/madelinefashionbutik\" target=\"_blank\" rel=\"noopener\">facebook<\/a> .<br \/>\nNasz Zesp\u00f3\u0142 Pomo\u017ce\u00a0<strong>Wybra\u0107 t\u0105 odpowiedni\u0105<\/strong>\u00a0.\u00a0<strong>Ka\u017cd\u0105 sukienk\u0119 mo\u017cemy na pro\u015bb\u0119 kupuj\u0105cego\u00a0dok\u0142adnie zmierzy\u0107.\u00a0<\/strong><\/p>\n<div class=\"additional-details\" style=\"text-align: center;\">\n<p style=\"text-align: center;\"><span style=\"font-size: 10pt;\">\u00a0<\/span><\/p>\n<\/div>\n","protected":false},"excerpt":{"rendered":"<p>Sukienka Szyfonowa Na Rami\u0105czkach Hortensja Bordowa \u00a0Pi\u0119kna d\u0142uga suknia wieczorowa z szyfonowego materia\u0142u. Pi\u0119knie eksponuje kobiece kszta\u0142ty- wykonana z delikatnego, zwiewnego tiulu.\u00a0 Sukienka pi\u0119knie eksponuje plecy. Sukienka na rami\u0105czkach z pi\u0119kn\u0105, efektown\u0105 g\u00f3r\u0105. Posiada z przodu wszyte miseczki, dzi\u0119ki czemu nie trzeba zak\u0142ada\u0107 biustonosza. Sukienka gorsetowa z pi\u0119knie zdobion\u0105 g\u00f3r\u0105 i szyfonowym do\u0142em to kwintesencja<\/p>\n<div class=\"klb-readmore post-buttons\"><a class=\"button black outline size-sm\" href=\"https:\/\/madelinefashion.pl\/en\/product\/sukienka-szyfonowa-na-ramiaczkach-hortensja-bordowa\/\">Read More <i class=\"klbth-icon-right-arrow\"><\/i><\/a><\/div>","protected":false},"featured_media":592300,"template":"","meta":[],"product_brand":[],"product_cat":[124,395,692,568],"product_tag":[216,163],"class_list":{"0":"post-592294","1":"product","2":"type-product","3":"status-publish","4":"has-post-thumbnail","6":"product_cat-sukienki-okolicznosciowe","7":"product_cat-nowosci","8":"product_cat-sukienki-na-studniowke","9":"product_cat-sukienki-rozkloszowane-szyfonowe","10":"product_tag-sukienki-bordowe","11":"product_tag-sukienki-dlugie","13":"first","14":"instock","15":"purchasable","16":"product-type-variable"},"_links":{"self":[{"href":"https:\/\/madelinefashion.pl\/en\/wp-json\/wp\/v2\/product\/592294","targetHints":{"allow":["GET"]}}],"collection":[{"href":"https:\/\/madelinefashion.pl\/en\/wp-json\/wp\/v2\/product"}],"about":[{"href":"https:\/\/madelinefashion.pl\/en\/wp-json\/wp\/v2\/types\/product"}],"wp:featuredmedia":[{"embeddable":true,"href":"https:\/\/madelinefashion.pl\/en\/wp-json\/wp\/v2\/media\/592300"}],"wp:attachment":[{"href":"https:\/\/madelinefashion.pl\/en\/wp-json\/wp\/v2\/media?parent=592294"}],"wp:term":[{"taxonomy":"product_brand","embeddable":true,"href":"https:\/\/madelinefashion.pl\/en\/wp-json\/wp\/v2\/product_brand?post=592294"},{"taxonomy":"product_cat","embeddable":true,"href":"https:\/\/madelinefashion.pl\/en\/wp-json\/wp\/v2\/product_cat?post=592294"},{"taxonomy":"product_tag","embeddable":true,"href":"https:\/\/madelinefashion.pl\/en\/wp-json\/wp\/v2\/product_tag?post=592294"}],"curies":[{"name":"wp","href":"https:\/\/api.w.org\/{rel}","templated":true}]}}