{"id":592642,"date":"2026-01-27T11:21:12","date_gmt":"2026-01-27T10:21:12","guid":{"rendered":"https:\/\/madelinefashion.pl\/?post_type=product&#038;p=592642"},"modified":"2026-04-10T15:05:21","modified_gmt":"2026-04-10T13:05:21","slug":"sukienka-maxi-tiulowa-gorsetowa-lossal-pudrowy-roz","status":"publish","type":"product","link":"https:\/\/madelinefashion.pl\/en\/product\/sukienka-maxi-tiulowa-gorsetowa-lossal-pudrowy-roz\/","title":{"rendered":"Lossal Powder Pink Tulle Corset Maxi Dress"},"content":{"rendered":"<h3 style=\"text-align: center;\">Lossal Powder Pink Tulle Corset Maxi Dress<\/h3>\n<p style=\"text-align: center;\" data-start=\"212\" data-end=\"507\">Delightful <strong data-start=\"225\" data-end=\"260\">black maxi evening dress<\/strong> This is a proposal for women who want to dazzle with elegance and femininity on special occasions. The model stands out <strong data-start=\"381\" data-end=\"429\">richly decorated corset with lace and embroidery<\/strong>, which beautifully highlights the silhouette and gives the whole thing a luxurious character. Delicate, <strong data-start=\"520\" data-end=\"561\">tulle sleeves dropped down the shoulders<\/strong> They subtly show off the neckline, adding a romantic lightness to the outfit. The flared skirt made of layers of tulle looks incredibly impressive in movement, and <strong data-start=\"709\" data-end=\"739\">high slit on the leg<\/strong> adds sensuality and elegance to the outfit. It&#039;s the perfect dress for <strong data-start=\"807\" data-end=\"864\">prom, ball, wedding, gala or evening party<\/strong>, that will make you feel special and confident all night long. Dresses <strong>Madelinefashion<\/strong> is a perfect choice for weddings, proms, New Year&#039;s Eve, and other elegant special occasions. <strong data-start=\"1213\" data-end=\"1230\">deep black<\/strong> makes this style timeless and versatile \u2013 it pairs perfectly with silver or gold accessories, heels, and elegant jewelry. It&#039;s a style that never goes out of style and always makes an impression.<br \/>\nAvailable in our e-shop in several color variants, so do not hesitate and choose the one that is perfect for you. If you can&#039;t decide which color, <strong>size<\/strong> is the best for you, <strong>contact us<\/strong> through <a href=\"https:\/\/www.facebook.com\/madelinefashionbutik\" target=\"_blank\" rel=\"noopener\">Facebook<\/a> or <a href=\"https:\/\/madelinefashion.pl\/en\/kontakt\/\">phone<\/a>. If the size is not available on the website, please contact us.<\/p>\n<h3 style=\"text-align: center;\">DRESS DIMENSIONS:<\/h3>\n<table width=\"556\">\n<tbody>\n<tr>\n<td><strong>SIZE<\/strong><\/td>\n<td><strong>Bust<\/strong><\/td>\n<td><strong>Waist<\/strong><\/td>\n<td><strong>Hips<\/strong><\/td>\n<\/tr>\n<tr>\n<td><strong>34<\/strong><\/td>\n<td>84-86<\/td>\n<td>64<\/td>\n<td>\u00a0any<\/td>\n<\/tr>\n<tr>\n<td><strong>36<\/strong><\/td>\n<td>88-90<\/td>\n<td>68<\/td>\n<td>\u00a0any<\/td>\n<\/tr>\n<tr>\n<td><strong>38<\/strong><\/td>\n<td>\u00a092-94<\/td>\n<td>72<\/td>\n<td>\u00a0any<\/td>\n<\/tr>\n<tr>\n<td><strong>40<\/strong><\/td>\n<td>96-98<\/td>\n<td>76<\/td>\n<td>\u00a0any<\/td>\n<\/tr>\n<\/tbody>\n<\/table>\n<p style=\"text-align: center;\"><span style=\"font-size: 10pt;\">total length approx. 157 cm\u00a0\u00a0<\/span><\/p>\n<p style=\"text-align: center;\"><span style=\"font-size: 10pt;\">Dimensions may slightly differ from the given +\/- 2cm.\u00a0<\/span><\/p>\n<p style=\"text-align: center;\"><span style=\"font-size: 10pt;\"><strong>\u00a0<\/strong>\u00a0<\/span><\/p>\n<table width=\"618\">\n<tbody>\n<tr>\n<td width=\"302\">Model<\/td>\n<td width=\"302\">Lossal Tulle Corset Maxi Dress<\/td>\n<\/tr>\n<tr>\n<td width=\"302\">Color<\/td>\n<td width=\"302\">Powder Pink<\/td>\n<\/tr>\n<tr>\n<td width=\"302\">Mark<\/td>\n<td width=\"302\">Madelinefashion<\/td>\n<\/tr>\n<tr>\n<td width=\"302\">Sizes<\/td>\n<td width=\"302\">34 36 38 40<\/td>\n<\/tr>\n<tr>\n<td width=\"302\">Fashion<\/td>\n<td width=\"302\">Matched<\/td>\n<\/tr>\n<tr>\n<td width=\"302\">Material<\/td>\n<td width=\"302\">Viscose, Polyester, Cotton<\/td>\n<\/tr>\n<tr>\n<td width=\"302\">Length<\/td>\n<td width=\"302\">To the ground<\/td>\n<\/tr>\n<\/tbody>\n<\/table>\n<p style=\"text-align: center;\"><span style=\"font-size: 10pt;\">\u00a0<\/span><\/p>\n<p>&nbsp;<\/p>\n<p style=\"text-align: center;\"><span style=\"font-size: 10pt;\">In order to match <strong>perfect dresses<\/strong> we invite you to contact us by phone or contact us <a href=\"https:\/\/www.facebook.com\/madelinefashionbutik\" target=\"_blank\" rel=\"noopener\">Facebook<\/a> .<\/span><br \/>\n<span style=\"font-size: 10pt;\">Our team will help <strong>Choose the right one<\/strong> . <strong>We can make each dress at the request of the buyer\u00a0<\/strong><strong>measure carefully.\u00a0<\/strong><\/span><\/p>\n<div class=\"additional-details\" style=\"text-align: center;\">\n<p style=\"text-align: center;\"><span style=\"font-size: 10pt;\">\u00a0<\/span><\/p>\n<\/div>","protected":false},"excerpt":{"rendered":"<p>Sukienka Maxi Tiulowa Gorsetowa Lossal Pudrowy R\u00f3\u017c Zachwycaj\u0105ca czarna sukienka wieczorowa maxi to propozycja dla kobiet, kt\u00f3re pragn\u0105 ol\u015bniewa\u0107 elegancj\u0105 i kobieco\u015bci\u0105 podczas wyj\u0105tkowych okazji. Model wyr\u00f3\u017cnia si\u0119 bogato zdobionym gorsetem z koronki i haft\u00f3w, kt\u00f3ry pi\u0119knie podkre\u015bla sylwetk\u0119 oraz nadaje ca\u0142o\u015bci luksusowego charakteru. Delikatne, tiulowe r\u0119kawki opuszczone na ramiona subtelnie eksponuj\u0105 dekolt, dodaj\u0105c kreacji<\/p>\n<div class=\"klb-readmore post-buttons\"><a class=\"button black outline size-sm\" href=\"https:\/\/madelinefashion.pl\/en\/product\/sukienka-maxi-tiulowa-gorsetowa-lossal-pudrowy-roz\/\">Read More <i class=\"klbth-icon-right-arrow\"><\/i><\/a><\/div>","protected":false},"featured_media":592639,"template":"","meta":[],"product_brand":[],"product_cat":[124,563,692,561],"product_tag":[163,215],"class_list":{"0":"post-592642","1":"product","2":"type-product","3":"status-publish","4":"has-post-thumbnail","6":"product_cat-sukienki-okolicznosciowe","7":"product_cat-sukienki-gorsetowe","8":"product_cat-sukienki-na-studniowke","9":"product_cat-sukienki-tiulowe","10":"product_tag-sukienki-dlugie","11":"product_tag-sukienki-rozowe","13":"first","14":"instock","15":"sale","16":"purchasable","17":"product-type-variable"},"_links":{"self":[{"href":"https:\/\/madelinefashion.pl\/en\/wp-json\/wp\/v2\/product\/592642","targetHints":{"allow":["GET"]}}],"collection":[{"href":"https:\/\/madelinefashion.pl\/en\/wp-json\/wp\/v2\/product"}],"about":[{"href":"https:\/\/madelinefashion.pl\/en\/wp-json\/wp\/v2\/types\/product"}],"wp:featuredmedia":[{"embeddable":true,"href":"https:\/\/madelinefashion.pl\/en\/wp-json\/wp\/v2\/media\/592639"}],"wp:attachment":[{"href":"https:\/\/madelinefashion.pl\/en\/wp-json\/wp\/v2\/media?parent=592642"}],"wp:term":[{"taxonomy":"product_brand","embeddable":true,"href":"https:\/\/madelinefashion.pl\/en\/wp-json\/wp\/v2\/product_brand?post=592642"},{"taxonomy":"product_cat","embeddable":true,"href":"https:\/\/madelinefashion.pl\/en\/wp-json\/wp\/v2\/product_cat?post=592642"},{"taxonomy":"product_tag","embeddable":true,"href":"https:\/\/madelinefashion.pl\/en\/wp-json\/wp\/v2\/product_tag?post=592642"}],"curies":[{"name":"wp","href":"https:\/\/api.w.org\/{rel}","templated":true}]}}