{"id":592891,"date":"2026-01-28T17:42:39","date_gmt":"2026-01-28T16:42:39","guid":{"rendered":"https:\/\/madelinefashion.pl\/?post_type=product&#038;p=592891"},"modified":"2026-04-20T17:51:45","modified_gmt":"2026-04-20T15:51:45","slug":"suknia-wieczorowa-maxi-nova-z-rozcieciem-maselko","status":"publish","type":"product","link":"https:\/\/madelinefashion.pl\/en\/product\/suknia-wieczorowa-maxi-nova-z-rozcieciem-maselko\/","title":{"rendered":"Maxi Nova Evening Dress With Slit Butter"},"content":{"rendered":"<h3 style=\"text-align: center;\">Maxi Nova Evening Dress With Slit Butter<\/h3>\n<p style=\"text-align: center;\"><strong>Dreamlike dress <\/strong>\u00a0fitted with crystals and a V-neck. <strong>It looks very sensual and original.<\/strong> The sequin appliqu\u00e9s on the front of the dress create a unique texture, giving the whole piece a one-of-a-kind look. The strapless dress sensually reveals the back. Carefully placed sequin appliqu\u00e9s create a one-of-a-kind effect. Additionally, feathers sewn from the waistline give the dress a unique character. This unique touch makes the dress incredibly feminine. The leg slit will highlight your shapely legs. <strong data-start=\"531\" data-end=\"544\">shoulder straps<\/strong> They subtly accentuate the shoulders and neckline, while the fitted cut elongates the silhouette and adds grace. Rich embellishments add a luxurious touch to the outfit, so you don&#039;t need many accessories \u2013 this dress speaks for itself. <strong>Nova dress<\/strong> This is a choice for those who want to express their uniqueness at special events. This is a creation for true women who want to shine, exuding inimitable charm. The dress has a slightly flared hem. <strong>V-shaped neckline<\/strong>. Tapered at the waist, it beautifully accentuates the waist, hips, and bust.<\/p>\n<p>&nbsp;<\/p>\n<h3 style=\"text-align: center;\">DRESS DIMENSIONS:<\/h3>\n<table width=\"556\">\n<tbody>\n<tr>\n<td><strong>SIZE<\/strong><\/td>\n<td><strong>Bust<\/strong><\/td>\n<td><strong>Waist<\/strong><\/td>\n<td><strong>Hips<\/strong><\/td>\n<\/tr>\n<tr>\n<td><strong>34<\/strong><\/td>\n<td>84-86<\/td>\n<td>64-68<\/td>\n<td>\u00a082-90<\/td>\n<\/tr>\n<tr>\n<td><strong>36<\/strong><\/td>\n<td>88-90<\/td>\n<td>68-72<\/td>\n<td>\u00a086-92<\/td>\n<\/tr>\n<tr>\n<td><strong>38<\/strong><\/td>\n<td>92-94<\/td>\n<td>72-76<\/td>\n<td>\u00a090-96<\/td>\n<\/tr>\n<tr>\n<td><strong>40<\/strong><\/td>\n<td>96-98<\/td>\n<td>76-80<\/td>\n<td>\u00a094-106<\/td>\n<\/tr>\n<tr>\n<td><strong>42<\/strong><\/td>\n<td>100-104<\/td>\n<td>80-84<\/td>\n<td>\u00a0104-110<\/td>\n<\/tr>\n<\/tbody>\n<\/table>\n<p style=\"text-align: center;\" align=\"center\"><span style=\"font-size: 10.0pt;\">total length approx. 157 cm (the dress can be shortened on your own)\u00a0<\/span><\/p>\n<p style=\"text-align: center;\"><span style=\"font-size: 10pt;\">The dress is also available in other colors - see our other products.<\/span><\/p>\n<p style=\"text-align: center;\"><span style=\"font-size: 10pt;\">Dimensions may slightly differ from the given +\/- 2cm.\u00a0<\/span><\/p>\n<p style=\"text-align: center;\"><span style=\"font-size: 10pt;\"><strong>\u00a0<\/strong>\u00a0<\/span><\/p>\n<table width=\"620\">\n<tbody>\n<tr>\n<td width=\"302\">Model name<\/td>\n<td width=\"302\">Maxi Nova Evening Dress with Slit<\/td>\n<\/tr>\n<tr>\n<td width=\"302\">Color<\/td>\n<td width=\"302\">Without<\/td>\n<\/tr>\n<tr>\n<td width=\"302\">Mark<\/td>\n<td width=\"302\">Madelinefashion<\/td>\n<\/tr>\n<tr>\n<td width=\"302\">Sizes<\/td>\n<td width=\"302\">36 38 40 42<\/td>\n<\/tr>\n<tr>\n<td width=\"302\">Fashion<\/td>\n<td width=\"302\">Matching \/ fish<\/td>\n<\/tr>\n<tr>\n<td width=\"302\">Material<\/td>\n<td width=\"302\">Viscose, Polyester, Cotton<\/td>\n<\/tr>\n<tr>\n<td width=\"302\">Length<\/td>\n<td width=\"302\">To the ground<\/td>\n<\/tr>\n<\/tbody>\n<\/table>\n<p style=\"text-align: center;\" align=\"center\">We invite you to our wedding dress salon, located at 2 Moniuszki Street in the heart of Konstantyn\u00f3w \u0141\u00f3dzki. In our professional salon, you&#039;ll find a wide selection of wedding dresses that will fulfill your deepest dreams of a perfect day. A team of experienced consultants will help you choose the perfect gown, tailored to your expectations and figure. We cordially invite you to visit \u2013 see how special your day can be!<\/p>\n<p>Each dress can be adjusted to suit your height and heel height, if necessary. If it&#039;s too long, you can have it shortened or have a seamstress make minor alterations. This way, you can easily tailor your chosen dress to your measurements and feel perfectly at ease in it.<\/p>\n<p style=\"text-align: center;\" align=\"center\">In order to match\u00a0<strong>perfect dresses<\/strong>\u00a0we invite you to contact us by phone or contact us <a href=\"https:\/\/www.facebook.com\/madelinefashionbutik\" target=\"_blank\" rel=\"noopener\">facebook<\/a> .<br \/>\nOur team will help\u00a0<strong>Choose the right one<\/strong>\u00a0.\u00a0<strong>We can measure each dress precisely at the buyer&#039;s request.\u00a0<\/strong><\/p>\n<div class=\"additional-details\" style=\"text-align: center;\">\n<p style=\"text-align: center;\"><span style=\"font-size: 10pt;\">\u00a0<\/span><\/p>\n<\/div>","protected":false},"excerpt":{"rendered":"<p>Nova Maxi Evening Dress with a Slit. This stunning gown features crystals and a V-neckline. It looks very sensual and original. The sequin appliqu\u00e9s on the front create a unique texture, giving the entire piece a one-of-a-kind look. The strapless dress sensually reveals the back. Carefully placed sequin appliqu\u00e9s create a one-of-a-kind effect. Additionally, feathers sewn from the waist give the dress a special touch.<\/p>\n<div class=\"klb-readmore post-buttons\"><a class=\"button black outline size-sm\" href=\"https:\/\/madelinefashion.pl\/en\/product\/suknia-wieczorowa-maxi-nova-z-rozcieciem-maselko\/\">Read More <i class=\"klbth-icon-right-arrow\"><\/i><\/a><\/div>","protected":false},"featured_media":596395,"template":"","meta":[],"product_brand":[],"product_cat":[395,124,569],"product_tag":[257,163],"class_list":{"0":"post-592891","1":"product","2":"type-product","3":"status-publish","4":"has-post-thumbnail","6":"product_cat-nowosci","7":"product_cat-sukienki-okolicznosciowe","8":"product_cat-sukienki-dopasowane","9":"product_tag-madelinefashion","10":"product_tag-sukienki-dlugie","12":"first","13":"instock","14":"purchasable","15":"product-type-variable"},"_links":{"self":[{"href":"https:\/\/madelinefashion.pl\/en\/wp-json\/wp\/v2\/product\/592891","targetHints":{"allow":["GET"]}}],"collection":[{"href":"https:\/\/madelinefashion.pl\/en\/wp-json\/wp\/v2\/product"}],"about":[{"href":"https:\/\/madelinefashion.pl\/en\/wp-json\/wp\/v2\/types\/product"}],"wp:featuredmedia":[{"embeddable":true,"href":"https:\/\/madelinefashion.pl\/en\/wp-json\/wp\/v2\/media\/596395"}],"wp:attachment":[{"href":"https:\/\/madelinefashion.pl\/en\/wp-json\/wp\/v2\/media?parent=592891"}],"wp:term":[{"taxonomy":"product_brand","embeddable":true,"href":"https:\/\/madelinefashion.pl\/en\/wp-json\/wp\/v2\/product_brand?post=592891"},{"taxonomy":"product_cat","embeddable":true,"href":"https:\/\/madelinefashion.pl\/en\/wp-json\/wp\/v2\/product_cat?post=592891"},{"taxonomy":"product_tag","embeddable":true,"href":"https:\/\/madelinefashion.pl\/en\/wp-json\/wp\/v2\/product_tag?post=592891"}],"curies":[{"name":"wp","href":"https:\/\/api.w.org\/{rel}","templated":true}]}}