{"id":593044,"date":"2026-01-30T10:43:42","date_gmt":"2026-01-30T09:43:42","guid":{"rendered":"https:\/\/madelinefashion.pl\/?post_type=product&#038;p=593044"},"modified":"2026-04-20T17:51:45","modified_gmt":"2026-04-20T15:51:45","slug":"sukienka-cekinowa-maxi-soile-blekitna","status":"publish","type":"product","link":"https:\/\/madelinefashion.pl\/en\/product\/sukienka-cekinowa-maxi-soile-blekitna\/","title":{"rendered":"Soile Sequin Maxi Dress Blue"},"content":{"rendered":"<h3 style=\"text-align: center;\">Soile Sequin Maxi Dress Blue<\/h3>\n<p style=\"text-align: center;\"><span style=\"font-size: 10pt;\">A beautiful long evening dress adorned with sequins. It beautifully highlights feminine curves. The maxi dress has a sexy V-neckline. The dress perfectly accentuates feminine curves \u2013 mega. <strong>fitted<\/strong> It will definitely attract the attention of others. . <\/span><span style=\"font-size: 10pt;\">See our offer <strong><a href=\"https:\/\/madelinefashion.pl\/en\/sukienki-i-kombinezony\/sukienki-okolicznosciowe\/\">evening dresses<\/a>\u00a0and select a model, <\/strong>in which you will be <strong>look like a star and stand out from the crowd. The maxi dress shimmers fabulously in the light of the lamps. <\/strong>One cannot be indifferent to her. <\/span><span style=\"font-size: 10pt;\">The dress has cups sewn in at the front, so you do not need to wear a bra.\u00a0 <strong>Soile dress <\/strong>\u00a0available <\/span><span style=\"font-size: 10pt;\">\u00a0in sizes <strong>34, 36, 38<\/strong> , <strong>40<\/strong>\u00a0 . Dresses <strong>madelinefashion<\/strong> is an excellent choice for a wedding, prom, New Year&#039;s Eve and other elegant special events.\u00a0 <\/span><span style=\"font-size: 10pt;\">The model, made of a flexible, sequined material, perfectly fits the figure. This model has delicate straps, tapered at the height of the waist, beautifully emphasizing the waist. The back perfectly exposes the back. A dress with effective patterns will surely attract everyone&#039;s attention - additionally decorating with black feathers. <strong>The dress looks subtle thanks to the classic cut. <\/strong>\u00a0Available in our e-shop in several color variants, so do not hesitate and choose the one that is perfect for you. If you can&#039;t decide which color, <strong>size<\/strong> is the best for you, <strong>contact us<\/strong> through <a href=\"https:\/\/www.facebook.com\/madelinefashionbutik\" target=\"_blank\" rel=\"noopener\">Facebook<\/a> or <a href=\"https:\/\/madelinefashion.pl\/en\/kontakt\/\">phone<\/a>. If the size is not available on the website, please contact us.\u00a0<\/span><\/p>\n<h3 style=\"text-align: center;\">DRESS DIMENSIONS:<\/h3>\n<table width=\"556\">\n<tbody>\n<tr>\n<td><strong>SIZE<\/strong><\/td>\n<td><strong>Bust<\/strong><\/td>\n<td><strong>Waist<\/strong><\/td>\n<td><strong>Hips<\/strong><\/td>\n<\/tr>\n<tr>\n<td><strong>34<\/strong><\/td>\n<td>84-86<\/td>\n<td>64-68<\/td>\n<td>\u00a082-90<\/td>\n<\/tr>\n<tr>\n<td><strong>36<\/strong><\/td>\n<td>88-90<\/td>\n<td>68-72<\/td>\n<td>\u00a086-92<\/td>\n<\/tr>\n<tr>\n<td><strong>38<\/strong><\/td>\n<td>92-94<\/td>\n<td>72-76<\/td>\n<td>\u00a090-96<\/td>\n<\/tr>\n<tr>\n<td><strong>40<\/strong><\/td>\n<td>96-98<\/td>\n<td>76-80<\/td>\n<td>\u00a094-106<\/td>\n<\/tr>\n<\/tbody>\n<\/table>\n<p>&nbsp;<\/p>\n<p style=\"text-align: center;\">\u00a0 total length approx. 157 cm<\/p>\n<p style=\"text-align: center;\">The dress is also available in other colors - see our other products.<\/p>\n<p style=\"text-align: center;\">Dimensions may slightly differ from the given +\/- 2cm.<\/p>\n<p style=\"text-align: center;\"><strong>\u00a0<\/strong><\/p>\n<p>&nbsp;<\/p>\n<table>\n<tbody>\n<tr>\n<td width=\"302\">Model name<\/td>\n<td width=\"302\">Sequin Maxi Soile Dress<\/td>\n<\/tr>\n<tr>\n<td width=\"302\">Color<\/td>\n<td width=\"302\">Blue<\/td>\n<\/tr>\n<tr>\n<td width=\"302\">Mark<\/td>\n<td width=\"302\">Madelinefashion<\/td>\n<\/tr>\n<tr>\n<td width=\"302\">Sizes<\/td>\n<td width=\"302\">34 36 38 40<\/td>\n<\/tr>\n<tr>\n<td width=\"302\">Fashion<\/td>\n<td width=\"302\">Matched<\/td>\n<\/tr>\n<tr>\n<td width=\"302\">Material<\/td>\n<td width=\"302\">Viscose, Polyester, Cotton<\/td>\n<\/tr>\n<tr>\n<td width=\"302\">Length<\/td>\n<td width=\"302\">Maxi<\/td>\n<\/tr>\n<\/tbody>\n<\/table>\n<div class=\"additional-details\">\n<p style=\"text-align: center;\">\n<p style=\"text-align: center;\" align=\"center\">We invite you to our wedding dress salon, located at 2 Moniuszki Street in the heart of Konstantyn\u00f3w \u0141\u00f3dzki. In our professional salon, you&#039;ll find a wide selection of wedding dresses that will fulfill your deepest dreams of a perfect day. A team of experienced consultants will help you choose the perfect gown, tailored to your expectations and figure. We cordially invite you to visit \u2013 see how special your day can be!<\/p>\n<p>Each dress can be adjusted to suit your height and heel height, if necessary. If it&#039;s too long, you can have it shortened or have a seamstress make minor alterations. This way, you can easily tailor your chosen dress to your measurements and feel perfectly at ease in it.<\/p>\n<p style=\"text-align: center;\" align=\"center\">In order to match\u00a0<strong>perfect dresses<\/strong>\u00a0we invite you to contact us by phone or contact us <a href=\"https:\/\/www.facebook.com\/madelinefashionbutik\" target=\"_blank\" rel=\"noopener\">facebook<\/a> .<br \/>\nOur team will help\u00a0<strong>Choose the right one<\/strong>\u00a0.\u00a0<strong>We can measure each dress precisely at the buyer&#039;s request.\u00a0<\/strong><\/p>\n<\/div>","protected":false},"excerpt":{"rendered":"<p>Sequin Maxi Dress Soile Blue. A beautiful long evening dress adorned with sequins. It beautifully highlights feminine shapes. The maxi dress has a sexy V-neckline. The dress perfectly highlights feminine curves - the super fitted dress will surely attract attention. Check out our selection of evening dresses and choose a model that will make you look like a star and<\/p>\n<div class=\"klb-readmore post-buttons\"><a class=\"button black outline size-sm\" href=\"https:\/\/madelinefashion.pl\/en\/product\/sukienka-cekinowa-maxi-soile-blekitna\/\">Read More <i class=\"klbth-icon-right-arrow\"><\/i><\/a><\/div>","protected":false},"featured_media":593625,"template":"","meta":[],"product_brand":[],"product_cat":[124,395,558,569],"product_tag":[725,257,163],"class_list":{"0":"post-593044","1":"product","2":"type-product","3":"status-publish","4":"has-post-thumbnail","6":"product_cat-sukienki-okolicznosciowe","7":"product_cat-nowosci","8":"product_cat-sukienki-cekinowe","9":"product_cat-sukienki-dopasowane","10":"product_tag-granatowe-sukienki","11":"product_tag-madelinefashion","12":"product_tag-sukienki-dlugie","14":"first","15":"instock","16":"purchasable","17":"product-type-variable"},"_links":{"self":[{"href":"https:\/\/madelinefashion.pl\/en\/wp-json\/wp\/v2\/product\/593044","targetHints":{"allow":["GET"]}}],"collection":[{"href":"https:\/\/madelinefashion.pl\/en\/wp-json\/wp\/v2\/product"}],"about":[{"href":"https:\/\/madelinefashion.pl\/en\/wp-json\/wp\/v2\/types\/product"}],"wp:featuredmedia":[{"embeddable":true,"href":"https:\/\/madelinefashion.pl\/en\/wp-json\/wp\/v2\/media\/593625"}],"wp:attachment":[{"href":"https:\/\/madelinefashion.pl\/en\/wp-json\/wp\/v2\/media?parent=593044"}],"wp:term":[{"taxonomy":"product_brand","embeddable":true,"href":"https:\/\/madelinefashion.pl\/en\/wp-json\/wp\/v2\/product_brand?post=593044"},{"taxonomy":"product_cat","embeddable":true,"href":"https:\/\/madelinefashion.pl\/en\/wp-json\/wp\/v2\/product_cat?post=593044"},{"taxonomy":"product_tag","embeddable":true,"href":"https:\/\/madelinefashion.pl\/en\/wp-json\/wp\/v2\/product_tag?post=593044"}],"curies":[{"name":"wp","href":"https:\/\/api.w.org\/{rel}","templated":true}]}}