{"id":593119,"date":"2026-01-30T11:50:53","date_gmt":"2026-01-30T10:50:53","guid":{"rendered":"https:\/\/madelinefashion.pl\/?post_type=product&#038;p=593119"},"modified":"2026-03-24T09:53:11","modified_gmt":"2026-03-24T08:53:11","slug":"koszula-klasyczna-z-ozdobnymi-guzikami-aveline-maselko","status":"publish","type":"product","link":"https:\/\/madelinefashion.pl\/en\/product\/koszula-klasyczna-z-ozdobnymi-guzikami-aveline-maselko\/","title":{"rendered":"Classic Shirt With Decorative Buttons Aveline Butter"},"content":{"rendered":"<h3 style=\"text-align: center;\">Classic Shirt With Decorative Buttons Aveline Butter<\/h3>\n<p style=\"text-align: center;\"><strong>A shirt is an essential element of every wardrobe! <\/strong>Fashion is fastened on<strong>\u00a0buttons. <\/strong>A shirt with a classic cut will be great in many versions<strong>, both the official ones and<\/strong> everyday.<strong>\u00a0<\/strong>The cut is perfect for tucking into pants or skirts \u2013 we recommend the model <a href=\"https:\/\/madelinefashion.pl\/en\/spodnica-mini-crezy-czarna\/\">crezy<\/a> Our shirt can be the basis for many elegant and timeless stylizations <a href=\"https:\/\/madelinefashion.pl\/en\/spodnica-skora-mini-czarna\/\">pencils <\/a>skirts or classic <a href=\"https:\/\/madelinefashion.pl\/en\/spodnie-jeansowe-paradise-jasne\/\">jeans, <\/a>\u00a0but also for shorter ladies as a tunic. The shirt is an ideal proposition for work, every day, for family meetings and many other occasions. Recommended for women wearing a size <strong>S, M, L<\/strong><\/p>\n<h3 style=\"text-align: center;\">\u00a0 \u00a0 \u00a0Dimensions:<\/h3>\n<p style=\"text-align: center;\"><strong>S \/ M<br \/>\n<\/strong><\/p>\n<ul>\n<li style=\"text-align: center;\">overall length: 69 cm<\/li>\n<li style=\"text-align: center;\">width from armpit to armpit: 58-60 cm<br \/>\nSleeve length from armpit: 59 cm<\/li>\n<li style=\"text-align: center;\">Sleeve length from shoulder: 42 cm<\/li>\n<li style=\"text-align: center;\"><\/li>\n<\/ul>\n<p style=\"text-align: center;\"><strong>M \/ L<\/strong><\/p>\n<ul style=\"text-align: center;\">\n<li>overall length: 70 cm<\/li>\n<li>width from armpit to armpit: 60-62 cm<br \/>\nSleeve length from armpit: 59 cm<\/li>\n<li style=\"text-align: center;\">Sleeve length from shoulder: 42 cm<\/li>\n<li><\/li>\n<li><\/li>\n<\/ul>\n<p style=\"text-align: center;\">Dimensions may slightly differ from the given +\/- 2cm. All dimensions given are measured flat.<\/p>\n<p style=\"text-align: center;\"><strong>\u00a0<\/strong><\/p>\n<table style=\"height: 288px;\" width=\"433\">\n<tbody>\n<tr>\n<td>Name<\/td>\n<td>Classic Shirt With Decorative Buttons Aveline<\/td>\n<\/tr>\n<tr>\n<td>Color<\/td>\n<td>Butter<\/td>\n<\/tr>\n<tr>\n<td>Collection<\/td>\n<td>Spring Summer Autumn Winter<\/td>\n<\/tr>\n<tr>\n<td>Size<\/td>\n<td>S\/M, M\/L<\/td>\n<\/tr>\n<tr>\n<td>Fashion<\/td>\n<td>Matched<\/td>\n<\/tr>\n<tr>\n<td>Fastening<\/td>\n<td>Buttons<\/td>\n<\/tr>\n<tr>\n<td>Composition of the materials<\/td>\n<td>65% Polyester 35% Cotton<\/td>\n<\/tr>\n<\/tbody>\n<\/table>\n<p style=\"text-align: center;\">\u00a0The model has\u00a0<strong>169<\/strong>\u00a0cm tall, wears a size every day\u00a0<strong>S.<\/strong><\/p>\n<p style=\"text-align: center;\">The width at the bust is 92 cm<\/p>\n<p style=\"text-align: center;\">Waist width 62 cm<\/p>\n<p style=\"text-align: center;\">The width at the hips is 94 cm<strong>\u00a0<\/strong><\/p>","protected":false},"excerpt":{"rendered":"<p>Koszula Klasyczna Z Ozdobnymi Guzikami Aveline Mase\u0142ko Koszula to nieod\u0142\u0105czny element ka\u017cdej garderoby! Fason zapinany jest na\u00a0guziki. Koszula o klasycznym kroju \u015bwietnie sprawdzi si\u0119 w wielu ods\u0142onach, zar\u00f3wno tych oficjalnych, jak i codziennych.\u00a0Fason idealnie nadaje si\u0119 do &#8222;wpuszczenia&#8221; w spodnie czy w sp\u00f3dnice &#8211; polecamy mode crezy Nasza koszula\u00a0 mo\u017ce stanowi\u0107 baz\u0119 do wielu eleganckich<\/p>\n<div class=\"klb-readmore post-buttons\"><a class=\"button black outline size-sm\" href=\"https:\/\/madelinefashion.pl\/en\/product\/koszula-klasyczna-z-ozdobnymi-guzikami-aveline-maselko\/\">Read More <i class=\"klbth-icon-right-arrow\"><\/i><\/a><\/div>","protected":false},"featured_media":596418,"template":"","meta":[],"product_brand":[],"product_cat":[92,395],"product_tag":[414],"class_list":{"0":"post-593119","1":"product","2":"type-product","3":"status-publish","4":"has-post-thumbnail","6":"product_cat-koszule","7":"product_cat-nowosci","8":"product_tag-koszule","9":"pa_rozmiar-s-m","10":"pa_rozmiar-m-l","12":"first","13":"instock","14":"sale","15":"purchasable","16":"product-type-variable"},"_links":{"self":[{"href":"https:\/\/madelinefashion.pl\/en\/wp-json\/wp\/v2\/product\/593119","targetHints":{"allow":["GET"]}}],"collection":[{"href":"https:\/\/madelinefashion.pl\/en\/wp-json\/wp\/v2\/product"}],"about":[{"href":"https:\/\/madelinefashion.pl\/en\/wp-json\/wp\/v2\/types\/product"}],"wp:featuredmedia":[{"embeddable":true,"href":"https:\/\/madelinefashion.pl\/en\/wp-json\/wp\/v2\/media\/596418"}],"wp:attachment":[{"href":"https:\/\/madelinefashion.pl\/en\/wp-json\/wp\/v2\/media?parent=593119"}],"wp:term":[{"taxonomy":"product_brand","embeddable":true,"href":"https:\/\/madelinefashion.pl\/en\/wp-json\/wp\/v2\/product_brand?post=593119"},{"taxonomy":"product_cat","embeddable":true,"href":"https:\/\/madelinefashion.pl\/en\/wp-json\/wp\/v2\/product_cat?post=593119"},{"taxonomy":"product_tag","embeddable":true,"href":"https:\/\/madelinefashion.pl\/en\/wp-json\/wp\/v2\/product_tag?post=593119"}],"curies":[{"name":"wp","href":"https:\/\/api.w.org\/{rel}","templated":true}]}}