{"id":59391,"date":"2022-09-23T11:58:52","date_gmt":"2022-09-23T09:58:52","guid":{"rendered":"https:\/\/madelinefashion.pl\/?post_type=product&#038;p=59391"},"modified":"2026-02-20T14:57:49","modified_gmt":"2026-02-20T13:57:49","slug":"sweter-z-alpaki-z-kokardkami-na-rekawie-bialy","status":"publish","type":"product","link":"https:\/\/madelinefashion.pl\/en\/product\/sweter-z-alpaki-z-kokardkami-na-rekawie-bialy\/","title":{"rendered":"Alpaca sweater with bows on the sleeves white"},"content":{"rendered":"<h3 style=\"text-align: center;\">Alpaca sweater with bows on the sleeves white<\/h3>\n<p style=\"text-align: center;\"><strong>Comfortable, comfortable sweater <\/strong>decorated with a simple cut<strong> bows on the sleeves.\u00a0<\/strong> The sweater is made of a very nice alpaca \u00a0<strong>adapts to the figure<\/strong> and complements any outfit. It fits perfectly with leggings, jeans or leather pants. The sweater is suitable for every season. The size is\u00a0<strong>universal<\/strong> Perfect for ladies wearing\u00a0 <strong>S, M, L.<\/strong>,<strong>XL\u00a0<\/strong> in case of wearing a larger size, we recommend that you refer to the dimension table below. Available in our e-shop in several variants <strong>color<\/strong>so don&#039;t hesitate and choose the one that&#039;s perfect for you. If you cannot decide which color is best for you, please contact us via Facebook or by phone.<\/p>\n<h2 style=\"text-align: center;\">Dimensions:<\/h2>\n<ul style=\"text-align: center;\">\n<li><span style=\"font-size: 10pt;\">width from armpit to armpit 40-50 cm<\/span><\/li>\n<li><span style=\"font-size: 10pt;\">overall length: 77 cm\u00a0<\/span><\/li>\n<li><span style=\"font-size: 10pt;\">recommended maximum bust circumference: 108 cm<\/span><\/li>\n<\/ul>\n<p style=\"text-align: center;\"><span style=\"font-size: 10pt;\">\u00a0Dimensions may slightly differ from the given +\/- 2cm. All dimensions given are measured flat.<\/span><\/p>\n<table width=\"617\">\n<tbody>\n<tr>\n<td width=\"302\">Model name<\/td>\n<td width=\"302\">Alpaca sweater with bows on the sleeves<\/td>\n<\/tr>\n<tr>\n<td width=\"302\">Color<\/td>\n<td width=\"302\">White<\/td>\n<\/tr>\n<tr>\n<td width=\"302\">Sizes<\/td>\n<td width=\"302\">Universal<\/td>\n<\/tr>\n<tr>\n<td width=\"302\">Fashion<\/td>\n<td width=\"302\">Oversize<\/td>\n<\/tr>\n<tr>\n<td width=\"302\">Warmed up<\/td>\n<td width=\"302\">Uninsulated<\/td>\n<\/tr>\n<tr>\n<td width=\"302\">Material<\/td>\n<td width=\"302\">Alpaca<\/td>\n<\/tr>\n<\/tbody>\n<\/table>\n<p style=\"text-align: center;\"><span style=\"font-size: 10pt;\">\u00a0<\/span><\/p>\n<p style=\"text-align: center;\">The model has\u00a0<strong>169<\/strong>\u00a0cm tall, wears a size every day\u00a0<strong>S.<\/strong><\/p>\n<p style=\"text-align: center;\">The width at the bust is 92 cm<\/p>\n<p style=\"text-align: center;\">Waist width 62 cm<\/p>\n<p style=\"text-align: center;\">The width at the hips is 94 cm<\/p>","protected":false},"excerpt":{"rendered":"<p>Sweter z Alpaki z Kokardkami na R\u0119kawie Bia\u0142y Wygodny, komfortowy sweterek o prostym fasonie ozdobiony kokardkami na r\u0119kawkach.\u00a0 Sweterek wykonany jest bardzo przyjemnej alpaki \u00a0dopasowuje si\u0119 do sylwetki i uzupe\u0142nia ka\u017cd\u0105 stylizacj\u0119.\u00a0 Idealnie komponuje si\u0119 z legginsami, jeansami czy sk\u00f3rzanymi spodniami .\u00a0Sweter nadaje si\u0119 na ka\u017cd\u0105 por\u0119 roku. Rozmiar jest\u00a0uniwersalny , idealnie pasuje na Panie<\/p>\n<div class=\"klb-readmore post-buttons\"><a class=\"button black outline size-sm\" href=\"https:\/\/madelinefashion.pl\/en\/product\/sweter-z-alpaki-z-kokardkami-na-rekawie-bialy\/\">Read More <i class=\"klbth-icon-right-arrow\"><\/i><\/a><\/div>","protected":false},"featured_media":59206,"template":"","meta":[],"product_brand":[],"product_cat":[78],"product_tag":[222],"class_list":{"0":"post-59391","1":"product","2":"type-product","3":"status-publish","4":"has-post-thumbnail","6":"product_cat-swetry-damskie","7":"product_tag-swetry-biale","9":"first","10":"outofstock","11":"purchasable","12":"product-type-simple"},"_links":{"self":[{"href":"https:\/\/madelinefashion.pl\/en\/wp-json\/wp\/v2\/product\/59391","targetHints":{"allow":["GET"]}}],"collection":[{"href":"https:\/\/madelinefashion.pl\/en\/wp-json\/wp\/v2\/product"}],"about":[{"href":"https:\/\/madelinefashion.pl\/en\/wp-json\/wp\/v2\/types\/product"}],"wp:featuredmedia":[{"embeddable":true,"href":"https:\/\/madelinefashion.pl\/en\/wp-json\/wp\/v2\/media\/59206"}],"wp:attachment":[{"href":"https:\/\/madelinefashion.pl\/en\/wp-json\/wp\/v2\/media?parent=59391"}],"wp:term":[{"taxonomy":"product_brand","embeddable":true,"href":"https:\/\/madelinefashion.pl\/en\/wp-json\/wp\/v2\/product_brand?post=59391"},{"taxonomy":"product_cat","embeddable":true,"href":"https:\/\/madelinefashion.pl\/en\/wp-json\/wp\/v2\/product_cat?post=59391"},{"taxonomy":"product_tag","embeddable":true,"href":"https:\/\/madelinefashion.pl\/en\/wp-json\/wp\/v2\/product_tag?post=59391"}],"curies":[{"name":"wp","href":"https:\/\/api.w.org\/{rel}","templated":true}]}}