{"id":593916,"date":"2026-02-05T15:56:13","date_gmt":"2026-02-05T14:56:13","guid":{"rendered":"https:\/\/madelinefashion.pl\/?post_type=product&#038;p=593916"},"modified":"2026-03-06T12:43:20","modified_gmt":"2026-03-06T11:43:20","slug":"koszula-klasyczna-z-ozdobnymi-jeetami-biala","status":"publish","type":"product","link":"https:\/\/madelinefashion.pl\/en\/product\/koszula-klasyczna-z-ozdobnymi-jeetami-biala\/","title":{"rendered":"Classic Shirt with Decorative Jeets White"},"content":{"rendered":"<h3 style=\"text-align: center;\">Classic Shirt with Decorative Jeets White<\/h3>\n<p style=\"text-align: center;\">A shirt with a classic cut will be great in many versions<strong>, both the official ones and<\/strong> everyday. A women&#039;s shirt with a decorative collar in the form of pearls will add freshness and originality to any styling \u2013<strong>\u00a0It will look great with trousers but also with longer leggings. <\/strong>The cut is perfect for tucking into pants or skirts. Our shirt can be a base for many elegant and timeless styles. It will certainly work well with <a href=\"https:\/\/madelinefashion.pl\/en\/spodnica-skora-mini-czarna\/\">pencils <\/a>skirts or classic <a href=\"https:\/\/madelinefashion.pl\/en\/spodnie-jeansowe-paradise-jasne\/\">jeans<\/a>. The shirt is an ideal proposition for work, every day, family gatherings and many other occasions. Recommended for ladies wearing size <strong>S, M, L, XL XXL XXXL<\/strong><\/p>\n<h3 style=\"text-align: center;\">\u00a0 \u00a0 \u00a0Dimensions:<\/h3>\n<ul style=\"text-align: center;\">\n<li style=\"list-style-type: none;\">\n<ul>\n<li>total length: 71 cm<\/li>\n<li>width from armpit to armpit: 58-61<br \/>\nsleeve from the armpit 46 cm<\/li>\n<li>sleeve from the shoulder 60 cm<\/li>\n<li><\/li>\n<\/ul>\n<p>Dimensions may slightly differ from the given +\/- 2cm. All dimensions given are measured flat. X2 dimension<\/li>\n<\/ul>\n<table style=\"height: 288px;\" width=\"433\">\n<tbody>\n<tr>\n<td>Model Name<\/td>\n<td>Classic Shirt with Decorative Jeets White<\/td>\n<\/tr>\n<tr>\n<td>Color<\/td>\n<td>White<\/td>\n<\/tr>\n<tr>\n<td>Collection<\/td>\n<td>Spring Summer Autumn Winter<\/td>\n<\/tr>\n<tr>\n<td>Size<\/td>\n<td>Universal<\/td>\n<\/tr>\n<tr>\n<td>Fashion<\/td>\n<td>Oversize<\/td>\n<\/tr>\n<tr>\n<td>Cleavage<\/td>\n<td>\u00a0V<\/td>\n<\/tr>\n<tr>\n<td>Composition of the materials<\/td>\n<td>tencel 85%, polyester 15%<\/td>\n<\/tr>\n<\/tbody>\n<\/table>\n<p style=\"text-align: center;\">The model has\u00a0<strong>165<\/strong>\u00a0cm tall, wears a size every day\u00a0<strong>S.<\/strong><\/p>\n<p style=\"text-align: center;\">Bust width 88 cm<\/p>\n<p style=\"text-align: center;\">Waist width 65 cm<\/p>\n<p style=\"text-align: center;\">Hip width 91 cm<\/p>\n<p>&nbsp;<\/p>\n<p style=\"text-align: center;\"><strong>\u00a0<\/strong><\/p>","protected":false},"excerpt":{"rendered":"<p>Koszula Klasyczna Z Ozdobnymi Jeetami Bia\u0142a Koszula o klasycznym kroju \u015bwietnie sprawdzi si\u0119 w wielu ods\u0142onach, zar\u00f3wno tych oficjalnych, jak i codziennych. Damska koszula z ozdobnym ko\u0142nierzem, w postaci pere\u0142ek doda \u015bwie\u017co\u015bci i oryginalno\u015bci ka\u017cdej stylizacji &#8211;\u00a0\u015bwietnie sprawdzi si\u0119 w zestawie ze spodniami ale tak\u017ce z leginsami przez d\u0142u\u017cszy kr\u00f3j. Fason idealnie nadaje si\u0119 do<\/p>\n<div class=\"klb-readmore post-buttons\"><a class=\"button black outline size-sm\" href=\"https:\/\/madelinefashion.pl\/en\/product\/koszula-klasyczna-z-ozdobnymi-jeetami-biala\/\">Read More <i class=\"klbth-icon-right-arrow\"><\/i><\/a><\/div>","protected":false},"featured_media":596588,"template":"","meta":[],"product_brand":[],"product_cat":[92],"product_tag":[414],"class_list":{"0":"post-593916","1":"product","2":"type-product","3":"status-publish","4":"has-post-thumbnail","6":"product_cat-koszule","7":"product_tag-koszule","9":"first","10":"instock","11":"sale","12":"purchasable","13":"product-type-variable"},"_links":{"self":[{"href":"https:\/\/madelinefashion.pl\/en\/wp-json\/wp\/v2\/product\/593916","targetHints":{"allow":["GET"]}}],"collection":[{"href":"https:\/\/madelinefashion.pl\/en\/wp-json\/wp\/v2\/product"}],"about":[{"href":"https:\/\/madelinefashion.pl\/en\/wp-json\/wp\/v2\/types\/product"}],"wp:featuredmedia":[{"embeddable":true,"href":"https:\/\/madelinefashion.pl\/en\/wp-json\/wp\/v2\/media\/596588"}],"wp:attachment":[{"href":"https:\/\/madelinefashion.pl\/en\/wp-json\/wp\/v2\/media?parent=593916"}],"wp:term":[{"taxonomy":"product_brand","embeddable":true,"href":"https:\/\/madelinefashion.pl\/en\/wp-json\/wp\/v2\/product_brand?post=593916"},{"taxonomy":"product_cat","embeddable":true,"href":"https:\/\/madelinefashion.pl\/en\/wp-json\/wp\/v2\/product_cat?post=593916"},{"taxonomy":"product_tag","embeddable":true,"href":"https:\/\/madelinefashion.pl\/en\/wp-json\/wp\/v2\/product_tag?post=593916"}],"curies":[{"name":"wp","href":"https:\/\/api.w.org\/{rel}","templated":true}]}}