{"id":593936,"date":"2026-02-05T16:22:11","date_gmt":"2026-02-05T15:22:11","guid":{"rendered":"https:\/\/madelinefashion.pl\/?post_type=product&#038;p=593936"},"modified":"2026-03-06T12:45:02","modified_gmt":"2026-03-06T11:45:02","slug":"koszula-klasyczna-w-paski-pudrowy-roz","status":"publish","type":"product","link":"https:\/\/madelinefashion.pl\/en\/product\/koszula-klasyczna-w-paski-pudrowy-roz\/","title":{"rendered":"Classic Striped Shirt Powder Pink"},"content":{"rendered":"<h3 style=\"text-align: center;\">Classic Striped Shirt Powder Pink<\/h3>\n<p style=\"text-align: center;\">A shirt with a classic cut will be great in many versions<strong>, both the official ones and<\/strong> everyday.\u015a<strong>It will look great with trousers but also with longer leggings. <\/strong>The cut is perfect for tucking into pants or skirts. Our shirt can be a base for many elegant and timeless styles. It will certainly work well with <a href=\"https:\/\/madelinefashion.pl\/en\/spodnica-skora-mini-czarna\/\">pencils <\/a>skirts or classic <a href=\"https:\/\/madelinefashion.pl\/en\/spodnie-jeansowe-paradise-jasne\/\">jeans<\/a>. The shirt is an ideal proposition for work, every day, family gatherings and many other occasions. Recommended for ladies wearing size <strong>S, M, L.<\/strong><\/p>\n<h3 style=\"text-align: center;\">\u00a0 \u00a0 \u00a0Dimensions:<\/h3>\n<ul style=\"text-align: center;\">\n<li style=\"list-style-type: none;\">\n<ul>\n<li>total length: 71 cm<\/li>\n<li>width from armpit to armpit: 58-61<br \/>\nsleeve from the armpit 46 cm<\/li>\n<li>sleeve from the shoulder 60 cm<\/li>\n<li><\/li>\n<\/ul>\n<p>Dimensions may slightly differ from the given +\/- 2cm. All dimensions given are measured flat. X2 dimension<\/li>\n<\/ul>\n<table style=\"height: 288px;\" width=\"433\">\n<tbody>\n<tr>\n<td>Name<\/td>\n<td>Classic Striped Shirt Blue<\/td>\n<\/tr>\n<tr>\n<td>Color<\/td>\n<td>Pink<\/td>\n<\/tr>\n<tr>\n<td>Collection<\/td>\n<td>Spring Summer Autumn Winter<\/td>\n<\/tr>\n<tr>\n<td>Size<\/td>\n<td>Universal<\/td>\n<\/tr>\n<tr>\n<td>Fashion<\/td>\n<td>Oversize<\/td>\n<\/tr>\n<tr>\n<td>Cleavage<\/td>\n<td>\u00a0V<\/td>\n<\/tr>\n<tr>\n<td>Composition of the materials<\/td>\n<td>tencel 85%, polyester 15%<\/td>\n<\/tr>\n<\/tbody>\n<\/table>\n<p style=\"text-align: center;\">The model has\u00a0<strong>165<\/strong>\u00a0cm tall, wears a size every day\u00a0<strong>S.<\/strong><\/p>\n<p style=\"text-align: center;\">Bust width 88 cm<\/p>\n<p style=\"text-align: center;\">Waist width 65 cm<\/p>\n<p style=\"text-align: center;\">Hip width 91 cm<\/p>\n<p>&nbsp;<\/p>\n<p style=\"text-align: center;\"><strong>\u00a0<\/strong><\/p>","protected":false},"excerpt":{"rendered":"<p>Koszula Klasyczna W Paski Pudrowy R\u00f3\u017c Koszula o klasycznym kroju \u015bwietnie sprawdzi si\u0119 w wielu ods\u0142onach, zar\u00f3wno tych oficjalnych, jak i codziennych.\u015awietnie sprawdzi si\u0119 w zestawie ze spodniami ale tak\u017ce z leginsami przez d\u0142u\u017cszy kr\u00f3j. Fason idealnie nadaje si\u0119 do &#8222;wpuszczenia&#8221; w spodnie czy w sp\u00f3dnice. Nasza koszula\u00a0 mo\u017ce stanowi\u0107 baz\u0119 do wielu eleganckich i<\/p>\n<div class=\"klb-readmore post-buttons\"><a class=\"button black outline size-sm\" href=\"https:\/\/madelinefashion.pl\/en\/product\/koszula-klasyczna-w-paski-pudrowy-roz\/\">Read More <i class=\"klbth-icon-right-arrow\"><\/i><\/a><\/div>","protected":false},"featured_media":596592,"template":"","meta":[],"product_brand":[],"product_cat":[92],"product_tag":[414],"class_list":{"0":"post-593936","1":"product","2":"type-product","3":"status-publish","4":"has-post-thumbnail","6":"product_cat-koszule","7":"product_tag-koszule","9":"first","10":"instock","11":"sale","12":"purchasable","13":"product-type-variable"},"_links":{"self":[{"href":"https:\/\/madelinefashion.pl\/en\/wp-json\/wp\/v2\/product\/593936","targetHints":{"allow":["GET"]}}],"collection":[{"href":"https:\/\/madelinefashion.pl\/en\/wp-json\/wp\/v2\/product"}],"about":[{"href":"https:\/\/madelinefashion.pl\/en\/wp-json\/wp\/v2\/types\/product"}],"wp:featuredmedia":[{"embeddable":true,"href":"https:\/\/madelinefashion.pl\/en\/wp-json\/wp\/v2\/media\/596592"}],"wp:attachment":[{"href":"https:\/\/madelinefashion.pl\/en\/wp-json\/wp\/v2\/media?parent=593936"}],"wp:term":[{"taxonomy":"product_brand","embeddable":true,"href":"https:\/\/madelinefashion.pl\/en\/wp-json\/wp\/v2\/product_brand?post=593936"},{"taxonomy":"product_cat","embeddable":true,"href":"https:\/\/madelinefashion.pl\/en\/wp-json\/wp\/v2\/product_cat?post=593936"},{"taxonomy":"product_tag","embeddable":true,"href":"https:\/\/madelinefashion.pl\/en\/wp-json\/wp\/v2\/product_tag?post=593936"}],"curies":[{"name":"wp","href":"https:\/\/api.w.org\/{rel}","templated":true}]}}