{"id":593944,"date":"2026-02-05T16:55:41","date_gmt":"2026-02-05T15:55:41","guid":{"rendered":"https:\/\/madelinefashion.pl\/?post_type=product&#038;p=593944"},"modified":"2026-03-03T14:14:05","modified_gmt":"2026-03-03T13:14:05","slug":"sukienka-midi-z-fredzlami-granatowa","status":"publish","type":"product","link":"https:\/\/madelinefashion.pl\/en\/product\/sukienka-midi-z-fredzlami-granatowa\/","title":{"rendered":"Navy Blue Fringed Midi Dress"},"content":{"rendered":"<h3 style=\"text-align: center;\">Navy Blue Fringed Midi Dress<\/h3>\n<p style=\"text-align: center;\" data-start=\"0\" data-end=\"388\">The Rose dress in a shade of powder pink is a combination of elegance, delicate shine, and exceptional comfort. It was created for plus-size women who want to emphasize their femininity and feel confident in every situation. The upper part, made of a subtly shimmering material, beautifully shapes the silhouette, while the decorative rose at the waist adds charm and visually slims the figure. The airy, smooth skirt made of softly draping fabric gives the entire piece a light and graceful feel. It&#039;s the perfect dress for <strong data-start=\"500\" data-end=\"529\">weddings, baptisms, communions<\/strong> or other special occasions \u2013 wherever you want to look stunning and feel comfortable all day long. Comfortable, slightly stretchy, and perfectly fitting. This slimming dress is designed with PLUS SIZE figures in mind. Available in sizes 40, 42, 44, 46, 48, 50, 52, 54, and 56. Available in our online store in several color options, so don&#039;t hesitate and choose the one that&#039;s perfect for you. If you can&#039;t decide which color, <strong>size<\/strong> is the best for you, <strong>contact us<\/strong> through <a href=\"https:\/\/www.facebook.com\/madelinefashionbutik\" target=\"_blank\" rel=\"noopener\">Facebook<\/a> or <a href=\"https:\/\/madelinefashion.pl\/en\/kontakt\/\">phone<\/a>. If the size is not available on the website, please contact us.<\/p>\n<h3 style=\"text-align: center;\">DRESS DIMENSIONS:<\/h3>\n<table width=\"556\">\n<tbody>\n<tr>\n<td><strong>SIZE<\/strong><\/td>\n<td><strong>Bust<\/strong><\/td>\n<td><strong>Waist<\/strong><\/td>\n<td><strong>Hips<\/strong><\/td>\n<\/tr>\n<tr>\n<td><strong>40<\/strong><\/td>\n<td>94-110<\/td>\n<td>90<\/td>\n<td>\u00a098-108<\/td>\n<\/tr>\n<tr>\n<td><strong>42<\/strong><\/td>\n<td>98-104<\/td>\n<td>100<\/td>\n<td>\u00a0104-112<\/td>\n<\/tr>\n<tr>\n<td>44<\/td>\n<td>102-108<\/td>\n<td>104<\/td>\n<td>\u00a0108-116<\/td>\n<\/tr>\n<tr>\n<td><strong>46<\/strong><\/td>\n<td>106-112<\/td>\n<td>110<\/td>\n<td>\u00a0112-120<\/td>\n<\/tr>\n<tr>\n<td><strong>48<\/strong><\/td>\n<td>110-116<\/td>\n<td>114<\/td>\n<td>\u00a0116-124<\/td>\n<\/tr>\n<tr>\n<td><strong>50<\/strong><\/td>\n<td>114-120<\/td>\n<td>180<\/td>\n<td>\u00a0120-128<\/td>\n<\/tr>\n<tr>\n<td><strong>52<\/strong><\/td>\n<td>118-124<\/td>\n<td>183<\/td>\n<td>124-132<\/td>\n<\/tr>\n<tr>\n<td><strong>54<\/strong><\/td>\n<td>122-124<\/td>\n<td>186<\/td>\n<td>\u00a0128-136<\/td>\n<\/tr>\n<tr>\n<td><strong>56<\/strong><\/td>\n<td>126-130<\/td>\n<td>190<\/td>\n<td>\u00a0132-140<\/td>\n<\/tr>\n<\/tbody>\n<\/table>\n<p>&nbsp;<\/p>\n<p style=\"text-align: center;\"><span style=\"font-size: 10pt;\">total length approx. 134 cm\u00a0\u00a0<\/span><\/p>\n<p style=\"text-align: center;\"><span style=\"font-size: 10pt;\">The dress is also available in <strong>other color variants<\/strong> - we encourage you to familiarize yourself with our other products.\u00a0<\/span><\/p>\n<p style=\"text-align: center;\"><span style=\"font-size: 10pt;\">Dimensions may slightly differ from the given +\/- 2cm.\u00a0<\/span><\/p>\n<p style=\"text-align: center;\"><span style=\"font-size: 10pt;\"><strong>\u00a0<\/strong>\u00a0<\/span><\/p>\n<table width=\"618\">\n<tbody>\n<tr>\n<td width=\"302\">Model name<\/td>\n<td width=\"302\">Navy Blue Fringed Midi Dress<\/td>\n<\/tr>\n<tr>\n<td width=\"302\">Color<\/td>\n<td width=\"302\">Navy<\/td>\n<\/tr>\n<tr>\n<td width=\"302\">Cleavage<\/td>\n<td width=\"302\">\u201e&quot;AT&quot;\u201d<\/td>\n<\/tr>\n<tr>\n<td width=\"302\">Sizes<\/td>\n<td width=\"302\">\u00a044 46 48 50 52<\/td>\n<\/tr>\n<tr>\n<td width=\"302\">Fashion<\/td>\n<td width=\"302\">Flared<\/td>\n<\/tr>\n<tr>\n<td width=\"302\">Material<\/td>\n<td width=\"302\">Viscose, Polyester, Cotton<\/td>\n<\/tr>\n<tr>\n<td width=\"302\">Length<\/td>\n<td width=\"302\">Midi<\/td>\n<\/tr>\n<\/tbody>\n<\/table>\n<p style=\"text-align: center;\"><span style=\"font-size: 10pt;\">\u00a0<\/span><\/p>\n<p>&nbsp;<\/p>\n<p style=\"text-align: center;\"><span style=\"font-size: 10pt;\">In order to match <strong>perfect dresses<\/strong> we invite you to contact us by phone or contact us <a href=\"https:\/\/www.facebook.com\/madelinefashionbutik\" target=\"_blank\" rel=\"noopener\">Facebook<\/a> .<\/span><br \/>\n<span style=\"font-size: 10pt;\">Our team will help <strong>Choose the right one<\/strong> . <strong>We can make each dress at the request of the buyer\u00a0<\/strong><strong>measure carefully.\u00a0<\/strong><\/span><\/p>\n<div class=\"additional-details\" style=\"text-align: center;\">\n<p style=\"text-align: center;\"><span style=\"font-size: 10pt;\">\u00a0<\/span><\/p>\n<\/div>","protected":false},"excerpt":{"rendered":"<p>Sukienka Midi Z Fr\u0119dzlami Granatowa Sukienka R\u00f3\u017ca w odcieniu pudrowego r\u00f3\u017cu to po\u0142\u0105czenie elegancji, delikatnego blasku i wyj\u0105tkowego komfortu. Zosta\u0142a stworzona z my\u015bl\u0105 o kobietach plus size, kt\u00f3re pragn\u0105 podkre\u015bli\u0107 swoj\u0105 kobieco\u015b\u0107 i czu\u0107 si\u0119 pewnie w ka\u017cdej sytuacji. G\u00f3rna cz\u0119\u015b\u0107, uszyta z subtelnie po\u0142yskuj\u0105cego materia\u0142u, pi\u0119knie modeluje sylwetk\u0119, a ozdobna r\u00f3\u017ca w talii dodaje<\/p>\n<div class=\"klb-readmore post-buttons\"><a class=\"button black outline size-sm\" href=\"https:\/\/madelinefashion.pl\/en\/product\/sukienka-midi-z-fredzlami-granatowa\/\">Read More <i class=\"klbth-icon-right-arrow\"><\/i><\/a><\/div>","protected":false},"featured_media":595373,"template":"","meta":[],"product_brand":[],"product_cat":[124,395,560,564],"product_tag":[725,385],"class_list":{"0":"post-593944","1":"product","2":"type-product","3":"status-publish","4":"has-post-thumbnail","6":"product_cat-sukienki-okolicznosciowe","7":"product_cat-nowosci","8":"product_cat-sukienki-brokatowe","9":"product_cat-sukienki-plus-size","10":"product_tag-granatowe-sukienki","11":"product_tag-plus-size","13":"first","14":"instock","15":"purchasable","16":"product-type-variable"},"_links":{"self":[{"href":"https:\/\/madelinefashion.pl\/en\/wp-json\/wp\/v2\/product\/593944","targetHints":{"allow":["GET"]}}],"collection":[{"href":"https:\/\/madelinefashion.pl\/en\/wp-json\/wp\/v2\/product"}],"about":[{"href":"https:\/\/madelinefashion.pl\/en\/wp-json\/wp\/v2\/types\/product"}],"wp:featuredmedia":[{"embeddable":true,"href":"https:\/\/madelinefashion.pl\/en\/wp-json\/wp\/v2\/media\/595373"}],"wp:attachment":[{"href":"https:\/\/madelinefashion.pl\/en\/wp-json\/wp\/v2\/media?parent=593944"}],"wp:term":[{"taxonomy":"product_brand","embeddable":true,"href":"https:\/\/madelinefashion.pl\/en\/wp-json\/wp\/v2\/product_brand?post=593944"},{"taxonomy":"product_cat","embeddable":true,"href":"https:\/\/madelinefashion.pl\/en\/wp-json\/wp\/v2\/product_cat?post=593944"},{"taxonomy":"product_tag","embeddable":true,"href":"https:\/\/madelinefashion.pl\/en\/wp-json\/wp\/v2\/product_tag?post=593944"}],"curies":[{"name":"wp","href":"https:\/\/api.w.org\/{rel}","templated":true}]}}