{"id":5940,"date":"2021-03-21T13:40:06","date_gmt":"2021-03-21T12:40:06","guid":{"rendered":"https:\/\/madelinefashion.pl\/?post_type=product&#038;p=5940"},"modified":"2026-01-20T10:34:42","modified_gmt":"2026-01-20T09:34:42","slug":"top-koronkowy-czarny-tamsen","status":"publish","type":"product","link":"https:\/\/madelinefashion.pl\/en\/product\/top-koronkowy-czarny-tamsen\/","title":{"rendered":"Black Tamsen Lace Top"},"content":{"rendered":"<h2 style=\"text-align: center;\">Black Tamsen Lace Top<\/h2>\n<p>&nbsp;<\/p>\n<p><strong>Lace top <\/strong>in black<strong>,\u00a0<\/strong>this <strong>unusual model<\/strong>in which you will feel very feminine. It looks great with our models\u00a0 <a href=\"https:\/\/madelinefashion.pl\/en\/spodnie\/\">pants<\/a> with high waist. The whole blouse is made of high-quality light lace, in addition, the blouse has stiffening and bust. The back of the blouse has a sensual cut that will emphasize the back. There is an elastic band under the bust and on the back, which perfectly fits the body. Lace top <em>\u00a0<\/em>looks great with\u00a0<a href=\"https:\/\/madelinefashion.pl\/en\/spodnie\/\">shorts<\/a>,\u00a0<a href=\"https:\/\/madelinefashion.pl\/en\/spodnie\/\">jeans<\/a> or a skirt - models that you can also find in our store. Top perfect for ladies in size <strong>XS SM L.<\/strong><\/p>\n<h2 style=\"text-align: center;\">\u00a0 \u00a0 \u00a0Dimensions:<\/h2>\n<ul style=\"text-align: center;\">\n<li>overall length: 54 cm<\/li>\n<li>width from armpit to armpit: 38-48 cm<\/li>\n<li><\/li>\n<li><\/li>\n<\/ul>\n<p style=\"text-align: center;\">Dimensions may slightly differ from the given +\/- 2cm. All dimensions given are measured flat.<\/p>\n<table>\n<tbody>\n<tr>\n<td width=\"302\">Model name<\/td>\n<td width=\"302\">Tamsen Lace Top<\/td>\n<\/tr>\n<tr>\n<td width=\"302\">Color<\/td>\n<td width=\"302\">Black<\/td>\n<\/tr>\n<tr>\n<td width=\"302\">Sizes<\/td>\n<td width=\"302\">Universal<\/td>\n<\/tr>\n<tr>\n<td width=\"302\">Fashion<\/td>\n<td width=\"302\">Matched<\/td>\n<\/tr>\n<tr>\n<td width=\"302\">Material<\/td>\n<td width=\"302\">95 % Polyester 5% Elastane<\/td>\n<\/tr>\n<\/tbody>\n<\/table>\n<p>&nbsp;<\/p>\n<p>&nbsp;<\/p>\n<p style=\"text-align: center;\">The model has\u00a0<strong>166<\/strong>\u00a0cm tall, he wears it every day\u00a0<strong>size S.<\/strong><\/p>\n<p style=\"text-align: center;\">","protected":false},"excerpt":{"rendered":"<p>Top Koronkowy Czarny Tamsen &nbsp; Top koronkowy w kolorze czarnym,\u00a0to niezwyk\u0142y model, w kt\u00f3rym poczujesz si\u0119 bardzo kobieco. \u015awietnie prezentuje si\u0119 z naszymi modelami\u00a0 spodni z wysokim stanem. Ca\u0142o\u015b\u0107 bluzki wykonana jest z wysokiej jako\u015bci lekkiej koronki, dodatkowo bluzeczka posiada usztywnienia ba biust.\u00a0 Z ty\u0142u bluzka ma zmys\u0142owe wyci\u0119cie, kt\u00f3re podkre\u015bli plecy. Pod biustem oraz<\/p>\n<div class=\"klb-readmore post-buttons\"><a class=\"button black outline size-sm\" href=\"https:\/\/madelinefashion.pl\/en\/product\/top-koronkowy-czarny-tamsen\/\">Read More <i class=\"klbth-icon-right-arrow\"><\/i><\/a><\/div>","protected":false},"featured_media":5939,"template":"","meta":[],"product_brand":[],"product_cat":[77],"product_tag":[292],"class_list":{"0":"post-5940","1":"product","2":"type-product","3":"status-publish","4":"has-post-thumbnail","6":"product_cat-bluzki","7":"product_tag-topy","9":"first","10":"instock","11":"sale","12":"purchasable","13":"product-type-simple"},"_links":{"self":[{"href":"https:\/\/madelinefashion.pl\/en\/wp-json\/wp\/v2\/product\/5940","targetHints":{"allow":["GET"]}}],"collection":[{"href":"https:\/\/madelinefashion.pl\/en\/wp-json\/wp\/v2\/product"}],"about":[{"href":"https:\/\/madelinefashion.pl\/en\/wp-json\/wp\/v2\/types\/product"}],"wp:featuredmedia":[{"embeddable":true,"href":"https:\/\/madelinefashion.pl\/en\/wp-json\/wp\/v2\/media\/5939"}],"wp:attachment":[{"href":"https:\/\/madelinefashion.pl\/en\/wp-json\/wp\/v2\/media?parent=5940"}],"wp:term":[{"taxonomy":"product_brand","embeddable":true,"href":"https:\/\/madelinefashion.pl\/en\/wp-json\/wp\/v2\/product_brand?post=5940"},{"taxonomy":"product_cat","embeddable":true,"href":"https:\/\/madelinefashion.pl\/en\/wp-json\/wp\/v2\/product_cat?post=5940"},{"taxonomy":"product_tag","embeddable":true,"href":"https:\/\/madelinefashion.pl\/en\/wp-json\/wp\/v2\/product_tag?post=5940"}],"curies":[{"name":"wp","href":"https:\/\/api.w.org\/{rel}","templated":true}]}}